{"id":705871,"date":"2025-08-27T15:50:29","date_gmt":"2025-08-27T12:50:29","guid":{"rendered":"https:\/\/roveyayinevi.com.tr\/index.php\/urun\/atebetul-hakayik\/"},"modified":"2026-04-06T02:24:34","modified_gmt":"2026-04-05T23:24:34","slug":"atebetul-hakayik","status":"publish","type":"product","link":"https:\/\/roveyayinevi.com.tr\/index.php\/urun\/atebetul-hakayik\/","title":{"rendered":"Atebet\u00fc&#8217;l-Hakay\u0131k"},"content":{"rendered":"<p>Edib Ahmed Y\u00fckneki (yakla\u015f\u0131k 11. yy sonu-12. yy ilk yar\u0131s\u0131): Eserinde ad\u0131n\u0131n Edib Ahmed, do\u011fdu\u011fu yerin Y\u00fcknek, baba ad\u0131n\u0131n Mahmud-\u0131 Y\u00fckneki oldu\u011fu belirtilen \u015fair hakk\u0131nda \u00e7ok az bilgiye eri\u015filebilmi\u015ftir. Arap\u00e7a ve Fars\u00e7a bildi\u011fi tahmin edilmekte, esere sonradan eklendi\u011fi d\u00fc\u015f\u00fcn\u00fclen b\u00f6l\u00fcmde g\u00f6zlerinin g\u00f6rmedi\u011fi s\u00f6ylenmektedir. Do\u011fum ve \u00f6l\u00fcm tarihi gibi Y\u00fcknek ilinin yeri de kesin olarak tespit edilebilmi\u015f de\u011fildir. Yaz\u0131l\u0131 T\u00fcrk edebiyat\u0131n\u0131n ilk d\u00f6neminden g\u00fcn\u00fcm\u00fcze ula\u015fabilmi\u015f az say\u0131da eserden biri olan Atebet\u00fc\u2019l-Hakay\u0131k, Hakaniye leh\u00e7esi de denilen Karahanl\u0131 d\u00f6nemi T\u00fcrk\u00e7esinin nadir \u00f6rneklerindendir ve T\u00fcrk edebiyat\u0131 tarihinde ayr\u0131 bir \u00f6neme sahiptir. Uygur T\u00fcrk\u00e7esi ve aruz \u00f6l\u00e7\u00fcs\u00fcyle yaz\u0131lm\u0131\u015f olan Atebet\u00fc\u2019l-Hakay\u0131k, kolayca anla\u015f\u0131lacak ve ak\u0131lda tutulabilecek \u015fekilde d\u00fczenlenmi\u015f, yazar\u0131 taraf\u0131ndan B\u00fcy\u00fck Emir Dad Sipehsalar Bey\u2019e arma\u011fan edilmi\u015ftir. <\/p>\n","protected":false},"excerpt":{"rendered":"<p>Edib Ahmed Y\u00fckneki (yakla\u015f\u0131k 11. yy sonu-12. yy ilk yar\u0131s\u0131): Eserinde ad\u0131n\u0131n Edib Ahmed, do\u011fdu\u011fu yerin Y\u00fcknek, baba ad\u0131n\u0131n Mahmud-\u0131 Y\u00fckneki oldu\u011fu belirtilen \u015fair hakk\u0131nda \u00e7ok<span class=\"excerpt-hellip\"> [\u2026]<\/span><\/p>\n","protected":false},"featured_media":0,"template":"","meta":{"_monsterinsights_skip_tracking":false,"_monsterinsights_sitenote_active":false,"_monsterinsights_sitenote_note":"","_monsterinsights_sitenote_category":0},"product_brand":[],"product_cat":[20234,12291],"product_tag":[],"class_list":{"0":"post-705871","1":"product","2":"type-product","3":"status-publish","5":"product_cat-divan-edebiyati-halk-edebiyati","6":"product_cat-edebiyat","7":"pa_cilt-ciltsiz","8":"pa_tur-kitap","9":"pa_yayinevi-is-bankasi-kultur-yayinlari","10":"pa_yazar-edib-ahmed-bin-mahmud-yukneki","12":"first","13":"instock","14":"sale","15":"shipping-taxable","16":"purchasable","17":"product-type-simple"},"_links":{"self":[{"href":"https:\/\/roveyayinevi.com.tr\/index.php\/wp-json\/wp\/v2\/product\/705871","targetHints":{"allow":["GET"]}}],"collection":[{"href":"https:\/\/roveyayinevi.com.tr\/index.php\/wp-json\/wp\/v2\/product"}],"about":[{"href":"https:\/\/roveyayinevi.com.tr\/index.php\/wp-json\/wp\/v2\/types\/product"}],"wp:attachment":[{"href":"https:\/\/roveyayinevi.com.tr\/index.php\/wp-json\/wp\/v2\/media?parent=705871"}],"wp:term":[{"taxonomy":"product_brand","embeddable":true,"href":"https:\/\/roveyayinevi.com.tr\/index.php\/wp-json\/wp\/v2\/product_brand?post=705871"},{"taxonomy":"product_cat","embeddable":true,"href":"https:\/\/roveyayinevi.com.tr\/index.php\/wp-json\/wp\/v2\/product_cat?post=705871"},{"taxonomy":"product_tag","embeddable":true,"href":"https:\/\/roveyayinevi.com.tr\/index.php\/wp-json\/wp\/v2\/product_tag?post=705871"}],"curies":[{"name":"wp","href":"https:\/\/api.w.org\/{rel}","templated":true}]}}