{"id":705870,"date":"2025-08-27T15:50:29","date_gmt":"2025-08-27T12:50:29","guid":{"rendered":"https:\/\/roveyayinevi.com.tr\/index.php\/urun\/islamiyetten-once-turklerde-kultur-ve-muzik\/"},"modified":"2026-04-16T02:14:31","modified_gmt":"2026-04-15T23:14:31","slug":"islamiyetten-once-turklerde-kultur-ve-muzik","status":"publish","type":"product","link":"https:\/\/roveyayinevi.com.tr\/index.php\/urun\/islamiyetten-once-turklerde-kultur-ve-muzik\/","title":{"rendered":"\u0130slamiyet&#8217;ten \u00d6nce T\u00fcrklerde K\u00fclt\u00fcr ve M\u00fczik"},"content":{"rendered":"<p>T\u00fcrk sanat\u0131 ve T\u00fcrk m\u00fczi\u011finin ilk tohumlar\u0131 da Orta Asya T\u00fcrk K\u00fclt\u00fcr\u00fc i\u00e7inde at\u0131lm\u0131\u015ft\u0131r. Sadece T\u00fcrk tarihi i\u00e7in de\u011fil, d\u00fcnya tarihi ve k\u00fclt\u00fcr\u00fc i\u00e7in de Orta Asya T\u00fcrk devletleri b\u00fcy\u00fck bir \u00f6neme sahiptir. Feyzan G\u00f6her Vural\u2019\u0131n b\u00fcy\u00fck bir titizlikle kaleme ald\u0131\u011f\u0131 bu kitap, \u0130slamiyet\u2019ten \u00f6nce Orta Asya\u2019da kurulmu\u015f \u00f6nemli devletlerin k\u00fclt\u00fcr ve sanat \u00fcr\u00fcnlerini toplu halde sunmak, bu unsurlarla T\u00fcrk m\u00fczi\u011finin ili\u015fkisini ortaya koymak ve \u00fczerine pek fazla \u00e7al\u0131\u015fma yap\u0131lmam\u0131\u015f olan Asya Hunlar\u0131, K\u00f6k T\u00fcrkler ve Uygurlar\u0131n m\u00fczi\u011fi hakk\u0131nda, tarih\u00ee belgelere dayanarak saptamalar yapmak \u00fczere yaz\u0131lm\u0131\u015ft\u0131r. T\u00fcrk varl\u0131k ve k\u00fclt\u00fcr\u00fcn\u00fcn filizlendi\u011fi co\u011fraf\u00ee mekan olan Orta Asya\u2019da \u201cm\u00fczik\u201din olu\u015fumu ve geli\u015fimi \u00fczerine yap\u0131lan ara\u015ft\u0131rmalar son derece s\u0131n\u0131rl\u0131d\u0131r. Yap\u0131lan ara\u015ft\u0131rmalar istisnalar haricinde- genellikle tarih bilimcilerin eserlerinde yer almakta ve ancak bamba\u015fka konu ba\u015fl\u0131klar\u0131n\u0131n i\u00e7erisinde da\u011f\u0131n\u0131k \u015fekilde bulunabilmektedir. Bu kitapta ise, bir m\u00fczik ara\u015ft\u0131rmac\u0131s\u0131 g\u00f6z\u00fcyle, Orta Asya k\u00fclt\u00fcr \u00fcr\u00fcnleri incelenmeye \u00e7al\u0131\u015f\u0131lm\u0131\u015ft\u0131r. Kitab\u0131n bir di\u011fer \u00f6nemli \u00f6zelli\u011fi ise yaz\u0131l\u0131 bilgi ve belgelerin d\u0131\u015f\u0131nda, T\u00fcrk k\u00fclt\u00fcr\u00fc ve m\u00fczi\u011fine ili\u015fkin arkeolojik bulgular\u0131n yerlerinde tahlil edilmesi ve ki\u015fisel g\u00f6r\u00fc\u015fmeler neticesinde elde edilen bulgulara da yer verilmi\u015f olmas\u0131d\u0131r. \ufffcTan\u0131t\u0131m Metni<\/p>\n","protected":false},"excerpt":{"rendered":"<p>T\u00fcrk sanat\u0131 ve T\u00fcrk m\u00fczi\u011finin ilk tohumlar\u0131 da Orta Asya T\u00fcrk K\u00fclt\u00fcr\u00fc i\u00e7inde at\u0131lm\u0131\u015ft\u0131r. Sadece T\u00fcrk tarihi i\u00e7in de\u011fil, d\u00fcnya tarihi ve k\u00fclt\u00fcr\u00fc i\u00e7in de Orta<span class=\"excerpt-hellip\"> [\u2026]<\/span><\/p>\n","protected":false},"featured_media":0,"template":"","meta":{"_monsterinsights_skip_tracking":false,"_monsterinsights_sitenote_active":false,"_monsterinsights_sitenote_note":"","_monsterinsights_sitenote_category":0},"product_brand":[],"product_cat":[12304,13650],"product_tag":[],"class_list":{"0":"post-705870","1":"product","2":"type-product","3":"status-publish","5":"product_cat-tarih","6":"product_cat-turk-tarihi-arastirmalari","7":"pa_tur-kitap","8":"pa_yayinevi-otuken-nesriyat","9":"pa_yazar-feyzan-goher-vural","11":"first","12":"instock","13":"sale","14":"shipping-taxable","15":"purchasable","16":"product-type-simple"},"_links":{"self":[{"href":"https:\/\/roveyayinevi.com.tr\/index.php\/wp-json\/wp\/v2\/product\/705870","targetHints":{"allow":["GET"]}}],"collection":[{"href":"https:\/\/roveyayinevi.com.tr\/index.php\/wp-json\/wp\/v2\/product"}],"about":[{"href":"https:\/\/roveyayinevi.com.tr\/index.php\/wp-json\/wp\/v2\/types\/product"}],"wp:attachment":[{"href":"https:\/\/roveyayinevi.com.tr\/index.php\/wp-json\/wp\/v2\/media?parent=705870"}],"wp:term":[{"taxonomy":"product_brand","embeddable":true,"href":"https:\/\/roveyayinevi.com.tr\/index.php\/wp-json\/wp\/v2\/product_brand?post=705870"},{"taxonomy":"product_cat","embeddable":true,"href":"https:\/\/roveyayinevi.com.tr\/index.php\/wp-json\/wp\/v2\/product_cat?post=705870"},{"taxonomy":"product_tag","embeddable":true,"href":"https:\/\/roveyayinevi.com.tr\/index.php\/wp-json\/wp\/v2\/product_tag?post=705870"}],"curies":[{"name":"wp","href":"https:\/\/api.w.org\/{rel}","templated":true}]}}