{"id":705869,"date":"2025-08-27T15:50:29","date_gmt":"2025-08-27T12:50:29","guid":{"rendered":"https:\/\/roveyayinevi.com.tr\/index.php\/urun\/yevgeniy-onegin\/"},"modified":"2026-04-16T02:14:31","modified_gmt":"2026-04-15T23:14:31","slug":"yevgeniy-onegin","status":"publish","type":"product","link":"https:\/\/roveyayinevi.com.tr\/index.php\/urun\/yevgeniy-onegin\/","title":{"rendered":"Yevgeniy Onegin"},"content":{"rendered":"<p>Rus\u00e7a\u2019n\u0131n b\u00fcy\u00fck \u015fairlerinden Pu\u015fkin\u2019in ba\u015fyap\u0131t\u0131 Yevgeniy Onegin 1825-1832 y\u0131llar\u0131 aras\u0131nda kaleme al\u0131nd\u0131. Pu\u015fkin bir dostuna yazd\u0131\u011f\u0131 mektupta yap\u0131t\u0131n\u0131 \u201c\u015fiir-roman\u201d diye tan\u0131ml\u0131yordu. Belinski taraf\u0131ndan \u201cTam anlam\u0131yla tarihsel ve ola\u011fan\u00fcst\u00fc bir yap\u0131t\u201d ve Dostoyevski taraf\u0131ndan \u201ce\u015fsiz ve \u00f6l\u00fcms\u00fcz bir \u015fiir\u201d olarak nitelenen Yevgeniy Onegin, d\u00fcnya edebiyat tarihinde sars\u0131lmaz bir yere sahiptir. <\/p>\n","protected":false},"excerpt":{"rendered":"<p>Rus\u00e7a\u2019n\u0131n b\u00fcy\u00fck \u015fairlerinden Pu\u015fkin\u2019in ba\u015fyap\u0131t\u0131 Yevgeniy Onegin 1825-1832 y\u0131llar\u0131 aras\u0131nda kaleme al\u0131nd\u0131. Pu\u015fkin bir dostuna yazd\u0131\u011f\u0131 mektupta yap\u0131t\u0131n\u0131 \u201c\u015fiir-roman\u201d diye tan\u0131ml\u0131yordu. Belinski taraf\u0131ndan \u201cTam anlam\u0131yla tarihsel<span class=\"excerpt-hellip\"> [\u2026]<\/span><\/p>\n","protected":false},"featured_media":0,"template":"","meta":{"_monsterinsights_skip_tracking":false,"_monsterinsights_sitenote_active":false,"_monsterinsights_sitenote_note":"","_monsterinsights_sitenote_category":0},"product_brand":[],"product_cat":[12291,12509],"product_tag":[],"class_list":{"0":"post-705869","1":"product","2":"type-product","3":"status-publish","5":"product_cat-edebiyat","6":"product_cat-siir","7":"pa_cilt-ciltsiz","8":"pa_tur-kitap","9":"pa_yayinevi-ayrinti-yayinlari","10":"pa_yazar-aleksandr-sergeyevic-puskin","12":"first","13":"instock","14":"sale","15":"shipping-taxable","16":"purchasable","17":"product-type-simple"},"_links":{"self":[{"href":"https:\/\/roveyayinevi.com.tr\/index.php\/wp-json\/wp\/v2\/product\/705869","targetHints":{"allow":["GET"]}}],"collection":[{"href":"https:\/\/roveyayinevi.com.tr\/index.php\/wp-json\/wp\/v2\/product"}],"about":[{"href":"https:\/\/roveyayinevi.com.tr\/index.php\/wp-json\/wp\/v2\/types\/product"}],"wp:attachment":[{"href":"https:\/\/roveyayinevi.com.tr\/index.php\/wp-json\/wp\/v2\/media?parent=705869"}],"wp:term":[{"taxonomy":"product_brand","embeddable":true,"href":"https:\/\/roveyayinevi.com.tr\/index.php\/wp-json\/wp\/v2\/product_brand?post=705869"},{"taxonomy":"product_cat","embeddable":true,"href":"https:\/\/roveyayinevi.com.tr\/index.php\/wp-json\/wp\/v2\/product_cat?post=705869"},{"taxonomy":"product_tag","embeddable":true,"href":"https:\/\/roveyayinevi.com.tr\/index.php\/wp-json\/wp\/v2\/product_tag?post=705869"}],"curies":[{"name":"wp","href":"https:\/\/api.w.org\/{rel}","templated":true}]}}