{"id":705868,"date":"2025-08-27T15:50:28","date_gmt":"2025-08-27T12:50:28","guid":{"rendered":"https:\/\/roveyayinevi.com.tr\/index.php\/urun\/aforizmalar-3\/"},"modified":"2026-04-16T02:14:31","modified_gmt":"2026-04-15T23:14:31","slug":"aforizmalar-3","status":"publish","type":"product","link":"https:\/\/roveyayinevi.com.tr\/index.php\/urun\/aforizmalar-3\/","title":{"rendered":"Aforizmalar"},"content":{"rendered":"<p>Koslu Hippokrates (M\u00d6 460-370): T\u0131bb\u0131 bat\u0131l inan\u00e7lar\u0131n g\u00f6lgesinden kurtar\u0131p akli temellere dayal\u0131 bir sanata d\u00f6n\u00fc\u015ft\u00fcrm\u00fc\u015f, b\u00f6ylece \u201ct\u0131bb\u0131n babas\u0131\u201d olarak tarihe ge\u00e7meyi ba\u015farm\u0131\u015ft\u0131r. Ortaya koydu\u011fu anlay\u0131\u015f zaman i\u00e7inde de\u011fi\u015fik toplum ve k\u00fclt\u00fcrlerce benimsenmi\u015f, hatta Galenos (MS 2. yy.) arac\u0131l\u0131\u011f\u0131yla Bat\u0131 ve \u0130slam orta\u00e7a\u011flar\u0131na aktar\u0131larak \u00e7a\u011fda\u015f bilimin temellerinin at\u0131ld\u0131\u011f\u0131 18. y\u00fczy\u0131la de\u011fin etkisini s\u00fcrd\u00fcrm\u00fc\u015ft\u00fcr. Kendisine atfedilen Hippokrates K\u00fclliyat\u0131 adl\u0131 derleme, insan\u0131n v\u00fccut yap\u0131s\u0131ndan hastal\u0131klar\u0131n nedenlerine, hatta uygulamada g\u00f6zetilecek teknik kurallar ile ahlaki d\u00fcsturlara kadar pek \u00e7ok konuya de\u011finen yakla\u015f\u0131k altm\u0131\u015f metinden olu\u015fmakta ve t\u0131p konusunda antik\u00e7a\u011fdan g\u00fcn\u00fcm\u00fcze ula\u015fan derli toplu en temel kaynak olma niteli\u011fini ta\u015f\u0131maktad\u0131r. Bu derlemenin g\u00f6zbebe\u011fi say\u0131lan, y\u00fczy\u0131llar boyu hekimlerin ellerinden d\u00fc\u015f\u00fcrmedi\u011fi Aforizmalar ise t\u0131p tarihinde \u00e7\u0131\u011f\u0131r a\u00e7an Hippokrates\u2019in t\u0131p anlay\u0131\u015f\u0131na aralanan bir kap\u0131d\u0131r. \ufffcTan\u0131t\u0131m Metni<\/p>\n","protected":false},"excerpt":{"rendered":"<p>Koslu Hippokrates (M\u00d6 460-370): T\u0131bb\u0131 bat\u0131l inan\u00e7lar\u0131n g\u00f6lgesinden kurtar\u0131p akli temellere dayal\u0131 bir sanata d\u00f6n\u00fc\u015ft\u00fcrm\u00fc\u015f, b\u00f6ylece \u201ct\u0131bb\u0131n babas\u0131\u201d olarak tarihe ge\u00e7meyi ba\u015farm\u0131\u015ft\u0131r. Ortaya koydu\u011fu anlay\u0131\u015f zaman<span class=\"excerpt-hellip\"> [\u2026]<\/span><\/p>\n","protected":false},"featured_media":0,"template":"","meta":{"_monsterinsights_skip_tracking":false,"_monsterinsights_sitenote_active":false,"_monsterinsights_sitenote_note":"","_monsterinsights_sitenote_category":0},"product_brand":[],"product_cat":[12777,12291],"product_tag":[],"class_list":{"0":"post-705868","1":"product","2":"type-product","3":"status-publish","5":"product_cat-deneme","6":"product_cat-edebiyat","7":"pa_cilt-ciltsiz","8":"pa_tur-kitap","9":"pa_yayinevi-is-bankasi-kultur-yayinlari","10":"pa_yazar-hippokrates","12":"first","13":"instock","14":"sale","15":"shipping-taxable","16":"purchasable","17":"product-type-simple"},"_links":{"self":[{"href":"https:\/\/roveyayinevi.com.tr\/index.php\/wp-json\/wp\/v2\/product\/705868","targetHints":{"allow":["GET"]}}],"collection":[{"href":"https:\/\/roveyayinevi.com.tr\/index.php\/wp-json\/wp\/v2\/product"}],"about":[{"href":"https:\/\/roveyayinevi.com.tr\/index.php\/wp-json\/wp\/v2\/types\/product"}],"wp:attachment":[{"href":"https:\/\/roveyayinevi.com.tr\/index.php\/wp-json\/wp\/v2\/media?parent=705868"}],"wp:term":[{"taxonomy":"product_brand","embeddable":true,"href":"https:\/\/roveyayinevi.com.tr\/index.php\/wp-json\/wp\/v2\/product_brand?post=705868"},{"taxonomy":"product_cat","embeddable":true,"href":"https:\/\/roveyayinevi.com.tr\/index.php\/wp-json\/wp\/v2\/product_cat?post=705868"},{"taxonomy":"product_tag","embeddable":true,"href":"https:\/\/roveyayinevi.com.tr\/index.php\/wp-json\/wp\/v2\/product_tag?post=705868"}],"curies":[{"name":"wp","href":"https:\/\/api.w.org\/{rel}","templated":true}]}}