{"id":705865,"date":"2025-08-27T15:50:27","date_gmt":"2025-08-27T12:50:27","guid":{"rendered":"https:\/\/roveyayinevi.com.tr\/index.php\/urun\/huzursuz-periler\/"},"modified":"2026-04-16T02:14:31","modified_gmt":"2026-04-15T23:14:31","slug":"huzursuz-periler","status":"publish","type":"product","link":"https:\/\/roveyayinevi.com.tr\/index.php\/urun\/huzursuz-periler\/","title":{"rendered":"Huzursuz Periler"},"content":{"rendered":"<p>Hayat\u0131 yazmaya onu, ille de dile d\u00f6kmeye \u00e7al\u0131\u015fan bir kad\u0131n\u0131n \u00f6yk\u00fcs\u00fc anlat\u0131l\u0131yor. Daha ilk sayfada kendi yolunu bulmaya, d\u00fcnyada kendisi olarak ya\u015famaya azmetmi\u015f bir kad\u0131n kahraman \u00e7\u0131kar kar\u015f\u0131m\u0131za, kararl\u0131 oldu\u011fu kadar \u00fcrkek de olan bir kad\u0131n. Ge\u00e7mi\u015fin ve bug\u00fcn\u00fcn kopmu\u015f par\u00e7alar\u0131n\u0131, kelimelerle birle\u015ftirmeye \u00e7al\u0131\u015f\u0131rken bir ba\u015fka y\u00fczy\u0131ldan bir ba\u015fka kad\u0131n\u0131n kelimeleriyle kar\u015f\u0131la\u015f\u0131r. Manevi a\u00e7\u0131dan tam bir d\u00f6n\u00fcm noktas\u0131d\u0131r bu. \u0130nsan yaln\u0131z de\u011fildir! \u00c7ekti\u011fi ac\u0131lar ge\u00e7mi\u015fte ba\u015fkalar\u0131 taraf\u0131ndan da \u00e7ekilmi\u015ftir, kurdu\u011fu hayaller ba\u015fkalar\u0131 taraf\u0131ndan da kurulmu\u015ftur. Ge\u00e7mi\u015f ve bug\u00fcn, kad\u0131nlar\u0131n h\u00fczn\u00fcyle birle\u015fir ama deneyimler her defas\u0131nda ac\u0131ya galebe \u00e7alar. Her durumda kad\u0131n kendi \u00f6yk\u00fcs\u00fcn\u00fc yazar ve kendi \u201c\u00f6yk\u00fcs\u00fcnde ya\u015flan\u0131r.\u201d Bug\u00fcn, yar\u0131n ve daima&#8230; <\/p>\n","protected":false},"excerpt":{"rendered":"<p>Hayat\u0131 yazmaya onu, ille de dile d\u00f6kmeye \u00e7al\u0131\u015fan bir kad\u0131n\u0131n \u00f6yk\u00fcs\u00fc anlat\u0131l\u0131yor. Daha ilk sayfada kendi yolunu bulmaya, d\u00fcnyada kendisi olarak ya\u015famaya azmetmi\u015f bir kad\u0131n kahraman<span class=\"excerpt-hellip\"> [\u2026]<\/span><\/p>\n","protected":false},"featured_media":0,"template":"","meta":{"_monsterinsights_skip_tracking":false,"_monsterinsights_sitenote_active":false,"_monsterinsights_sitenote_note":"","_monsterinsights_sitenote_category":0},"product_brand":[],"product_cat":[12291,12711],"product_tag":[],"class_list":{"0":"post-705865","1":"product","2":"type-product","3":"status-publish","5":"product_cat-edebiyat","6":"product_cat-roman-oyku","7":"pa_cilt-ciltsiz","8":"pa_tur-kitap","9":"pa_yayinevi-ayrinti-yayinlari","10":"pa_yazar-ozlem-narin-yilmaz","12":"first","13":"instock","14":"sale","15":"shipping-taxable","16":"purchasable","17":"product-type-simple"},"_links":{"self":[{"href":"https:\/\/roveyayinevi.com.tr\/index.php\/wp-json\/wp\/v2\/product\/705865","targetHints":{"allow":["GET"]}}],"collection":[{"href":"https:\/\/roveyayinevi.com.tr\/index.php\/wp-json\/wp\/v2\/product"}],"about":[{"href":"https:\/\/roveyayinevi.com.tr\/index.php\/wp-json\/wp\/v2\/types\/product"}],"wp:attachment":[{"href":"https:\/\/roveyayinevi.com.tr\/index.php\/wp-json\/wp\/v2\/media?parent=705865"}],"wp:term":[{"taxonomy":"product_brand","embeddable":true,"href":"https:\/\/roveyayinevi.com.tr\/index.php\/wp-json\/wp\/v2\/product_brand?post=705865"},{"taxonomy":"product_cat","embeddable":true,"href":"https:\/\/roveyayinevi.com.tr\/index.php\/wp-json\/wp\/v2\/product_cat?post=705865"},{"taxonomy":"product_tag","embeddable":true,"href":"https:\/\/roveyayinevi.com.tr\/index.php\/wp-json\/wp\/v2\/product_tag?post=705865"}],"curies":[{"name":"wp","href":"https:\/\/api.w.org\/{rel}","templated":true}]}}