{"id":705863,"date":"2025-08-27T15:50:26","date_gmt":"2025-08-27T12:50:26","guid":{"rendered":"https:\/\/roveyayinevi.com.tr\/index.php\/urun\/titan-arum-etkisi-cerenin-tuhaf-maceralari-2\/"},"modified":"2026-04-16T02:14:31","modified_gmt":"2026-04-15T23:14:31","slug":"titan-arum-etkisi-cerenin-tuhaf-maceralari-2","status":"publish","type":"product","link":"https:\/\/roveyayinevi.com.tr\/index.php\/urun\/titan-arum-etkisi-cerenin-tuhaf-maceralari-2\/","title":{"rendered":"Titan Arum Etkisi &#8211; Ceren&#8217;in Tuhaf Maceralar\u0131 2"},"content":{"rendered":"<p>Ceren, yaz tatilinde en yakin arkadasi Derin ve siniflarinin yaramaziAcar ile Meteor Yaz Kampi\u2019na gitmisti.Orada d\u00fcnyayi ele ge\u00e7irmeye \u00e7alisan ve k\u00f6t\u00fcl\u00fckle beslenen uzaylilari, arkadaslariyla birlik olup iyiligin g\u00fcc\u00fcyle yenmislerdi. Yasadiklari bu nefes kesen maceranin etkisini hen\u00fcz \u00fczerlerinden atamadan yaz tatili sona ermis, okula geri d\u00f6nm\u00fcslerdi.Yeni fen \u00f6gretmenleri Atom Fuat\u2019tan okullarinda bir bilim senligi d\u00fczenlenecegini \u00f6grenen Ceren, Derin ve Acar, siniflarindaki diger arkadaslariyla birlikte deney \u00e7alismalari yapmaya basliyor. Sinifta gruplara ayrilip deneyleriyle ilgilenen \u00e7ocuklar arasinda, okullarina yeni gelen \u00fc\u00e7 \u00f6grenci de var. Bu \u00fc\u00e7 \u00e7ocukta bir gariplik oldugunu d\u00fcs\u00fcnen Ceren\u2019in bir fikri var ama bir t\u00fcrl\u00fc emin olamiyor. Senlik g\u00fcn\u00fc gelip \u00e7attiginda ise her sey ortaya \u00e7ikiyor! \ufffcTan\u0131t\u0131m Metni<\/p>\n","protected":false},"excerpt":{"rendered":"<p>Ceren, yaz tatilinde en yakin arkadasi Derin ve siniflarinin yaramaziAcar ile Meteor Yaz Kampi\u2019na gitmisti.Orada d\u00fcnyayi ele ge\u00e7irmeye \u00e7alisan ve k\u00f6t\u00fcl\u00fckle beslenen uzaylilari, arkadaslariyla birlik olup<span class=\"excerpt-hellip\"> [\u2026]<\/span><\/p>\n","protected":false},"featured_media":0,"template":"","meta":{"_monsterinsights_skip_tracking":false,"_monsterinsights_sitenote_active":false,"_monsterinsights_sitenote_note":"","_monsterinsights_sitenote_category":0},"product_brand":[],"product_cat":[12275,12274],"product_tag":[],"class_list":{"0":"post-705863","1":"product","2":"type-product","3":"status-publish","5":"product_cat-6-12-yas-kitaplari","6":"product_cat-cocuk-ve-genclik-kitaplari","7":"pa_cilt-ciltsiz","8":"pa_tur-kitap","9":"pa_yayinevi-kirmizi-kedi-yayinevi","10":"pa_yazar-zeynep-erdal","12":"first","13":"instock","14":"sale","15":"shipping-taxable","16":"purchasable","17":"product-type-simple"},"_links":{"self":[{"href":"https:\/\/roveyayinevi.com.tr\/index.php\/wp-json\/wp\/v2\/product\/705863","targetHints":{"allow":["GET"]}}],"collection":[{"href":"https:\/\/roveyayinevi.com.tr\/index.php\/wp-json\/wp\/v2\/product"}],"about":[{"href":"https:\/\/roveyayinevi.com.tr\/index.php\/wp-json\/wp\/v2\/types\/product"}],"wp:attachment":[{"href":"https:\/\/roveyayinevi.com.tr\/index.php\/wp-json\/wp\/v2\/media?parent=705863"}],"wp:term":[{"taxonomy":"product_brand","embeddable":true,"href":"https:\/\/roveyayinevi.com.tr\/index.php\/wp-json\/wp\/v2\/product_brand?post=705863"},{"taxonomy":"product_cat","embeddable":true,"href":"https:\/\/roveyayinevi.com.tr\/index.php\/wp-json\/wp\/v2\/product_cat?post=705863"},{"taxonomy":"product_tag","embeddable":true,"href":"https:\/\/roveyayinevi.com.tr\/index.php\/wp-json\/wp\/v2\/product_tag?post=705863"}],"curies":[{"name":"wp","href":"https:\/\/api.w.org\/{rel}","templated":true}]}}