{"id":705862,"date":"2025-08-27T15:50:26","date_gmt":"2025-08-27T12:50:26","guid":{"rendered":"https:\/\/roveyayinevi.com.tr\/index.php\/urun\/roma-kartallarin-imparatorlugu\/"},"modified":"2026-04-16T02:14:31","modified_gmt":"2026-04-15T23:14:31","slug":"roma-kartallarin-imparatorlugu","status":"publish","type":"product","link":"https:\/\/roveyayinevi.com.tr\/index.php\/urun\/roma-kartallarin-imparatorlugu\/","title":{"rendered":"Roma: Kartallar\u0131n \u0130mparatorlu\u011fu"},"content":{"rendered":"<p>Pek \u00e7ok ki\u015fi bir uygarl\u0131k modeli olarak Roma \u0130mparatorlu\u011fu&#8217;na hayranl\u0131k duyar. NeilFaulkner, bu \u00e7al\u0131\u015fmas\u0131nda, asl\u0131nda Roma \u0130mparatorlu\u011fu&#8217;nun ac\u0131mas\u0131z bir soygun ve \u015fiddetmekanizmas\u0131na dayand\u0131\u011f\u0131n\u0131 ileri s\u00fcr\u00fcyor. Sava\u015f; devleti, h\u00e2kim s\u0131n\u0131f\u0131 ve g\u00f6zde yanda\u015fgruplar\u0131n\u0131 zenginle\u015ftirmek i\u00e7in kullan\u0131l\u0131yordu ve bu sava\u015flarda da k\u00f6lele\u015ftirilmi\u015fti.Roma \u0130mparatorlu\u011fu&#8217;nda devlet ve toprak sahibi h\u00e2kim s\u0131n\u0131f, ordular\u0131n\u0131, \u015fehirlerini vem\u00fclklerini finanse etmek i\u00e7in k\u0131rdan vergi ve rant bi\u00e7iminde art\u0131k \u00e7ekiyordu. Kitleler -k\u00f6leler, serfler, yoksul k\u00f6yl\u00fcler- imparatorlu\u011fu ayakta tutan s\u00f6m\u00fcr\u00fcn\u00fcn kurbanlar\u0131yd\u0131.Gerilimler ve \u00f6rt\u00fck ihtilaflarla delik de\u015fik olan bu sistem, en ba\u015f\u0131ndan itibaren kendika\u00e7\u0131n\u0131lmaz sonunun tohumlar\u0131n\u0131 da i\u00e7inde ta\u015f\u0131yorduKartallar\u0131n \u0130mparatorlu\u011fu, k\u00fc\u00e7\u00fck bir toplulu\u011fun d\u00fcnya tarihinin en \u00f6nemliimparatorluklar\u0131ndan biri haline geli\u015finin ve kendi yaratt\u0131\u011f\u0131 \u015fiddet ve kan deryas\u0131ndabo\u011fulmas\u0131n\u0131n hik\u00e2yesini etkileyici bir ustal\u0131kla anlat\u0131yor. Bunu yaparken, kurbanlar\u0131nhik\u00e2yelerine hak etti\u011fi sayg\u0131y\u0131 g\u00f6stermekten de ka\u00e7\u0131nm\u0131yor. <\/p>\n","protected":false},"excerpt":{"rendered":"<p>Pek \u00e7ok ki\u015fi bir uygarl\u0131k modeli olarak Roma \u0130mparatorlu\u011fu&#8217;na hayranl\u0131k duyar. NeilFaulkner, bu \u00e7al\u0131\u015fmas\u0131nda, asl\u0131nda Roma \u0130mparatorlu\u011fu&#8217;nun ac\u0131mas\u0131z bir soygun ve \u015fiddetmekanizmas\u0131na dayand\u0131\u011f\u0131n\u0131 ileri s\u00fcr\u00fcyor. Sava\u015f;<span class=\"excerpt-hellip\"> [\u2026]<\/span><\/p>\n","protected":false},"featured_media":0,"template":"","meta":{"_monsterinsights_skip_tracking":false,"_monsterinsights_sitenote_active":false,"_monsterinsights_sitenote_note":"","_monsterinsights_sitenote_category":0},"product_brand":[],"product_cat":[13590,12337],"product_tag":[],"class_list":{"0":"post-705862","1":"product","2":"type-product","3":"status-publish","5":"product_cat-arastirma-inceleme-politika-siyaset","6":"product_cat-politika-siyaset","7":"pa_cilt-ciltsiz","8":"pa_tur-kitap","9":"pa_yayinevi-yordam-kitap","10":"pa_yazar-neil-faulkner","12":"first","13":"instock","14":"sale","15":"shipping-taxable","16":"purchasable","17":"product-type-simple"},"_links":{"self":[{"href":"https:\/\/roveyayinevi.com.tr\/index.php\/wp-json\/wp\/v2\/product\/705862","targetHints":{"allow":["GET"]}}],"collection":[{"href":"https:\/\/roveyayinevi.com.tr\/index.php\/wp-json\/wp\/v2\/product"}],"about":[{"href":"https:\/\/roveyayinevi.com.tr\/index.php\/wp-json\/wp\/v2\/types\/product"}],"wp:attachment":[{"href":"https:\/\/roveyayinevi.com.tr\/index.php\/wp-json\/wp\/v2\/media?parent=705862"}],"wp:term":[{"taxonomy":"product_brand","embeddable":true,"href":"https:\/\/roveyayinevi.com.tr\/index.php\/wp-json\/wp\/v2\/product_brand?post=705862"},{"taxonomy":"product_cat","embeddable":true,"href":"https:\/\/roveyayinevi.com.tr\/index.php\/wp-json\/wp\/v2\/product_cat?post=705862"},{"taxonomy":"product_tag","embeddable":true,"href":"https:\/\/roveyayinevi.com.tr\/index.php\/wp-json\/wp\/v2\/product_tag?post=705862"}],"curies":[{"name":"wp","href":"https:\/\/api.w.org\/{rel}","templated":true}]}}