{"id":705858,"date":"2025-08-27T15:50:24","date_gmt":"2025-08-27T12:50:24","guid":{"rendered":"https:\/\/roveyayinevi.com.tr\/index.php\/urun\/otuken-turkce-sozluk-5-cilt-takim-genisletilmis-baski\/"},"modified":"2026-04-16T02:14:31","modified_gmt":"2026-04-15T23:14:31","slug":"otuken-turkce-sozluk-5-cilt-takim-genisletilmis-baski","status":"publish","type":"product","link":"https:\/\/roveyayinevi.com.tr\/index.php\/urun\/otuken-turkce-sozluk-5-cilt-takim-genisletilmis-baski\/","title":{"rendered":"\u00d6t\u00fcken T\u00fcrk\u00e7e S\u00f6zl\u00fck (5 Cilt Tak\u0131m ) (Geni\u015fletilmi\u015f Bask\u0131)"},"content":{"rendered":"<p>Kelime say\u0131s\u0131yla oldu\u011fu kadar i\u00e7eri\u011finde yer alan Osmanl\u0131ca Dizin&#8217;le de T\u00fcrkiye&#8217;de bir ilk olan \u00d6t\u00fcken T\u00fcrk\u00e7e S\u00f6zl\u00fck\u2019\u00fcn geni\u015fletilmi\u015f ve g\u00f6zden ge\u00e7irilmi\u015f yeni bask\u0131s\u0131, 5 ciltten ve 7095 sayfadan olu\u015fuyor. \u00d6t\u00fcken T\u00fcrk\u00e7e S\u00f6zl\u00fck, Ya\u015far \u00c7a\u011fbay\u0131r taraf\u0131ndan, T\u00fcrkiye ve d\u00fcnyada T\u00fcrk diliyle yaz\u0131lm\u0131\u015f &#8220;Atabet\u00fc&#8217;l-Hakay\u0131k\u2019tan \u00e7a\u011fda\u015f edeb\u00ee metinlere kadar yakla\u015f\u0131k 1700\u2019den fazla eserin incelenmesiyle haz\u0131rland\u0131. \u00d6t\u00fcken T\u00fcrk\u00e7e S\u00f6zl\u00fck, T\u00fcrk\u00e7eyi do\u011fru ve etkin kullanmak isteyen ve metin \u00e7al\u0131\u015fmalar\u0131 yapan herkesin elinin alt\u0131nda bulunmas\u0131 gereken kaynak bir eser. S\u00f6zl\u00fckte; G\u00f6kt\u00fcrk, Eski Uygur, Hakaniye, O\u011fuz, Eski Anadolu, Osmanl\u0131, \u00c7a\u011fda\u015f T\u00fcrkiye T\u00fcrk\u00e7esi ile Anadolu, Rumeli, K\u0131br\u0131s ve Kerk\u00fck A\u011f\u0131zlar\u0131&#8217;ndan al\u0131nan kelimeler sadece bug\u00fcnk\u00fc anlamlar\u0131yla de\u011fil, kullan\u0131lmaya ba\u015fland\u0131klar\u0131 ilk d\u00f6nemlerden bug\u00fcne kazand\u0131klar\u0131 b\u00fct\u00fcn anlamlar\u0131yla veriliyor. Osmanl\u0131ca alfabeye g\u00f6re haz\u0131rlanan Dizin sayesinde \u00d6t\u00fcken T\u00fcrk\u00e7e S\u00f6zl\u00fck&#8217;\u00fcn i\u00e7erisinde bulunan Osmanl\u0131 imlas\u0131yla yaz\u0131l\u0131 yakla\u015f\u0131k 130 bin kelime ve T\u00fcrk\u00e7enin farkl\u0131 d\u00f6nemlerinden itibaren kullanmaya ba\u015flad\u0131\u011f\u0131m\u0131z di\u011fer kelimelerle birlikte toplamda 316 bin kelimenin farkl\u0131 okunu\u015f ve anlamlar\u0131na kolayca ula\u015f\u0131labiliyor. S\u00f6zl\u00fck kullan\u0131c\u0131lar\u0131n\u0131n bilgiye daha kolay ve \u00e7abuk ula\u015fabilece\u011fi \u015fekilde haz\u0131rlanan \u00d6t\u00fcken T\u00fcrk\u00e7e S\u00f6zl\u00fck&#8217;te; kelimelerin do\u011fru okunabilmesi i\u00e7in gerekli i\u015faretlemelerle, onun hangi kaynaktan al\u0131nd\u0131\u011f\u0131n\u0131 belirten parantez i\u00e7i a\u00e7\u0131klamalar da yer al\u0131yor. Bunun d\u0131\u015f\u0131nda, s\u00f6zl\u00fc\u011f\u00fcn birinci cildinin sonunda yer alan \u00fcyelik \u015fifresiyle www.otukensozluk.com adresine \u00fcye olan s\u00f6zl\u00fck sahipleri dilerlerse bilgisayarlar\u0131ndan, tabletlerinden ve cep telefonlar\u0131ndan bile s\u00f6zl\u00fc\u011fe s\u0131n\u0131rs\u0131z eri\u015fim hakk\u0131 elde edebiliyorlar. <\/p>\n","protected":false},"excerpt":{"rendered":"<p>Kelime say\u0131s\u0131yla oldu\u011fu kadar i\u00e7eri\u011finde yer alan Osmanl\u0131ca Dizin&#8217;le de T\u00fcrkiye&#8217;de bir ilk olan \u00d6t\u00fcken T\u00fcrk\u00e7e S\u00f6zl\u00fck\u2019\u00fcn geni\u015fletilmi\u015f ve g\u00f6zden ge\u00e7irilmi\u015f yeni bask\u0131s\u0131, 5 ciltten ve<span class=\"excerpt-hellip\"> [\u2026]<\/span><\/p>\n","protected":false},"featured_media":0,"template":"","meta":{"_monsterinsights_skip_tracking":false,"_monsterinsights_sitenote_active":false,"_monsterinsights_sitenote_note":"","_monsterinsights_sitenote_category":0},"product_brand":[],"product_cat":[12566,13611,19496],"product_tag":[],"class_list":{"0":"post-705858","1":"product","2":"type-product","3":"status-publish","5":"product_cat-egitim","6":"product_cat-sozlukler-ve-konusma-kilavuzlari","7":"product_cat-turkce-sozlukler","8":"pa_cilt-ciltli","9":"pa_tur-kitap","10":"pa_yayinevi-otuken-nesriyat","11":"pa_yazar-yasar-cagbayir","13":"first","14":"instock","15":"sale","16":"shipping-taxable","17":"purchasable","18":"product-type-simple"},"_links":{"self":[{"href":"https:\/\/roveyayinevi.com.tr\/index.php\/wp-json\/wp\/v2\/product\/705858","targetHints":{"allow":["GET"]}}],"collection":[{"href":"https:\/\/roveyayinevi.com.tr\/index.php\/wp-json\/wp\/v2\/product"}],"about":[{"href":"https:\/\/roveyayinevi.com.tr\/index.php\/wp-json\/wp\/v2\/types\/product"}],"wp:attachment":[{"href":"https:\/\/roveyayinevi.com.tr\/index.php\/wp-json\/wp\/v2\/media?parent=705858"}],"wp:term":[{"taxonomy":"product_brand","embeddable":true,"href":"https:\/\/roveyayinevi.com.tr\/index.php\/wp-json\/wp\/v2\/product_brand?post=705858"},{"taxonomy":"product_cat","embeddable":true,"href":"https:\/\/roveyayinevi.com.tr\/index.php\/wp-json\/wp\/v2\/product_cat?post=705858"},{"taxonomy":"product_tag","embeddable":true,"href":"https:\/\/roveyayinevi.com.tr\/index.php\/wp-json\/wp\/v2\/product_tag?post=705858"}],"curies":[{"name":"wp","href":"https:\/\/api.w.org\/{rel}","templated":true}]}}