{"id":705854,"date":"2025-08-27T15:50:22","date_gmt":"2025-08-27T12:50:22","guid":{"rendered":"https:\/\/roveyayinevi.com.tr\/index.php\/urun\/ayirmaya-degil-birlestirmeye-geldik\/"},"modified":"2026-04-16T02:14:31","modified_gmt":"2026-04-15T23:14:31","slug":"ayirmaya-degil-birlestirmeye-geldik","status":"publish","type":"product","link":"https:\/\/roveyayinevi.com.tr\/index.php\/urun\/ayirmaya-degil-birlestirmeye-geldik\/","title":{"rendered":"Ay\u0131rmaya De\u011fil Birle\u015ftirmeye Geldik"},"content":{"rendered":"<p>\u0130ki g\u00f6z\u00fcm\u00fcz var ama bir g\u00f6r\u00fcr\u00fcz. <\/p>\n","protected":false},"excerpt":{"rendered":"<p>\u0130ki g\u00f6z\u00fcm\u00fcz var ama bir g\u00f6r\u00fcr\u00fcz.<\/p>\n","protected":false},"featured_media":0,"template":"","meta":{"_monsterinsights_skip_tracking":false,"_monsterinsights_sitenote_active":false,"_monsterinsights_sitenote_note":"","_monsterinsights_sitenote_category":0},"product_brand":[],"product_cat":[12718,12719,12720],"product_tag":[],"class_list":{"0":"post-705854","1":"product","2":"type-product","3":"status-publish","5":"product_cat-din","6":"product_cat-islam","7":"product_cat-tasavvuf-mezhepler-tarikatlar","8":"pa_cilt-ciltsiz","9":"pa_tur-kitap","10":"pa_yayinevi-timas-yayinlari","11":"pa_yazar-mahmud-erol-kilic","13":"first","14":"instock","15":"sale","16":"shipping-taxable","17":"purchasable","18":"product-type-simple"},"_links":{"self":[{"href":"https:\/\/roveyayinevi.com.tr\/index.php\/wp-json\/wp\/v2\/product\/705854","targetHints":{"allow":["GET"]}}],"collection":[{"href":"https:\/\/roveyayinevi.com.tr\/index.php\/wp-json\/wp\/v2\/product"}],"about":[{"href":"https:\/\/roveyayinevi.com.tr\/index.php\/wp-json\/wp\/v2\/types\/product"}],"wp:attachment":[{"href":"https:\/\/roveyayinevi.com.tr\/index.php\/wp-json\/wp\/v2\/media?parent=705854"}],"wp:term":[{"taxonomy":"product_brand","embeddable":true,"href":"https:\/\/roveyayinevi.com.tr\/index.php\/wp-json\/wp\/v2\/product_brand?post=705854"},{"taxonomy":"product_cat","embeddable":true,"href":"https:\/\/roveyayinevi.com.tr\/index.php\/wp-json\/wp\/v2\/product_cat?post=705854"},{"taxonomy":"product_tag","embeddable":true,"href":"https:\/\/roveyayinevi.com.tr\/index.php\/wp-json\/wp\/v2\/product_tag?post=705854"}],"curies":[{"name":"wp","href":"https:\/\/api.w.org\/{rel}","templated":true}]}}