{"id":705849,"date":"2025-08-27T15:50:20","date_gmt":"2025-08-27T12:50:20","guid":{"rendered":"https:\/\/roveyayinevi.com.tr\/index.php\/urun\/bozbidik-ozgun-bir-esek-destani\/"},"modified":"2026-04-07T02:21:09","modified_gmt":"2026-04-06T23:21:09","slug":"bozbidik-ozgun-bir-esek-destani","status":"publish","type":"product","link":"https:\/\/roveyayinevi.com.tr\/index.php\/urun\/bozbidik-ozgun-bir-esek-destani\/","title":{"rendered":"Bozb\u0131d\u0131k &#8211; \u00d6zg\u00fcn Bir E\u015fek Destan\u0131"},"content":{"rendered":"<p>Bozb\u0131d\u0131k, k\u00fc\u00e7\u00fck bir e\u015fek, do\u011fumundan ba\u015flayarak do\u011fada ya\u015fam sava\u015f\u0131m\u0131 veren, inanc\u0131n\u0131 hi\u00e7 yitirmeden sevgiye, dostlu\u011fa do\u011fru y\u0131lmadan ko\u015fan sevimli bir varl\u0131k&#8230; \ufffcTan\u0131t\u0131m Metni<\/p>\n","protected":false},"excerpt":{"rendered":"<p>Bozb\u0131d\u0131k, k\u00fc\u00e7\u00fck bir e\u015fek, do\u011fumundan ba\u015flayarak do\u011fada ya\u015fam sava\u015f\u0131m\u0131 veren, inanc\u0131n\u0131 hi\u00e7 yitirmeden sevgiye, dostlu\u011fa do\u011fru y\u0131lmadan ko\u015fan sevimli bir varl\u0131k&#8230; \ufffcTan\u0131t\u0131m Metni<\/p>\n","protected":false},"featured_media":0,"template":"","meta":{"_monsterinsights_skip_tracking":false,"_monsterinsights_sitenote_active":false,"_monsterinsights_sitenote_note":"","_monsterinsights_sitenote_category":0},"product_brand":[],"product_cat":[12274,12284],"product_tag":[],"class_list":{"0":"post-705849","1":"product","2":"type-product","3":"status-publish","5":"product_cat-cocuk-ve-genclik-kitaplari","6":"product_cat-hikayeler","7":"pa_tur-kitap","8":"pa_yayinevi-boyalikus-yayinlari","9":"pa_yazar-erol-buyukmeric","11":"first","12":"instock","13":"sale","14":"shipping-taxable","15":"purchasable","16":"product-type-simple"},"_links":{"self":[{"href":"https:\/\/roveyayinevi.com.tr\/index.php\/wp-json\/wp\/v2\/product\/705849","targetHints":{"allow":["GET"]}}],"collection":[{"href":"https:\/\/roveyayinevi.com.tr\/index.php\/wp-json\/wp\/v2\/product"}],"about":[{"href":"https:\/\/roveyayinevi.com.tr\/index.php\/wp-json\/wp\/v2\/types\/product"}],"wp:attachment":[{"href":"https:\/\/roveyayinevi.com.tr\/index.php\/wp-json\/wp\/v2\/media?parent=705849"}],"wp:term":[{"taxonomy":"product_brand","embeddable":true,"href":"https:\/\/roveyayinevi.com.tr\/index.php\/wp-json\/wp\/v2\/product_brand?post=705849"},{"taxonomy":"product_cat","embeddable":true,"href":"https:\/\/roveyayinevi.com.tr\/index.php\/wp-json\/wp\/v2\/product_cat?post=705849"},{"taxonomy":"product_tag","embeddable":true,"href":"https:\/\/roveyayinevi.com.tr\/index.php\/wp-json\/wp\/v2\/product_tag?post=705849"}],"curies":[{"name":"wp","href":"https:\/\/api.w.org\/{rel}","templated":true}]}}