{"id":705845,"date":"2025-08-27T15:50:18","date_gmt":"2025-08-27T12:50:18","guid":{"rendered":"https:\/\/roveyayinevi.com.tr\/index.php\/urun\/bosnakca-dil-kartlari\/"},"modified":"2026-04-16T02:14:31","modified_gmt":"2026-04-15T23:14:31","slug":"bosnakca-dil-kartlari","status":"publish","type":"product","link":"https:\/\/roveyayinevi.com.tr\/index.php\/urun\/bosnakca-dil-kartlari\/","title":{"rendered":"Bo\u015fnak\u00e7a Dil Kartlar\u0131"},"content":{"rendered":"<p>Bu \u00e7al\u0131\u015fma; \u00d6zet gramer, genel ifadeler ve s\u0131k kullan\u0131lan kelimelerden se\u00e7ilen s\u00f6zl\u00fck b\u00f6l\u00fcmlerinden olu\u015fmaktad\u0131r.S\u00f6zc\u00fcklerin anlam\u0131 ve telaffuzu ayn\u0131 numara ile arka sayfada bulunmaktad\u0131r. Bu metotla okuyucunun s\u00f6zc\u00fck da\u011farc\u0131\u011f\u0131n\u0131 zenginle\u015ftirmek ama\u00e7lanmaktad\u0131r. <\/p>\n","protected":false},"excerpt":{"rendered":"<p>Bu \u00e7al\u0131\u015fma; \u00d6zet gramer, genel ifadeler ve s\u0131k kullan\u0131lan kelimelerden se\u00e7ilen s\u00f6zl\u00fck b\u00f6l\u00fcmlerinden olu\u015fmaktad\u0131r.S\u00f6zc\u00fcklerin anlam\u0131 ve telaffuzu ayn\u0131 numara ile arka sayfada bulunmaktad\u0131r. Bu metotla okuyucunun<span class=\"excerpt-hellip\"> [\u2026]<\/span><\/p>\n","protected":false},"featured_media":0,"template":"","meta":{"_monsterinsights_skip_tracking":false,"_monsterinsights_sitenote_active":false,"_monsterinsights_sitenote_note":"","_monsterinsights_sitenote_category":0},"product_brand":[],"product_cat":[25522,14597,12566],"product_tag":[],"class_list":{"0":"post-705845","1":"product","2":"type-product","3":"status-publish","5":"product_cat-diger-diller","6":"product_cat-dil-ogrenimi","7":"product_cat-egitim","8":"pa_cilt-ciltsiz","9":"pa_tur-kitap10","10":"pa_yayinevi-delta-kultur-yayinevi","11":"pa_yazar-dijana-karapirim","13":"first","14":"instock","15":"sale","16":"shipping-taxable","17":"purchasable","18":"product-type-simple"},"_links":{"self":[{"href":"https:\/\/roveyayinevi.com.tr\/index.php\/wp-json\/wp\/v2\/product\/705845","targetHints":{"allow":["GET"]}}],"collection":[{"href":"https:\/\/roveyayinevi.com.tr\/index.php\/wp-json\/wp\/v2\/product"}],"about":[{"href":"https:\/\/roveyayinevi.com.tr\/index.php\/wp-json\/wp\/v2\/types\/product"}],"wp:attachment":[{"href":"https:\/\/roveyayinevi.com.tr\/index.php\/wp-json\/wp\/v2\/media?parent=705845"}],"wp:term":[{"taxonomy":"product_brand","embeddable":true,"href":"https:\/\/roveyayinevi.com.tr\/index.php\/wp-json\/wp\/v2\/product_brand?post=705845"},{"taxonomy":"product_cat","embeddable":true,"href":"https:\/\/roveyayinevi.com.tr\/index.php\/wp-json\/wp\/v2\/product_cat?post=705845"},{"taxonomy":"product_tag","embeddable":true,"href":"https:\/\/roveyayinevi.com.tr\/index.php\/wp-json\/wp\/v2\/product_tag?post=705845"}],"curies":[{"name":"wp","href":"https:\/\/api.w.org\/{rel}","templated":true}]}}