{"id":705844,"date":"2025-08-27T15:50:18","date_gmt":"2025-08-27T12:50:18","guid":{"rendered":"https:\/\/roveyayinevi.com.tr\/index.php\/urun\/akademik-aklin-elestirisi\/"},"modified":"2026-04-16T02:14:31","modified_gmt":"2026-04-15T23:14:31","slug":"akademik-aklin-elestirisi","status":"publish","type":"product","link":"https:\/\/roveyayinevi.com.tr\/index.php\/urun\/akademik-aklin-elestirisi\/","title":{"rendered":"Akademik Akl\u0131n Ele\u015ftirisi"},"content":{"rendered":"<p>K\u0131rk y\u0131ll\u0131k ara\u015ft\u0131rmalar\u0131n\u0131n sentez ve de\u011ferlendirmesini ger\u00e7ekle\u015ftirdi\u011fi Akademik Akl\u0131n Ele\u015ftirisi\u2019nde Pierre Bourdieu sosyoloji teorisi, tarih bilgisi ve felsefi d\u00fc\u015f\u00fcnceyi harmanl\u0131yor.Bourdieu tart\u0131\u015fmaya akademik akl\u0131n g\u00f6rmezden geldi\u011fi temel \u00f6nko\u015fulla ba\u015fl\u0131yor: Bat\u0131 dillerinde okul anlam\u0131na gelen s\u00f6zc\u00fcklerin ve \u201cskolastik\u201din k\u00f6keni olan skhole, yani bo\u015f zaman. \u0130nsan \u00fcst\u00fcne d\u00fc\u015f\u00fcnen filozoflar ve genel olarak \u201cskolastik e\u011filim\u201d, d\u00fc\u015f\u00fcnmek i\u00e7in bo\u015f zamana sahip olmak gerekti\u011fini ak\u0131llar\u0131na getirmezler. Akademik akl\u0131n felsefi antropolojide yapt\u0131\u011f\u0131 bu manidar ihmalin vahim sonu\u00e7lar\u0131 vard\u0131r. Bourdieu ele\u015ftiri oklar\u0131n\u0131 akademik akl\u0131n kendisine oldu\u011fu kadar, \u201cskolastik e\u011filim\u201din d\u0131\u015f\u0131nda olanlar hakk\u0131nda y\u00fcr\u00fctt\u00fc\u011f\u00fc spek\u00fclasyonlara da y\u00f6neltir: Kendini \u00f6zg\u00fcr sanan ve ne yapt\u0131\u011f\u0131n\u0131 bilen \u201c\u00f6zne\u201d varsay\u0131m\u0131n\u0131 k\u0131yas\u0131ya sorgularken, meslek ya\u015fam\u0131 boyunca yapt\u0131\u011f\u0131 \u00e7al\u0131\u015fmalar\u0131n alt\u0131nda yatan alternatif insan tasavvurunu sistemli bir \u015fekilde sergiliyor. Pascal\u2019\u0131n yan\u0131 s\u0131ra Wittgenstein, Austin ve Dewey gibi \u201csapk\u0131n\u201d filozoflar e\u015fli\u011finde ger\u00e7ekle\u015fen bu serimlemede simgesel \u015fiddet, iktidar, \u00e7\u0131kar, zaman, tarih, evrensellik ve varolu\u015fun sosyolojik a\u00e7\u0131dan amac\u0131 gibi temalar yeni bir bak\u0131\u015fla ele al\u0131n\u0131yor.Sosyal bilimler ve felsefeyle ilgilenenlerin ilgiyle okuyaca\u011f\u0131n\u0131 d\u00fc\u015f\u00fcnd\u00fc\u011f\u00fcm\u00fcz sars\u0131c\u0131 ve bir o kadar g\u00fczel bir kitap. <\/p>\n","protected":false},"excerpt":{"rendered":"<p>K\u0131rk y\u0131ll\u0131k ara\u015ft\u0131rmalar\u0131n\u0131n sentez ve de\u011ferlendirmesini ger\u00e7ekle\u015ftirdi\u011fi Akademik Akl\u0131n Ele\u015ftirisi\u2019nde Pierre Bourdieu sosyoloji teorisi, tarih bilgisi ve felsefi d\u00fc\u015f\u00fcnceyi harmanl\u0131yor.Bourdieu tart\u0131\u015fmaya akademik akl\u0131n g\u00f6rmezden geldi\u011fi temel<span class=\"excerpt-hellip\"> [\u2026]<\/span><\/p>\n","protected":false},"featured_media":0,"template":"","meta":{"_monsterinsights_skip_tracking":false,"_monsterinsights_sitenote_active":false,"_monsterinsights_sitenote_note":"","_monsterinsights_sitenote_category":0},"product_brand":[],"product_cat":[20351,12388],"product_tag":[],"class_list":{"0":"post-705844","1":"product","2":"type-product","3":"status-publish","5":"product_cat-dusunce","6":"product_cat-felsefe","7":"pa_cilt-ciltsiz","8":"pa_tur-kitap","9":"pa_yayinevi-metis-yayinlari","10":"pa_yazar-pierre-bourdieu","12":"first","13":"instock","14":"sale","15":"shipping-taxable","16":"purchasable","17":"product-type-simple"},"_links":{"self":[{"href":"https:\/\/roveyayinevi.com.tr\/index.php\/wp-json\/wp\/v2\/product\/705844","targetHints":{"allow":["GET"]}}],"collection":[{"href":"https:\/\/roveyayinevi.com.tr\/index.php\/wp-json\/wp\/v2\/product"}],"about":[{"href":"https:\/\/roveyayinevi.com.tr\/index.php\/wp-json\/wp\/v2\/types\/product"}],"wp:attachment":[{"href":"https:\/\/roveyayinevi.com.tr\/index.php\/wp-json\/wp\/v2\/media?parent=705844"}],"wp:term":[{"taxonomy":"product_brand","embeddable":true,"href":"https:\/\/roveyayinevi.com.tr\/index.php\/wp-json\/wp\/v2\/product_brand?post=705844"},{"taxonomy":"product_cat","embeddable":true,"href":"https:\/\/roveyayinevi.com.tr\/index.php\/wp-json\/wp\/v2\/product_cat?post=705844"},{"taxonomy":"product_tag","embeddable":true,"href":"https:\/\/roveyayinevi.com.tr\/index.php\/wp-json\/wp\/v2\/product_tag?post=705844"}],"curies":[{"name":"wp","href":"https:\/\/api.w.org\/{rel}","templated":true}]}}