{"id":705840,"date":"2025-08-27T15:50:16","date_gmt":"2025-08-27T12:50:16","guid":{"rendered":"https:\/\/roveyayinevi.com.tr\/index.php\/urun\/populer-fen-ses-ve-isik\/"},"modified":"2026-04-16T02:14:31","modified_gmt":"2026-04-15T23:14:31","slug":"populer-fen-ses-ve-isik","status":"publish","type":"product","link":"https:\/\/roveyayinevi.com.tr\/index.php\/urun\/populer-fen-ses-ve-isik\/","title":{"rendered":"Pop\u00fcler Fen &#8211; Ses ve I\u015f\u0131k"},"content":{"rendered":"<p>Fen Bilimleri&#8217;nin t\u00fcm konular\u0131n\u0131 g\u00fcnl\u00fck hayatta s\u0131k\u00e7a kar\u015f\u0131la\u015ft\u0131\u011f\u0131m\u0131z \u00f6rnekleriyle \u00f6\u011frenmeye haz\u0131r m\u0131s\u0131n\u0131z? Bol espirili sempatik karakterleriyle 3,4 ve 5. s\u0131n\u0131f Fen Bilgisi konular\u0131n\u0131 anlatan bu kitaplara bay\u0131lacaks\u0131n\u0131z. Okurken yer yer kahkahalar ataca\u011f\u0131n\u0131z ama b\u00fct\u00fcn konular\u0131 mant\u0131\u011f\u0131yla sa\u011flam bir \u015fekilde \u00f6\u011frenece\u011finiz Pop\u00fcler Fen kitaplar\u0131 okuma, \u00f6\u011frenme iste\u011finizi keyifli bir s\u00fcrece d\u00f6n\u00fc\u015ft\u00fcrecek.<\/p>\n","protected":false},"excerpt":{"rendered":"<p>Fen Bilimleri&#8217;nin t\u00fcm konular\u0131n\u0131 g\u00fcnl\u00fck hayatta s\u0131k\u00e7a kar\u015f\u0131la\u015ft\u0131\u011f\u0131m\u0131z \u00f6rnekleriyle \u00f6\u011frenmeye haz\u0131r m\u0131s\u0131n\u0131z? Bol espirili sempatik karakterleriyle 3,4 ve 5. s\u0131n\u0131f Fen Bilgisi konular\u0131n\u0131 anlatan bu kitaplara<span class=\"excerpt-hellip\"> [\u2026]<\/span><\/p>\n","protected":false},"featured_media":0,"template":"","meta":{"_monsterinsights_skip_tracking":false,"_monsterinsights_sitenote_active":false,"_monsterinsights_sitenote_note":"","_monsterinsights_sitenote_category":0},"product_brand":[],"product_cat":[13829,12274],"product_tag":[],"class_list":{"0":"post-705840","1":"product","2":"type-product","3":"status-publish","5":"product_cat-bilimsel-kitaplar","6":"product_cat-cocuk-ve-genclik-kitaplari","7":"pa_cilt-ciltsiz","8":"pa_tur-kitap","9":"pa_yayinevi-timas-cocuk","10":"pa_yazar-sibel-celik","12":"first","13":"instock","14":"sale","15":"shipping-taxable","16":"purchasable","17":"product-type-simple"},"_links":{"self":[{"href":"https:\/\/roveyayinevi.com.tr\/index.php\/wp-json\/wp\/v2\/product\/705840","targetHints":{"allow":["GET"]}}],"collection":[{"href":"https:\/\/roveyayinevi.com.tr\/index.php\/wp-json\/wp\/v2\/product"}],"about":[{"href":"https:\/\/roveyayinevi.com.tr\/index.php\/wp-json\/wp\/v2\/types\/product"}],"wp:attachment":[{"href":"https:\/\/roveyayinevi.com.tr\/index.php\/wp-json\/wp\/v2\/media?parent=705840"}],"wp:term":[{"taxonomy":"product_brand","embeddable":true,"href":"https:\/\/roveyayinevi.com.tr\/index.php\/wp-json\/wp\/v2\/product_brand?post=705840"},{"taxonomy":"product_cat","embeddable":true,"href":"https:\/\/roveyayinevi.com.tr\/index.php\/wp-json\/wp\/v2\/product_cat?post=705840"},{"taxonomy":"product_tag","embeddable":true,"href":"https:\/\/roveyayinevi.com.tr\/index.php\/wp-json\/wp\/v2\/product_tag?post=705840"}],"curies":[{"name":"wp","href":"https:\/\/api.w.org\/{rel}","templated":true}]}}