{"id":705838,"date":"2025-08-27T15:50:15","date_gmt":"2025-08-27T12:50:15","guid":{"rendered":"https:\/\/roveyayinevi.com.tr\/index.php\/urun\/deniz-feneri-3\/"},"modified":"2026-04-08T02:19:24","modified_gmt":"2026-04-07T23:19:24","slug":"deniz-feneri-3","status":"publish","type":"product","link":"https:\/\/roveyayinevi.com.tr\/index.php\/urun\/deniz-feneri-3\/","title":{"rendered":"Deniz Feneri"},"content":{"rendered":"<p>\u0130deal bir kad\u0131n olma, e\u015f olma, anne olma s\u00fcrecinin modern \u00f6znede yaratt\u0131\u011f\u0131 sars\u0131c\u0131 d\u00f6n\u00fc\u015f\u00fcmler anlat\u0131l\u0131yor Deniz Feneri\u2019inde. Roman\u0131n esas karakterlerinden biri olan Bayan Ramsay, \u00f6zellikle g\u00fcndelik hayat\u0131n kab\u00fbsvari ak\u0131\u015f\u0131 i\u00e7inde bu \u00fc\u00e7 ideali de e\u015fanl\u0131 olarak s\u00fcrd\u00fcrmekle y\u00fck\u00fcml\u00fcd\u00fcr. \u0130dealin \u015fart ko\u015ftu\u011fu canl\u0131l\u0131k, i\u00e7tenlik, sevecenlik, tutumluluk, \u00fcretkenlik, besleyicilik gibi haller hayat t\u00fcketicidir asl\u0131nda. Ama Virginia Woolf, estetik ve politik temsil d\u00fczleminde bu t\u00fcketici nitelikleri tersine \u00e7evirir ve her durumda hayat\u0131n olumlanmas\u0131ndan, d\u00f6n\u00fc\u015ft\u00fcr\u00fclerek devam ettirilmesinden yana atar zar\u0131n\u0131. Yirminci y\u00fczy\u0131l\u0131n ba\u015f yap\u0131tlar\u0131ndan olan Deniz Feneri ayn\u0131 zamanda \u00fctopik bir karaktere de sahip: D\u00fcnya karanl\u0131k da olsa, ac\u0131lar ve kasvetler sevin\u00e7lerin \u00f6n\u00fcne ge\u00e7iyor da olsa, \u201cfener\u201d oradad\u0131r, \u0131\u015f\u0131k oradad\u0131r; \u00f6l\u00fcm ve a\u015fk geriliminde ibreyi a\u015fktan yana b\u00fcker Woolf, ihtiyatla: <\/p>\n","protected":false},"excerpt":{"rendered":"<p>\u0130deal bir kad\u0131n olma, e\u015f olma, anne olma s\u00fcrecinin modern \u00f6znede yaratt\u0131\u011f\u0131 sars\u0131c\u0131 d\u00f6n\u00fc\u015f\u00fcmler anlat\u0131l\u0131yor Deniz Feneri\u2019inde. Roman\u0131n esas karakterlerinden biri olan Bayan Ramsay, \u00f6zellikle g\u00fcndelik<span class=\"excerpt-hellip\"> [\u2026]<\/span><\/p>\n","protected":false},"featured_media":0,"template":"","meta":{"_monsterinsights_skip_tracking":false,"_monsterinsights_sitenote_active":false,"_monsterinsights_sitenote_note":"","_monsterinsights_sitenote_category":0},"product_brand":[],"product_cat":[12291,12711],"product_tag":[],"class_list":{"0":"post-705838","1":"product","2":"type-product","3":"status-publish","5":"product_cat-edebiyat","6":"product_cat-roman-oyku","7":"pa_cilt-ciltsiz","8":"pa_tur-kitap","9":"pa_yayinevi-ayrinti-yayinlari","10":"pa_yazar-virginia-woolf","12":"first","13":"instock","14":"sale","15":"shipping-taxable","16":"purchasable","17":"product-type-simple"},"_links":{"self":[{"href":"https:\/\/roveyayinevi.com.tr\/index.php\/wp-json\/wp\/v2\/product\/705838","targetHints":{"allow":["GET"]}}],"collection":[{"href":"https:\/\/roveyayinevi.com.tr\/index.php\/wp-json\/wp\/v2\/product"}],"about":[{"href":"https:\/\/roveyayinevi.com.tr\/index.php\/wp-json\/wp\/v2\/types\/product"}],"wp:attachment":[{"href":"https:\/\/roveyayinevi.com.tr\/index.php\/wp-json\/wp\/v2\/media?parent=705838"}],"wp:term":[{"taxonomy":"product_brand","embeddable":true,"href":"https:\/\/roveyayinevi.com.tr\/index.php\/wp-json\/wp\/v2\/product_brand?post=705838"},{"taxonomy":"product_cat","embeddable":true,"href":"https:\/\/roveyayinevi.com.tr\/index.php\/wp-json\/wp\/v2\/product_cat?post=705838"},{"taxonomy":"product_tag","embeddable":true,"href":"https:\/\/roveyayinevi.com.tr\/index.php\/wp-json\/wp\/v2\/product_tag?post=705838"}],"curies":[{"name":"wp","href":"https:\/\/api.w.org\/{rel}","templated":true}]}}