{"id":705837,"date":"2025-08-27T15:50:15","date_gmt":"2025-08-27T12:50:15","guid":{"rendered":"https:\/\/roveyayinevi.com.tr\/index.php\/urun\/national-geographic-kids-hayvanlar-ansiklopedisi\/"},"modified":"2026-04-16T02:14:31","modified_gmt":"2026-04-15T23:14:31","slug":"national-geographic-kids-hayvanlar-ansiklopedisi","status":"publish","type":"product","link":"https:\/\/roveyayinevi.com.tr\/index.php\/urun\/national-geographic-kids-hayvanlar-ansiklopedisi\/","title":{"rendered":"National Geographic Kids Hayvanlar Ansiklopedisi"},"content":{"rendered":"<p>National Geographic\u2019in uzman imzas\u0131n\u0131 ta\u015f\u0131yan bu ansiklopedi, hayvanlara dair yay\u0131nlanan t\u00fcm referans kitaplar\u0131ndan \u00e7ok daha zengin bir i\u00e7eri\u011fe sahip. Her b\u00f6l\u00fcmde yer alan Hayvan Portreleri, Hayvan Rekorlar\u0131 ve Saha \u00c7al\u0131\u015fmalar\u0131 gibi alt ba\u015fl\u0131klarla siz de hayvanlar\u0131, uzman bir k\u00e2\u015fif kadar yak\u0131ndan tan\u0131yabilirsiniz. Memeliler, ku\u015flar, s\u00fcr\u00fcngenler, amfibiler, bal\u0131klar ve omurgas\u0131zlar olarak s\u0131n\u0131fland\u0131r\u0131lan bu hayvanlar krall\u0131\u011f\u0131nda sevdi\u011finiz hayvanlar\u0131n ka\u00e7 y\u0131l ya\u015fad\u0131\u011f\u0131n\u0131, ya\u015fam alanlar\u0131n\u0131, nelerle beslendiklerini \u00f6\u011frenebilirsiniz. \u00c7ocuklar i\u00e7in \u00f6nemli bir referans kitab\u0131 niteli\u011findeki bu ansiklopedi, \u00f6m\u00fcr boyu saklanacak t\u00fcrden, hem e\u011flenmek hem \u00f6\u011frenmek i\u00e7in ba\u015fvurulacak bir kitap. Kal\u0131n kapakl\u0131, reng\u00e2renk \u00f6zel bask\u0131s\u0131yla \u00e7ocuklar\u0131n k\u00fct\u00fcphanesinde ba\u015f k\u00f6\u015feyi hak ediyor. Foto\u011fraflar, Haritalar ve Daha Fazlas\u0131 ile 2500 Hayvan bu kitapta.. <\/p>\n","protected":false},"excerpt":{"rendered":"<p>National Geographic\u2019in uzman imzas\u0131n\u0131 ta\u015f\u0131yan bu ansiklopedi, hayvanlara dair yay\u0131nlanan t\u00fcm referans kitaplar\u0131ndan \u00e7ok daha zengin bir i\u00e7eri\u011fe sahip. Her b\u00f6l\u00fcmde yer alan Hayvan Portreleri, Hayvan<span class=\"excerpt-hellip\"> [\u2026]<\/span><\/p>\n","protected":false},"featured_media":0,"template":"","meta":{"_monsterinsights_skip_tracking":false,"_monsterinsights_sitenote_active":false,"_monsterinsights_sitenote_note":"","_monsterinsights_sitenote_category":0},"product_brand":[],"product_cat":[13829,12274],"product_tag":[],"class_list":{"0":"post-705837","1":"product","2":"type-product","3":"status-publish","5":"product_cat-bilimsel-kitaplar","6":"product_cat-cocuk-ve-genclik-kitaplari","7":"pa_cilt-ciltli","8":"pa_tur-kitap","9":"pa_yayinevi-beta-kids","10":"pa_yazar-nucy-spelman","12":"first","13":"instock","14":"sale","15":"shipping-taxable","16":"purchasable","17":"product-type-simple"},"_links":{"self":[{"href":"https:\/\/roveyayinevi.com.tr\/index.php\/wp-json\/wp\/v2\/product\/705837","targetHints":{"allow":["GET"]}}],"collection":[{"href":"https:\/\/roveyayinevi.com.tr\/index.php\/wp-json\/wp\/v2\/product"}],"about":[{"href":"https:\/\/roveyayinevi.com.tr\/index.php\/wp-json\/wp\/v2\/types\/product"}],"wp:attachment":[{"href":"https:\/\/roveyayinevi.com.tr\/index.php\/wp-json\/wp\/v2\/media?parent=705837"}],"wp:term":[{"taxonomy":"product_brand","embeddable":true,"href":"https:\/\/roveyayinevi.com.tr\/index.php\/wp-json\/wp\/v2\/product_brand?post=705837"},{"taxonomy":"product_cat","embeddable":true,"href":"https:\/\/roveyayinevi.com.tr\/index.php\/wp-json\/wp\/v2\/product_cat?post=705837"},{"taxonomy":"product_tag","embeddable":true,"href":"https:\/\/roveyayinevi.com.tr\/index.php\/wp-json\/wp\/v2\/product_tag?post=705837"}],"curies":[{"name":"wp","href":"https:\/\/api.w.org\/{rel}","templated":true}]}}