{"id":705836,"date":"2025-08-27T15:49:33","date_gmt":"2025-08-27T12:49:33","guid":{"rendered":"https:\/\/roveyayinevi.com.tr\/index.php\/urun\/yazi-bahcesinden\/"},"modified":"2026-04-16T02:14:31","modified_gmt":"2026-04-15T23:14:31","slug":"yazi-bahcesinden","status":"publish","type":"product","link":"https:\/\/roveyayinevi.com.tr\/index.php\/urun\/yazi-bahcesinden\/","title":{"rendered":"Yaz\u0131 Bah\u00e7esinden"},"content":{"rendered":"<p>F\u00fcsun Akatl\u0131, deneme ile ele\u015ftirinin \u00f6rt\u00fc\u015ft\u00fc\u011f\u00fc alanlar\u0131n yazar\u0131. Onu ku\u015fa\u011f\u0131n\u0131n ayr\u0131cal\u0131kl\u0131 bir yazar\u0131 k\u0131lan, ele ald\u0131\u011f\u0131 metni \u00e7ok y\u00f6nl\u00fc ve \u00e7ok katmanl\u0131 okuyabilmesi, di\u011fer metinlerle aras\u0131ndaki ba\u011flant\u0131lar\u0131 kurmas\u0131, g\u00f6r\u00fclmeyeni g\u00f6r\u00fcl\u00fcr k\u0131lmas\u0131. <\/p>\n","protected":false},"excerpt":{"rendered":"<p>F\u00fcsun Akatl\u0131, deneme ile ele\u015ftirinin \u00f6rt\u00fc\u015ft\u00fc\u011f\u00fc alanlar\u0131n yazar\u0131. Onu ku\u015fa\u011f\u0131n\u0131n ayr\u0131cal\u0131kl\u0131 bir yazar\u0131 k\u0131lan, ele ald\u0131\u011f\u0131 metni \u00e7ok y\u00f6nl\u00fc ve \u00e7ok katmanl\u0131 okuyabilmesi, di\u011fer metinlerle aras\u0131ndaki<span class=\"excerpt-hellip\"> [\u2026]<\/span><\/p>\n","protected":false},"featured_media":0,"template":"","meta":{"_monsterinsights_skip_tracking":false,"_monsterinsights_sitenote_active":false,"_monsterinsights_sitenote_note":"","_monsterinsights_sitenote_category":0},"product_brand":[],"product_cat":[12777,12291],"product_tag":[],"class_list":{"0":"post-705836","1":"product","2":"type-product","3":"status-publish","5":"product_cat-deneme","6":"product_cat-edebiyat","7":"pa_tur-kitap","8":"pa_yayinevi-kirmizi-kedi-yayinevi","9":"pa_yazar-fusun-akatli","11":"first","12":"instock","13":"sale","14":"shipping-taxable","15":"purchasable","16":"product-type-simple"},"_links":{"self":[{"href":"https:\/\/roveyayinevi.com.tr\/index.php\/wp-json\/wp\/v2\/product\/705836","targetHints":{"allow":["GET"]}}],"collection":[{"href":"https:\/\/roveyayinevi.com.tr\/index.php\/wp-json\/wp\/v2\/product"}],"about":[{"href":"https:\/\/roveyayinevi.com.tr\/index.php\/wp-json\/wp\/v2\/types\/product"}],"wp:attachment":[{"href":"https:\/\/roveyayinevi.com.tr\/index.php\/wp-json\/wp\/v2\/media?parent=705836"}],"wp:term":[{"taxonomy":"product_brand","embeddable":true,"href":"https:\/\/roveyayinevi.com.tr\/index.php\/wp-json\/wp\/v2\/product_brand?post=705836"},{"taxonomy":"product_cat","embeddable":true,"href":"https:\/\/roveyayinevi.com.tr\/index.php\/wp-json\/wp\/v2\/product_cat?post=705836"},{"taxonomy":"product_tag","embeddable":true,"href":"https:\/\/roveyayinevi.com.tr\/index.php\/wp-json\/wp\/v2\/product_tag?post=705836"}],"curies":[{"name":"wp","href":"https:\/\/api.w.org\/{rel}","templated":true}]}}