{"id":705832,"date":"2025-08-27T15:49:32","date_gmt":"2025-08-27T12:49:32","guid":{"rendered":"https:\/\/roveyayinevi.com.tr\/index.php\/urun\/hala-hayalleri-olanlar-icin-felsefe\/"},"modified":"2026-04-16T02:14:30","modified_gmt":"2026-04-15T23:14:30","slug":"hala-hayalleri-olanlar-icin-felsefe","status":"publish","type":"product","link":"https:\/\/roveyayinevi.com.tr\/index.php\/urun\/hala-hayalleri-olanlar-icin-felsefe\/","title":{"rendered":"Hala Hayalleri Olanlar \u0130\u00e7in Felsefe"},"content":{"rendered":"<p>\u201cS\u0131radan insanlar\u201d da felsefe yapabilir mi? Felsefe yapmak hep uzmanlar\u0131n, akademisyenlerin harc\u0131 m\u0131d\u0131r? S\u0131radan insanlar\u0131n kendi \u201cdeneyimlerini\u201d felsefi bir \u00e7er\u00e7evede ifade etmeleri, ba\u015flar\u0131na gelen olaylara ve olgulara anlam vermeleri \u00e7ok mu gariptir? Hala Hayalleri Olanlar \u0130\u00e7in Felsefe\u2019de, s\u0131radan insanlar\u0131n da felsefe yapma hakk\u0131n\u0131n oldu\u011fu \u00f6ne s\u00fcr\u00fcl\u00fcyor. Uzmanl\u0131\u011f\u0131n ve bilginin \u00f6rd\u00fc\u011f\u00fc duvarlar bir tarafa b\u0131rak\u0131larak, felsefenin geni\u015f kitleler i\u00e7in de elzem oldu\u011funun alt\u0131 \u00e7iziliyor. Bu k\u0131\u015fk\u0131rt\u0131c\u0131 iddiay\u0131 desteklemek i\u00e7in de yirmi be\u015f \u00f6yk\u00fc, daha do\u011frusu yirmi be\u015f farkl\u0131 deneyim \u00fczerinde duruluyor. Okur bu deneyimlerde biraz da kendi hik\u00e2yesini bulup yakal\u0131yor. <\/p>\n","protected":false},"excerpt":{"rendered":"<p>\u201cS\u0131radan insanlar\u201d da felsefe yapabilir mi? Felsefe yapmak hep uzmanlar\u0131n, akademisyenlerin harc\u0131 m\u0131d\u0131r? S\u0131radan insanlar\u0131n kendi \u201cdeneyimlerini\u201d felsefi bir \u00e7er\u00e7evede ifade etmeleri, ba\u015flar\u0131na gelen olaylara ve<span class=\"excerpt-hellip\"> [\u2026]<\/span><\/p>\n","protected":false},"featured_media":0,"template":"","meta":{"_monsterinsights_skip_tracking":false,"_monsterinsights_sitenote_active":false,"_monsterinsights_sitenote_note":"","_monsterinsights_sitenote_category":0},"product_brand":[],"product_cat":[12389,12388],"product_tag":[],"class_list":{"0":"post-705832","1":"product","2":"type-product","3":"status-publish","5":"product_cat-diger-felsefe","6":"product_cat-felsefe","7":"pa_cilt-ciltsiz","8":"pa_tur-kitap","9":"pa_yayinevi-ayrinti-yayinlari","10":"pa_yazar-wolfram-eilenberger","12":"first","13":"instock","14":"sale","15":"shipping-taxable","16":"purchasable","17":"product-type-simple"},"_links":{"self":[{"href":"https:\/\/roveyayinevi.com.tr\/index.php\/wp-json\/wp\/v2\/product\/705832","targetHints":{"allow":["GET"]}}],"collection":[{"href":"https:\/\/roveyayinevi.com.tr\/index.php\/wp-json\/wp\/v2\/product"}],"about":[{"href":"https:\/\/roveyayinevi.com.tr\/index.php\/wp-json\/wp\/v2\/types\/product"}],"wp:attachment":[{"href":"https:\/\/roveyayinevi.com.tr\/index.php\/wp-json\/wp\/v2\/media?parent=705832"}],"wp:term":[{"taxonomy":"product_brand","embeddable":true,"href":"https:\/\/roveyayinevi.com.tr\/index.php\/wp-json\/wp\/v2\/product_brand?post=705832"},{"taxonomy":"product_cat","embeddable":true,"href":"https:\/\/roveyayinevi.com.tr\/index.php\/wp-json\/wp\/v2\/product_cat?post=705832"},{"taxonomy":"product_tag","embeddable":true,"href":"https:\/\/roveyayinevi.com.tr\/index.php\/wp-json\/wp\/v2\/product_tag?post=705832"}],"curies":[{"name":"wp","href":"https:\/\/api.w.org\/{rel}","templated":true}]}}