{"id":705825,"date":"2025-08-27T15:49:29","date_gmt":"2025-08-27T12:49:29","guid":{"rendered":"https:\/\/roveyayinevi.com.tr\/index.php\/urun\/surekli-devrim-teorisi\/"},"modified":"2026-04-16T02:14:30","modified_gmt":"2026-04-15T23:14:30","slug":"surekli-devrim-teorisi","status":"publish","type":"product","link":"https:\/\/roveyayinevi.com.tr\/index.php\/urun\/surekli-devrim-teorisi\/","title":{"rendered":"S\u00fcrekli Devrim Teorisi"},"content":{"rendered":"<p>Michael L\u00f6wy bu kitab\u0131nda, Marksist teorinin yirminci y\u00fczy\u0131lda en fazla tart\u0131\u015f\u0131lan netameli konular\u0131ndan birine el at\u0131yor: \u201cS\u00fcrekli devrim teorisi.\u201d \u00c7a\u011f\u0131m\u0131z\u0131n \u00f6nemli d\u00fc\u015f\u00fcn\u00fcrlerinden biri olan Michael L\u00f6wy, pek \u00e7ok siyasal programa oldu\u011fu kadar bilimsel-akademik \u00e7al\u0131\u015fmalara da konu olan s\u00fcrekli devrim teorisinin tarihsel k\u00f6klerini Karl Marx\u2019tan Rosa Luxemburg\u2019a ve Tro\u00e7ki\u2019ye kadar ayr\u0131nt\u0131l\u0131 bir bi\u00e7imde tart\u0131\u015f\u0131yor. Tart\u0131\u015fmas\u0131n\u0131 yaln\u0131zca k\u0131ta Avrupa\u2019s\u0131 \u00f6l\u00e7e\u011finde de\u011fil, Latin Amerika \u00f6l\u00e7e\u011finde de s\u00fcrd\u00fcr\u00fcrken, Marksist teorinin kendini yeniden de\u011ferlendirmesi gerekti\u011fi \u00fczerinde duran Michael L\u00f6wy, teorinin sistematik ara\u00e7lar\u0131n\u0131n da yeniden g\u00f6zden ge\u00e7irilmesi kanaatinde. Zira s\u00fcrekli devrim teorisi donmu\u015f ve tamamlanm\u0131\u015f bir doktrin de\u011fil, yeniden ve farkl\u0131 \u015fekillerde zenginle\u015ftirilmesi gereken, geli\u015fime a\u00e7\u0131k bir teoridir. Bu teorinin merce\u011finden bak\u0131ld\u0131\u011f\u0131nda yirminci y\u00fczy\u0131l\u0131n toplumsal, siyasal ve iktisadi sorunlar\u0131na nas\u0131l \u00e7\u00f6z\u00fcmler bulunabilir? L\u00f6wy\u2019nin \u00e7al\u0131\u015fmas\u0131n\u0131n \u00f6nemli bir aya\u011f\u0131n\u0131 da i\u015fte bu akt\u00fcel boyut olu\u015fturuyor: Kapitalizmin korkun\u00e7 yay\u0131lmas\u0131 kar\u015f\u0131s\u0131nda ne yap\u0131labilir, pazar ili\u015fkilerinin insani varolu\u015fu ku\u015fatmas\u0131 nas\u0131l durdurulabilir, bunun i\u00e7in hangi ara\u00e7lara sahibiz, daha da \u00f6nemlisi devrim tahayy\u00fcl\u00fcn\u00fc yeniden ve daha g\u00fc\u00e7l\u00fc bir bi\u00e7imde duymam\u0131z m\u00fcmk\u00fcn m\u00fc? Bu gibi pek \u00e7ok sorunun cevab\u0131, elbette ufuk a\u00e7\u0131c\u0131 yeni sorularla birlikte \u00e7al\u0131\u015fman\u0131n esas dokusunu olu\u015fturuyor&#8230; <\/p>\n","protected":false},"excerpt":{"rendered":"<p>Michael L\u00f6wy bu kitab\u0131nda, Marksist teorinin yirminci y\u00fczy\u0131lda en fazla tart\u0131\u015f\u0131lan netameli konular\u0131ndan birine el at\u0131yor: \u201cS\u00fcrekli devrim teorisi.\u201d \u00c7a\u011f\u0131m\u0131z\u0131n \u00f6nemli d\u00fc\u015f\u00fcn\u00fcrlerinden biri olan Michael L\u00f6wy,<span class=\"excerpt-hellip\"> [\u2026]<\/span><\/p>\n","protected":false},"featured_media":0,"template":"","meta":{"_monsterinsights_skip_tracking":false,"_monsterinsights_sitenote_active":false,"_monsterinsights_sitenote_note":"","_monsterinsights_sitenote_category":0},"product_brand":[],"product_cat":[13590,12337],"product_tag":[],"class_list":{"0":"post-705825","1":"product","2":"type-product","3":"status-publish","5":"product_cat-arastirma-inceleme-politika-siyaset","6":"product_cat-politika-siyaset","7":"pa_cilt-ciltsiz","8":"pa_tur-kitap","9":"pa_yayinevi-ayrinti-yayinlari","10":"pa_yazar-michael-lowy","12":"first","13":"instock","14":"sale","15":"shipping-taxable","16":"purchasable","17":"product-type-simple"},"_links":{"self":[{"href":"https:\/\/roveyayinevi.com.tr\/index.php\/wp-json\/wp\/v2\/product\/705825","targetHints":{"allow":["GET"]}}],"collection":[{"href":"https:\/\/roveyayinevi.com.tr\/index.php\/wp-json\/wp\/v2\/product"}],"about":[{"href":"https:\/\/roveyayinevi.com.tr\/index.php\/wp-json\/wp\/v2\/types\/product"}],"wp:attachment":[{"href":"https:\/\/roveyayinevi.com.tr\/index.php\/wp-json\/wp\/v2\/media?parent=705825"}],"wp:term":[{"taxonomy":"product_brand","embeddable":true,"href":"https:\/\/roveyayinevi.com.tr\/index.php\/wp-json\/wp\/v2\/product_brand?post=705825"},{"taxonomy":"product_cat","embeddable":true,"href":"https:\/\/roveyayinevi.com.tr\/index.php\/wp-json\/wp\/v2\/product_cat?post=705825"},{"taxonomy":"product_tag","embeddable":true,"href":"https:\/\/roveyayinevi.com.tr\/index.php\/wp-json\/wp\/v2\/product_tag?post=705825"}],"curies":[{"name":"wp","href":"https:\/\/api.w.org\/{rel}","templated":true}]}}