{"id":705824,"date":"2025-08-27T15:49:28","date_gmt":"2025-08-27T12:49:28","guid":{"rendered":"https:\/\/roveyayinevi.com.tr\/index.php\/urun\/aceleci-orumcek-merakli-salsal-1\/"},"modified":"2026-04-16T02:14:30","modified_gmt":"2026-04-15T23:14:30","slug":"aceleci-orumcek-merakli-salsal-1","status":"publish","type":"product","link":"https:\/\/roveyayinevi.com.tr\/index.php\/urun\/aceleci-orumcek-merakli-salsal-1\/","title":{"rendered":"Aceleci \u00d6r\u00fcmcek &#8211; Merakl\u0131 Salsal 1"},"content":{"rendered":"<p>Salyangoz Salsal karde\u015fi, annesi ve babas\u0131yla yemye\u015fil bir ormanda ya\u015f\u0131yor. Biraz saf, biraz merakl\u0131&#8230; Bazen muz\u0131r, bazen \u00e7ok uslu&#8230; Yani t\u00fcm minik salyangozlar gibi&#8230; Ara\u015ft\u0131rmay\u0131 \u00e7ok seviyor, hayat\u0131 yeni yeni \u00f6\u011freniyor. Bu kitaplarda Salsal&#8217;\u0131n yaramazl\u0131klar\u0131na, deneyimlerine, \u00f6\u011frendiklerine \u015fahit olacaks\u0131n\u0131z. Onun saf sorular\u0131, endi\u015feleri, arkada\u015flar\u0131yla ya\u015fad\u0131\u011f\u0131 maceralar hepinizi \u00e7ok e\u011flendirecek! S\u0131ms\u0131cak \u00f6yk\u00fcleri ve e\u011flenceli \u00e7izimleri ile \u00e7ocuklar\u0131n keyifle okuyacaklar\u0131 bu dizi, her kitab\u0131n sonunda yer alan peki\u015ftirici etkinlikler ile e\u011fitimciler i\u00e7inde kaynak niteli\u011fi ta\u015f\u0131yor. <\/p>\n","protected":false},"excerpt":{"rendered":"<p>Salyangoz Salsal karde\u015fi, annesi ve babas\u0131yla yemye\u015fil bir ormanda ya\u015f\u0131yor. Biraz saf, biraz merakl\u0131&#8230; Bazen muz\u0131r, bazen \u00e7ok uslu&#8230; Yani t\u00fcm minik salyangozlar gibi&#8230; Ara\u015ft\u0131rmay\u0131 \u00e7ok<span class=\"excerpt-hellip\"> [\u2026]<\/span><\/p>\n","protected":false},"featured_media":0,"template":"","meta":{"_monsterinsights_skip_tracking":false,"_monsterinsights_sitenote_active":false,"_monsterinsights_sitenote_note":"","_monsterinsights_sitenote_category":0},"product_brand":[],"product_cat":[12274,12284],"product_tag":[],"class_list":{"0":"post-705824","1":"product","2":"type-product","3":"status-publish","5":"product_cat-cocuk-ve-genclik-kitaplari","6":"product_cat-hikayeler","7":"pa_cilt-ciltsiz","8":"pa_tur-kitap","9":"pa_yayinevi-timas-cocuk","10":"pa_yazar-asiye-asli-aslaner","12":"first","13":"instock","14":"sale","15":"shipping-taxable","16":"purchasable","17":"product-type-simple"},"_links":{"self":[{"href":"https:\/\/roveyayinevi.com.tr\/index.php\/wp-json\/wp\/v2\/product\/705824","targetHints":{"allow":["GET"]}}],"collection":[{"href":"https:\/\/roveyayinevi.com.tr\/index.php\/wp-json\/wp\/v2\/product"}],"about":[{"href":"https:\/\/roveyayinevi.com.tr\/index.php\/wp-json\/wp\/v2\/types\/product"}],"wp:attachment":[{"href":"https:\/\/roveyayinevi.com.tr\/index.php\/wp-json\/wp\/v2\/media?parent=705824"}],"wp:term":[{"taxonomy":"product_brand","embeddable":true,"href":"https:\/\/roveyayinevi.com.tr\/index.php\/wp-json\/wp\/v2\/product_brand?post=705824"},{"taxonomy":"product_cat","embeddable":true,"href":"https:\/\/roveyayinevi.com.tr\/index.php\/wp-json\/wp\/v2\/product_cat?post=705824"},{"taxonomy":"product_tag","embeddable":true,"href":"https:\/\/roveyayinevi.com.tr\/index.php\/wp-json\/wp\/v2\/product_tag?post=705824"}],"curies":[{"name":"wp","href":"https:\/\/api.w.org\/{rel}","templated":true}]}}