{"id":705813,"date":"2025-08-27T15:49:23","date_gmt":"2025-08-27T12:49:23","guid":{"rendered":"https:\/\/roveyayinevi.com.tr\/index.php\/urun\/felsefe-tarihi-2-ortacag-felsefesi\/"},"modified":"2026-04-16T02:14:30","modified_gmt":"2026-04-15T23:14:30","slug":"felsefe-tarihi-2-ortacag-felsefesi","status":"publish","type":"product","link":"https:\/\/roveyayinevi.com.tr\/index.php\/urun\/felsefe-tarihi-2-ortacag-felsefesi\/","title":{"rendered":"Felsefe Tarihi 2 &#8211; Orta\u00e7a\u011f Felsefesi"},"content":{"rendered":"<p>Bin y\u0131ll\u0131k bir d\u00f6neme tekab\u00fcl eden ve H\u0131ristiyan, \u0130slam, Yahudi ve Bizans felsefelerinden olu\u015fan orta\u00e7a\u011f felsefesi, Tanr\u0131\u2019n\u0131n varl\u0131\u011f\u0131, yarat\u0131l\u0131\u015f\u0131n anlam\u0131 ve insan\u0131n do\u011fas\u0131 gibi konular\u0131 irdeler. Ahmet Cevizci, ilk H\u0131ristiyan apolojistlerinden ba\u015flayarak patristik felsefeyi, skolastik felsefeyi ve \u0130slam felsefesini derinlemesine incelemi\u015f, d\u00f6nemi bir b\u00fct\u00fcn olarak ele alm\u0131\u015ft\u0131r. <\/p>\n","protected":false},"excerpt":{"rendered":"<p>Bin y\u0131ll\u0131k bir d\u00f6neme tekab\u00fcl eden ve H\u0131ristiyan, \u0130slam, Yahudi ve Bizans felsefelerinden olu\u015fan orta\u00e7a\u011f felsefesi, Tanr\u0131\u2019n\u0131n varl\u0131\u011f\u0131, yarat\u0131l\u0131\u015f\u0131n anlam\u0131 ve insan\u0131n do\u011fas\u0131 gibi konular\u0131 irdeler.<span class=\"excerpt-hellip\"> [\u2026]<\/span><\/p>\n","protected":false},"featured_media":0,"template":"","meta":{"_monsterinsights_skip_tracking":false,"_monsterinsights_sitenote_active":false,"_monsterinsights_sitenote_note":"","_monsterinsights_sitenote_category":0},"product_brand":[],"product_cat":[13590,12337],"product_tag":[],"class_list":{"0":"post-705813","1":"product","2":"type-product","3":"status-publish","5":"product_cat-arastirma-inceleme-politika-siyaset","6":"product_cat-politika-siyaset","7":"pa_cilt-ciltsiz","8":"pa_tur-kitap","9":"pa_yayinevi-say-yayinlari","10":"pa_yazar-ahmet-cevizci","12":"first","13":"instock","14":"sale","15":"shipping-taxable","16":"purchasable","17":"product-type-simple"},"_links":{"self":[{"href":"https:\/\/roveyayinevi.com.tr\/index.php\/wp-json\/wp\/v2\/product\/705813","targetHints":{"allow":["GET"]}}],"collection":[{"href":"https:\/\/roveyayinevi.com.tr\/index.php\/wp-json\/wp\/v2\/product"}],"about":[{"href":"https:\/\/roveyayinevi.com.tr\/index.php\/wp-json\/wp\/v2\/types\/product"}],"wp:attachment":[{"href":"https:\/\/roveyayinevi.com.tr\/index.php\/wp-json\/wp\/v2\/media?parent=705813"}],"wp:term":[{"taxonomy":"product_brand","embeddable":true,"href":"https:\/\/roveyayinevi.com.tr\/index.php\/wp-json\/wp\/v2\/product_brand?post=705813"},{"taxonomy":"product_cat","embeddable":true,"href":"https:\/\/roveyayinevi.com.tr\/index.php\/wp-json\/wp\/v2\/product_cat?post=705813"},{"taxonomy":"product_tag","embeddable":true,"href":"https:\/\/roveyayinevi.com.tr\/index.php\/wp-json\/wp\/v2\/product_tag?post=705813"}],"curies":[{"name":"wp","href":"https:\/\/api.w.org\/{rel}","templated":true}]}}