{"id":705811,"date":"2025-08-27T15:49:22","date_gmt":"2025-08-27T12:49:22","guid":{"rendered":"https:\/\/roveyayinevi.com.tr\/index.php\/urun\/ekolojizm\/"},"modified":"2026-04-16T02:14:30","modified_gmt":"2026-04-15T23:14:30","slug":"ekolojizm","status":"publish","type":"product","link":"https:\/\/roveyayinevi.com.tr\/index.php\/urun\/ekolojizm\/","title":{"rendered":"Ekolojizm"},"content":{"rendered":"<p>Yan\u0131lt\u0131c\u0131 bir zenginlik standart\u0131na dayanarak h\u00fckme var\u0131l\u0131rsa, Ye\u015fil bir gelecek \u015fimdikinden \u201cdaha yoksul\u201d g\u00f6z\u00fckebilir. Fakat ger\u00e7ekte, daha y\u00fcksek bir ya\u015fam standart\u0131m\u0131z olacakt\u0131r; Daha nitelikli beslenme, daha sa\u011fl\u0131kl\u0131 bedenler, \u00f6d\u00fcllendirilen i\u015f, iyi yol arkada\u015fl\u0131\u011f\u0131, daha temiz hava, daha fazla kendine yetebilme, k\u00f6stek de\u011fil, destek olan toplumlar ve i\u00e7inde ya\u015fan\u0131lacak daha g\u00fcvenli bir d\u00fcnya. B\u00f6ylece zenginlik ile refah aras\u0131ndaki fark belirginle\u015fecektir. \ufffcTan\u0131t\u0131m Metni<\/p>\n","protected":false},"excerpt":{"rendered":"<p>Yan\u0131lt\u0131c\u0131 bir zenginlik standart\u0131na dayanarak h\u00fckme var\u0131l\u0131rsa, Ye\u015fil bir gelecek \u015fimdikinden \u201cdaha yoksul\u201d g\u00f6z\u00fckebilir. Fakat ger\u00e7ekte, daha y\u00fcksek bir ya\u015fam standart\u0131m\u0131z olacakt\u0131r; Daha nitelikli beslenme, daha<span class=\"excerpt-hellip\"> [\u2026]<\/span><\/p>\n","protected":false},"featured_media":0,"template":"","meta":{"_monsterinsights_skip_tracking":false,"_monsterinsights_sitenote_active":false,"_monsterinsights_sitenote_note":"","_monsterinsights_sitenote_category":0},"product_brand":[],"product_cat":[13059,12337],"product_tag":[],"class_list":{"0":"post-705811","1":"product","2":"type-product","3":"status-publish","5":"product_cat-diger-politika-siyaset","6":"product_cat-politika-siyaset","7":"pa_tur-kitap","8":"pa_yayinevi-yeni-insan-yayinlari","9":"pa_yazar-andrew-dobson","11":"first","12":"instock","13":"sale","14":"shipping-taxable","15":"purchasable","16":"product-type-simple"},"_links":{"self":[{"href":"https:\/\/roveyayinevi.com.tr\/index.php\/wp-json\/wp\/v2\/product\/705811","targetHints":{"allow":["GET"]}}],"collection":[{"href":"https:\/\/roveyayinevi.com.tr\/index.php\/wp-json\/wp\/v2\/product"}],"about":[{"href":"https:\/\/roveyayinevi.com.tr\/index.php\/wp-json\/wp\/v2\/types\/product"}],"wp:attachment":[{"href":"https:\/\/roveyayinevi.com.tr\/index.php\/wp-json\/wp\/v2\/media?parent=705811"}],"wp:term":[{"taxonomy":"product_brand","embeddable":true,"href":"https:\/\/roveyayinevi.com.tr\/index.php\/wp-json\/wp\/v2\/product_brand?post=705811"},{"taxonomy":"product_cat","embeddable":true,"href":"https:\/\/roveyayinevi.com.tr\/index.php\/wp-json\/wp\/v2\/product_cat?post=705811"},{"taxonomy":"product_tag","embeddable":true,"href":"https:\/\/roveyayinevi.com.tr\/index.php\/wp-json\/wp\/v2\/product_tag?post=705811"}],"curies":[{"name":"wp","href":"https:\/\/api.w.org\/{rel}","templated":true}]}}