{"id":705809,"date":"2025-08-27T15:49:22","date_gmt":"2025-08-27T12:49:22","guid":{"rendered":"https:\/\/roveyayinevi.com.tr\/index.php\/urun\/turk-kulturunun-temelleri\/"},"modified":"2026-01-30T02:24:46","modified_gmt":"2026-01-29T23:24:46","slug":"turk-kulturunun-temelleri","status":"publish","type":"product","link":"https:\/\/roveyayinevi.com.tr\/index.php\/urun\/turk-kulturunun-temelleri\/","title":{"rendered":"T\u00fcrk K\u00fclt\u00fcr\u00fcn\u00fcn Temelleri"},"content":{"rendered":"<p>Salim Koca, 1952 y\u0131l\u0131nda Konya ilinin Bey\u015fehir il\u00e7esine ba\u011fl\u0131Ye\u015filda\u011f kasabas\u0131nda (eski ad\u0131: Salu) do\u011fdu. 1975 y\u0131l\u0131nda, Ankara \u00dcniversitesine ba\u011fl\u0131 Dil ve Tarih-Co\u011frafya Fak\u00fcltesinin Genel T\u00fcrk Tarihi K\u00fcrs\u00fcs\u00fcnden mezun oldu. 1975-1988 y\u0131llar\u0131 aras\u0131nda, orta dereceli okullarda tarih \u00f6\u011fretmeni olarak \u00e7al\u0131\u015ft\u0131. Bu s\u0131rada, Almanya&#8217;da Gothe Enstit\u00fcs\u00fcnde Almanca \u00f6\u011frendi ve sahas\u0131nda lisans \u00fcst\u00fc e\u011fitimini tamamlad\u0131. Sel\u00e7uklu tarihi \u00fczerinde haz\u0131rlad\u0131\u011f\u0131 tezini 1989 y\u0131l\u0131nda savunarak, tarih doktoru payesi ald\u0131.1990 y\u0131l\u0131nda Genel T\u00fcrk Tarihinden do\u00e7ent, 1996 y\u0131l\u0131nda da Orta \u00c7a\u011f Tarihinden profes\u00f6r oldu. \ufffcTan\u0131t\u0131m Metni<\/p>\n","protected":false},"excerpt":{"rendered":"<p>Salim Koca, 1952 y\u0131l\u0131nda Konya ilinin Bey\u015fehir il\u00e7esine ba\u011fl\u0131Ye\u015filda\u011f kasabas\u0131nda (eski ad\u0131: Salu) do\u011fdu. 1975 y\u0131l\u0131nda, Ankara \u00dcniversitesine ba\u011fl\u0131 Dil ve Tarih-Co\u011frafya Fak\u00fcltesinin Genel T\u00fcrk Tarihi<span class=\"excerpt-hellip\"> [\u2026]<\/span><\/p>\n","protected":false},"featured_media":0,"template":"","meta":{"_monsterinsights_skip_tracking":false,"_monsterinsights_sitenote_active":false,"_monsterinsights_sitenote_note":"","_monsterinsights_sitenote_category":0},"product_brand":[],"product_cat":[12312,12304],"product_tag":[],"class_list":{"0":"post-705809","1":"product","2":"type-product","3":"status-publish","5":"product_cat-diger","6":"product_cat-tarih","7":"pa_tur-kitap","8":"pa_yayinevi-berikan-yayinlari","9":"pa_yazar-salim-koca","11":"first","12":"instock","13":"sale","14":"shipping-taxable","15":"purchasable","16":"product-type-simple"},"_links":{"self":[{"href":"https:\/\/roveyayinevi.com.tr\/index.php\/wp-json\/wp\/v2\/product\/705809","targetHints":{"allow":["GET"]}}],"collection":[{"href":"https:\/\/roveyayinevi.com.tr\/index.php\/wp-json\/wp\/v2\/product"}],"about":[{"href":"https:\/\/roveyayinevi.com.tr\/index.php\/wp-json\/wp\/v2\/types\/product"}],"wp:attachment":[{"href":"https:\/\/roveyayinevi.com.tr\/index.php\/wp-json\/wp\/v2\/media?parent=705809"}],"wp:term":[{"taxonomy":"product_brand","embeddable":true,"href":"https:\/\/roveyayinevi.com.tr\/index.php\/wp-json\/wp\/v2\/product_brand?post=705809"},{"taxonomy":"product_cat","embeddable":true,"href":"https:\/\/roveyayinevi.com.tr\/index.php\/wp-json\/wp\/v2\/product_cat?post=705809"},{"taxonomy":"product_tag","embeddable":true,"href":"https:\/\/roveyayinevi.com.tr\/index.php\/wp-json\/wp\/v2\/product_tag?post=705809"}],"curies":[{"name":"wp","href":"https:\/\/api.w.org\/{rel}","templated":true}]}}