{"id":705805,"date":"2025-08-27T15:49:20","date_gmt":"2025-08-27T12:49:20","guid":{"rendered":"https:\/\/roveyayinevi.com.tr\/index.php\/urun\/hatiralariyla-iz-birakanlar\/"},"modified":"2026-04-16T02:14:30","modified_gmt":"2026-04-15T23:14:30","slug":"hatiralariyla-iz-birakanlar","status":"publish","type":"product","link":"https:\/\/roveyayinevi.com.tr\/index.php\/urun\/hatiralariyla-iz-birakanlar\/","title":{"rendered":"Hat\u0131ralar\u0131yla \u0130z B\u0131rakanlar"},"content":{"rendered":"<p>\u00c7ocukluk y\u0131llar\u0131mdan beri hat\u0131ralar\u0131yla zihnimde yer etmi\u015f, ruhumda ve g\u00f6n\u00fcl d\u00fcnyamda iz b\u0131rakm\u0131\u015f ki\u015fileri ve onlar\u0131n an\u0131lar\u0131n\u0131 bu kitapta anlatmaya \u00e7al\u0131\u015ft\u0131m. Dolay\u0131s\u0131yla bunu bir nevi hat\u0131ra-portre denemesi olarak g\u00f6rebilece\u011fimiz gibi, ayn\u0131 zamanda da benim \u201c\u00f6mr\u00fcm\u00fcn aynas\u0131\u201d diyebilece\u011fim bir kitapt\u0131r. Hat\u0131ralar\u0131 okurken kendinizi, kimi vakit s\u0131n\u0131fta ders dinlerken, kimi vakit sava\u015f meydanlar\u0131nda veya esir kamplar\u0131nda veya \u015fiir ortamlar\u0131nda, hatta heyecanl\u0131 ve n\u00fckteli sohbetlerin i\u00e7inde bulacaks\u0131n\u0131z. Kitapta; D\u00fcndar Ta\u015fer, Hilmi Ziya \u00dclken, Arif Nihat Asya, Erol G\u00fcng\u00f6r, Osman Y\u00fcksel Serdenge\u00e7ti, Orhan \u015eaik G\u00f6kyay, Alparslan T\u00fcrke\u015f, Durmu\u015f Hocao\u011flu, Turan Yazgan, Niyazi Say\u0131n gibi ilim, edebiyat, sanat, ve siyaset ile T\u00fcrk k\u00fclt\u00fcr ve d\u00fc\u015f\u00fcnce hayat\u0131n\u0131n muhtelif sahalar\u0131na katk\u0131da bulunan bir\u00e7ok isme dair hat\u0131ralar bulacaks\u0131n\u0131z. Atalar\u0131m\u0131z\u0131n da dedi\u011fi gibi, \u201cS\u00f6z u\u00e7ar, yaz\u0131 kal\u0131r!\u201d <\/p>\n","protected":false},"excerpt":{"rendered":"<p>\u00c7ocukluk y\u0131llar\u0131mdan beri hat\u0131ralar\u0131yla zihnimde yer etmi\u015f, ruhumda ve g\u00f6n\u00fcl d\u00fcnyamda iz b\u0131rakm\u0131\u015f ki\u015fileri ve onlar\u0131n an\u0131lar\u0131n\u0131 bu kitapta anlatmaya \u00e7al\u0131\u015ft\u0131m. Dolay\u0131s\u0131yla bunu bir nevi hat\u0131ra-portre<span class=\"excerpt-hellip\"> [\u2026]<\/span><\/p>\n","protected":false},"featured_media":0,"template":"","meta":{"_monsterinsights_skip_tracking":false,"_monsterinsights_sitenote_active":false,"_monsterinsights_sitenote_note":"","_monsterinsights_sitenote_category":0},"product_brand":[],"product_cat":[14009,12291],"product_tag":[],"class_list":{"0":"post-705805","1":"product","2":"type-product","3":"status-publish","5":"product_cat-biyografi-otobiyografi-edebiyat","6":"product_cat-edebiyat","7":"pa_tur-kitap","8":"pa_yayinevi-otuken-nesriyat","9":"pa_yazar-ismail-yakit","11":"first","12":"instock","13":"sale","14":"shipping-taxable","15":"purchasable","16":"product-type-simple"},"_links":{"self":[{"href":"https:\/\/roveyayinevi.com.tr\/index.php\/wp-json\/wp\/v2\/product\/705805","targetHints":{"allow":["GET"]}}],"collection":[{"href":"https:\/\/roveyayinevi.com.tr\/index.php\/wp-json\/wp\/v2\/product"}],"about":[{"href":"https:\/\/roveyayinevi.com.tr\/index.php\/wp-json\/wp\/v2\/types\/product"}],"wp:attachment":[{"href":"https:\/\/roveyayinevi.com.tr\/index.php\/wp-json\/wp\/v2\/media?parent=705805"}],"wp:term":[{"taxonomy":"product_brand","embeddable":true,"href":"https:\/\/roveyayinevi.com.tr\/index.php\/wp-json\/wp\/v2\/product_brand?post=705805"},{"taxonomy":"product_cat","embeddable":true,"href":"https:\/\/roveyayinevi.com.tr\/index.php\/wp-json\/wp\/v2\/product_cat?post=705805"},{"taxonomy":"product_tag","embeddable":true,"href":"https:\/\/roveyayinevi.com.tr\/index.php\/wp-json\/wp\/v2\/product_tag?post=705805"}],"curies":[{"name":"wp","href":"https:\/\/api.w.org\/{rel}","templated":true}]}}