{"id":705804,"date":"2025-08-27T15:49:20","date_gmt":"2025-08-27T12:49:20","guid":{"rendered":"https:\/\/roveyayinevi.com.tr\/index.php\/urun\/filmler-hayatimizi-nasil-etkiler\/"},"modified":"2026-04-16T02:14:30","modified_gmt":"2026-04-15T23:14:30","slug":"filmler-hayatimizi-nasil-etkiler","status":"publish","type":"product","link":"https:\/\/roveyayinevi.com.tr\/index.php\/urun\/filmler-hayatimizi-nasil-etkiler\/","title":{"rendered":"Filmler Hayat\u0131m\u0131z\u0131 Nas\u0131l Etkiler?"},"content":{"rendered":"<p>Eadweard Muybridge\u2019in hareketli resimlerinden g\u00fcn\u00fcm\u00fcz\u00fcn ba\u015fd\u00f6nd\u00fcr\u00fcc\u00fc teknolojisine. David Thomson\u2019\u0131n kitab\u0131 s\u0131radan bir sinema tarihinin \u00f6tesinde, filmlere ve art\u0131k hayat\u0131m\u0131z\u0131n her alan\u0131na girmi\u015f ekranlara, izlemeye dair ola\u011fan\u00fcst\u00fc bir anlat\u0131. Filmlerin bizi b\u00fcy\u00fcleyen \u0131\u015f\u0131\u011f\u0131ndan o filmlerin perde arkas\u0131ndaki st\u00fcdyo y\u00f6neticilerine, starlardan Hollywood\u2019un parlak ve kirli d\u00fcnyas\u0131na, Frans\u0131z Yeni Dalgas\u0131ndan televizyona ve bilgisayar oyunlar\u0131na uzanan bir tarih derlemesi. <\/p>\n","protected":false},"excerpt":{"rendered":"<p>Eadweard Muybridge\u2019in hareketli resimlerinden g\u00fcn\u00fcm\u00fcz\u00fcn ba\u015fd\u00f6nd\u00fcr\u00fcc\u00fc teknolojisine. David Thomson\u2019\u0131n kitab\u0131 s\u0131radan bir sinema tarihinin \u00f6tesinde, filmlere ve art\u0131k hayat\u0131m\u0131z\u0131n her alan\u0131na girmi\u015f ekranlara, izlemeye dair ola\u011fan\u00fcst\u00fc<span class=\"excerpt-hellip\"> [\u2026]<\/span><\/p>\n","protected":false},"featured_media":0,"template":"","meta":{"_monsterinsights_skip_tracking":false,"_monsterinsights_sitenote_active":false,"_monsterinsights_sitenote_note":"","_monsterinsights_sitenote_category":0},"product_brand":[],"product_cat":[12408],"product_tag":[],"class_list":{"0":"post-705804","1":"product","2":"type-product","3":"status-publish","5":"product_cat-sanat","6":"pa_tur-kitap","7":"pa_yayinevi-alfa-yayinlari","8":"pa_yazar-david-thomson","10":"first","11":"instock","12":"sale","13":"shipping-taxable","14":"purchasable","15":"product-type-simple"},"_links":{"self":[{"href":"https:\/\/roveyayinevi.com.tr\/index.php\/wp-json\/wp\/v2\/product\/705804","targetHints":{"allow":["GET"]}}],"collection":[{"href":"https:\/\/roveyayinevi.com.tr\/index.php\/wp-json\/wp\/v2\/product"}],"about":[{"href":"https:\/\/roveyayinevi.com.tr\/index.php\/wp-json\/wp\/v2\/types\/product"}],"wp:attachment":[{"href":"https:\/\/roveyayinevi.com.tr\/index.php\/wp-json\/wp\/v2\/media?parent=705804"}],"wp:term":[{"taxonomy":"product_brand","embeddable":true,"href":"https:\/\/roveyayinevi.com.tr\/index.php\/wp-json\/wp\/v2\/product_brand?post=705804"},{"taxonomy":"product_cat","embeddable":true,"href":"https:\/\/roveyayinevi.com.tr\/index.php\/wp-json\/wp\/v2\/product_cat?post=705804"},{"taxonomy":"product_tag","embeddable":true,"href":"https:\/\/roveyayinevi.com.tr\/index.php\/wp-json\/wp\/v2\/product_tag?post=705804"}],"curies":[{"name":"wp","href":"https:\/\/api.w.org\/{rel}","templated":true}]}}