{"id":705803,"date":"2025-08-27T15:49:19","date_gmt":"2025-08-27T12:49:19","guid":{"rendered":"https:\/\/roveyayinevi.com.tr\/index.php\/urun\/marko-polo-cinde\/"},"modified":"2026-04-16T02:14:30","modified_gmt":"2026-04-15T23:14:30","slug":"marko-polo-cinde","status":"publish","type":"product","link":"https:\/\/roveyayinevi.com.tr\/index.php\/urun\/marko-polo-cinde\/","title":{"rendered":"Marko Polo \u00c7in\u2019de"},"content":{"rendered":"<p>\u0130talyan gezgin Marko Polo, hayat\u0131n\u0131n 17 senesini \u00c7in\u2019de ge\u00e7irmi\u015ftir. Sincan&#8217;dan Pekin&#8217;e kadar pek \u00e7ok vilayeti gezmi\u015f, yerel k\u00fclt\u00fcrler, ticaret al\u0131\u015fkanl\u0131klar\u0131 ve y\u00f6netim bi\u00e7imleri \u00fczerine kayda de\u011fer g\u00f6zlemler yapm\u0131\u015ft\u0131r. <\/p>\n","protected":false},"excerpt":{"rendered":"<p>\u0130talyan gezgin Marko Polo, hayat\u0131n\u0131n 17 senesini \u00c7in\u2019de ge\u00e7irmi\u015ftir. Sincan&#8217;dan Pekin&#8217;e kadar pek \u00e7ok vilayeti gezmi\u015f, yerel k\u00fclt\u00fcrler, ticaret al\u0131\u015fkanl\u0131klar\u0131 ve y\u00f6netim bi\u00e7imleri \u00fczerine kayda de\u011fer<span class=\"excerpt-hellip\"> [\u2026]<\/span><\/p>\n","protected":false},"featured_media":0,"template":"","meta":{"_monsterinsights_skip_tracking":false,"_monsterinsights_sitenote_active":false,"_monsterinsights_sitenote_note":"","_monsterinsights_sitenote_category":0},"product_brand":[],"product_cat":[12312,12304],"product_tag":[],"class_list":{"0":"post-705803","1":"product","2":"type-product","3":"status-publish","5":"product_cat-diger","6":"product_cat-tarih","7":"pa_tur-kitap","8":"pa_yayinevi-kaynak-yayinlari","9":"pa_yazar-wang-shuofeng","11":"first","12":"instock","13":"sale","14":"shipping-taxable","15":"purchasable","16":"product-type-simple"},"_links":{"self":[{"href":"https:\/\/roveyayinevi.com.tr\/index.php\/wp-json\/wp\/v2\/product\/705803","targetHints":{"allow":["GET"]}}],"collection":[{"href":"https:\/\/roveyayinevi.com.tr\/index.php\/wp-json\/wp\/v2\/product"}],"about":[{"href":"https:\/\/roveyayinevi.com.tr\/index.php\/wp-json\/wp\/v2\/types\/product"}],"wp:attachment":[{"href":"https:\/\/roveyayinevi.com.tr\/index.php\/wp-json\/wp\/v2\/media?parent=705803"}],"wp:term":[{"taxonomy":"product_brand","embeddable":true,"href":"https:\/\/roveyayinevi.com.tr\/index.php\/wp-json\/wp\/v2\/product_brand?post=705803"},{"taxonomy":"product_cat","embeddable":true,"href":"https:\/\/roveyayinevi.com.tr\/index.php\/wp-json\/wp\/v2\/product_cat?post=705803"},{"taxonomy":"product_tag","embeddable":true,"href":"https:\/\/roveyayinevi.com.tr\/index.php\/wp-json\/wp\/v2\/product_tag?post=705803"}],"curies":[{"name":"wp","href":"https:\/\/api.w.org\/{rel}","templated":true}]}}