{"id":705802,"date":"2025-08-27T15:49:19","date_gmt":"2025-08-27T12:49:19","guid":{"rendered":"https:\/\/roveyayinevi.com.tr\/index.php\/urun\/donusum-9\/"},"modified":"2026-03-31T09:54:49","modified_gmt":"2026-03-31T06:54:49","slug":"donusum-9","status":"publish","type":"product","link":"https:\/\/roveyayinevi.com.tr\/index.php\/urun\/donusum-9\/","title":{"rendered":"D\u00f6n\u00fc\u015f\u00fcm"},"content":{"rendered":"<p>Tan\u0131l Bora \u00e7evirisi, Johannes Pfeiffer\u2019in \u00f6ns\u00f6z\u00fc, Idris Parry\u2019in sons\u00f6z\u00fc, Yazar ve d\u00f6nem kronolojisiyle, Kitaba dair g\u00f6rsellerle. Kafka\u2019n\u0131n abs\u00fcrd ve deh\u015fet dolu ba\u015fyap\u0131t\u0131 D\u00f6n\u00fc\u015f\u00fcm, modern bireydeki su\u00e7luluk, yetersizlik ve yaln\u0131zl\u0131k duygular\u0131n\u0131n kendi felaketine nas\u0131l sebep olabilece\u011fini anlatan bir ahir zaman masal\u0131. Kafka\u2019n\u0131n D\u00f6n\u00fc\u015f\u00fcm\u2019\u00fc, insan\u0131n yabanc\u0131la\u015fma deneyiminin modern edebiyattaki en etkili hik\u00e2yelerinden birini, belki de en g\u00fc\u00e7l\u00fc mecaz\u0131n\u0131 sunar. Pazarlamac\u0131l\u0131k yapan bir gen\u00e7 adam\u0131n sabah uyand\u0131\u011f\u0131nda kendisini bir ha\u015fereye d\u00f6n\u00fc\u015fm\u00fc\u015f bulmas\u0131, ger\u00e7ekten \u00f6l\u00fcms\u00fcz bir sahne, provokatif bir fantezidir. Uzun \u00f6yk\u00fc, kahraman\u0131n\u0131n bir ha\u015fere olarak ailesi ve orta s\u0131n\u0131f hayat\u0131 i\u00e7inde var olma \u00e7abas\u0131yla s\u00fcrecektir. D\u00f6n\u00fc\u015f\u00fcm, yabanc\u0131la\u015fma meselesinin yan\u0131 s\u0131ra insan\u0131n \u201cuyum kabiliyeti\u201dyle, konformizmle b\u00fcy\u00fck bir hesapla\u015fmad\u0131r. Bununla beraber, onun bencilli\u011fiyle, \u00e7\u0131karc\u0131l\u0131\u011f\u0131yla, gaddarl\u0131\u011f\u0131, \u201ckurtlu\u011fu\u201dyla da&#8230; Bilin\u00e7 d\u0131\u015f\u0131na tuttu\u011fu aynalarla da ola\u011fan\u00fcst\u00fc \u00e7arp\u0131c\u0131 olan anlat\u0131, Kafka\u2019n\u0131n en pop\u00fcler eseri olarak bilinir.<\/p>\n","protected":false},"excerpt":{"rendered":"<p>Tan\u0131l Bora \u00e7evirisi, Johannes Pfeiffer\u2019in \u00f6ns\u00f6z\u00fc, Idris Parry\u2019in sons\u00f6z\u00fc, Yazar ve d\u00f6nem kronolojisiyle, Kitaba dair g\u00f6rsellerle. Kafka\u2019n\u0131n abs\u00fcrd ve deh\u015fet dolu ba\u015fyap\u0131t\u0131 D\u00f6n\u00fc\u015f\u00fcm, modern bireydeki su\u00e7luluk,<span class=\"excerpt-hellip\"> [\u2026]<\/span><\/p>\n","protected":false},"featured_media":0,"template":"","meta":{"_monsterinsights_skip_tracking":false,"_monsterinsights_sitenote_active":false,"_monsterinsights_sitenote_note":"","_monsterinsights_sitenote_category":0},"product_brand":[],"product_cat":[12291,13872],"product_tag":[],"class_list":{"0":"post-705802","1":"product","2":"type-product","3":"status-publish","5":"product_cat-edebiyat","6":"product_cat-klasikler","7":"pa_cilt-ciltsiz","8":"pa_tur-kitap","9":"pa_yayinevi-iletisim-yayinlari","10":"pa_yazar-franz-kafka","12":"first","13":"instock","14":"sale","15":"shipping-taxable","16":"purchasable","17":"product-type-simple"},"_links":{"self":[{"href":"https:\/\/roveyayinevi.com.tr\/index.php\/wp-json\/wp\/v2\/product\/705802","targetHints":{"allow":["GET"]}}],"collection":[{"href":"https:\/\/roveyayinevi.com.tr\/index.php\/wp-json\/wp\/v2\/product"}],"about":[{"href":"https:\/\/roveyayinevi.com.tr\/index.php\/wp-json\/wp\/v2\/types\/product"}],"wp:attachment":[{"href":"https:\/\/roveyayinevi.com.tr\/index.php\/wp-json\/wp\/v2\/media?parent=705802"}],"wp:term":[{"taxonomy":"product_brand","embeddable":true,"href":"https:\/\/roveyayinevi.com.tr\/index.php\/wp-json\/wp\/v2\/product_brand?post=705802"},{"taxonomy":"product_cat","embeddable":true,"href":"https:\/\/roveyayinevi.com.tr\/index.php\/wp-json\/wp\/v2\/product_cat?post=705802"},{"taxonomy":"product_tag","embeddable":true,"href":"https:\/\/roveyayinevi.com.tr\/index.php\/wp-json\/wp\/v2\/product_tag?post=705802"}],"curies":[{"name":"wp","href":"https:\/\/api.w.org\/{rel}","templated":true}]}}