{"id":705800,"date":"2025-08-27T15:49:18","date_gmt":"2025-08-27T12:49:18","guid":{"rendered":"https:\/\/roveyayinevi.com.tr\/index.php\/urun\/kahire-modern\/"},"modified":"2026-04-16T02:14:30","modified_gmt":"2026-04-15T23:14:30","slug":"kahire-modern","status":"publish","type":"product","link":"https:\/\/roveyayinevi.com.tr\/index.php\/urun\/kahire-modern\/","title":{"rendered":"Kahire Modern"},"content":{"rendered":"<p>1922 y\u0131l\u0131nda M\u0131s\u0131r \u0130ngilizlere kar\u015f\u0131 tek tarafl\u0131 olarak ba\u011f\u0131ms\u0131zl\u0131\u011f\u0131n\u0131 ilan eder. Kral Faruk y\u00f6netimi alt\u0131nda ba\u011f\u0131ms\u0131zl\u0131k fikrine al\u0131\u015fmaya \u00e7al\u0131\u015fan bir toplumda, yeni \u00e7eli\u015fkiler yaratacak fikirlerin, k\u00f6ktencili\u011fin ve Arap milliyet\u00e7ili\u011finin tohumlar\u0131 at\u0131lmaktad\u0131r. Bu ortamda yoksul bir aileden gelen ve k\u0131sa yoldan zengin olma h\u0131rs\u0131yla yan\u0131p tutu\u015fan bir \u00fcniversite \u00f6\u011frencisi olan Mahcub, y\u00fckselme tutkusuyla her t\u00fcrlu\u0308 \u00f6dev duygusuna ve ahlaki ilkeye s\u0131rt \u00e7evirir. A\u00e7l\u0131\u011f\u0131n pen\u00e7esinde ge\u00e7en y\u0131llar\u0131n ard\u0131ndan, hi\u00e7 d\u00fc\u015f\u00fcnmek sizin kar\u015f\u0131s\u0131na \u00e7\u0131kan ilk memuriyet f\u0131rsat\u0131na tutunur. Ancak hayata ve toplumu olu\u015fturan de\u011ferlere kar\u015f\u0131 sinik bir tutum benimse yen bu gen\u00e7 adam\u0131n \u00f6demesi gereken b\u00fcy\u00fck bir bedel olacakt\u0131r. Necib Mahfuz, 30\u2019lu y\u0131llar\u0131n ba\u015f\u0131nda devrimlerle \u00e7alkalanan, yol ayr\u0131m\u0131ndaki M\u0131s\u0131r toplumunun ek siksiz bir panoramas\u0131n\u0131 sunuyor. Kahire Modern, bir grup \u00fcniversite \u00f6\u011frencisinin kesi\u015fen hayatlar\u0131 \u00fczerinden Kahire\u2019nin zengin ve yoksul kesimlerini, sosyal ve d\u00fc\u015f\u00fcnsel dokusunu, b\u00fcrokrasi ayg\u0131t\u0131ndaki yozla\u015fmay\u0131, a\u00e7l\u0131\u011f\u0131 ve \u00f6fkeyi, s\u0131n\u0131f atlama tutkusuyla k\u00f6rle\u015fen karakterleri ola\u011fan\u00fcst\u00fc bir canl\u0131l\u0131kla g\u00f6zler \u00f6n\u00fcne seriyor. <\/p>\n","protected":false},"excerpt":{"rendered":"<p>1922 y\u0131l\u0131nda M\u0131s\u0131r \u0130ngilizlere kar\u015f\u0131 tek tarafl\u0131 olarak ba\u011f\u0131ms\u0131zl\u0131\u011f\u0131n\u0131 ilan eder. Kral Faruk y\u00f6netimi alt\u0131nda ba\u011f\u0131ms\u0131zl\u0131k fikrine al\u0131\u015fmaya \u00e7al\u0131\u015fan bir toplumda, yeni \u00e7eli\u015fkiler yaratacak fikirlerin, k\u00f6ktencili\u011fin<span class=\"excerpt-hellip\"> [\u2026]<\/span><\/p>\n","protected":false},"featured_media":0,"template":"","meta":{"_monsterinsights_skip_tracking":false,"_monsterinsights_sitenote_active":false,"_monsterinsights_sitenote_note":"","_monsterinsights_sitenote_category":0},"product_brand":[],"product_cat":[18545,12291],"product_tag":[],"class_list":{"0":"post-705800","1":"product","2":"type-product","3":"status-publish","5":"product_cat-anlati","6":"product_cat-edebiyat","7":"pa_cilt-ciltsiz","8":"pa_tur-kitap","9":"pa_yayinevi-kirmizi-kedi-yayinevi","10":"pa_yazar-necib-mahfuz","12":"first","13":"instock","14":"sale","15":"shipping-taxable","16":"purchasable","17":"product-type-simple"},"_links":{"self":[{"href":"https:\/\/roveyayinevi.com.tr\/index.php\/wp-json\/wp\/v2\/product\/705800","targetHints":{"allow":["GET"]}}],"collection":[{"href":"https:\/\/roveyayinevi.com.tr\/index.php\/wp-json\/wp\/v2\/product"}],"about":[{"href":"https:\/\/roveyayinevi.com.tr\/index.php\/wp-json\/wp\/v2\/types\/product"}],"wp:attachment":[{"href":"https:\/\/roveyayinevi.com.tr\/index.php\/wp-json\/wp\/v2\/media?parent=705800"}],"wp:term":[{"taxonomy":"product_brand","embeddable":true,"href":"https:\/\/roveyayinevi.com.tr\/index.php\/wp-json\/wp\/v2\/product_brand?post=705800"},{"taxonomy":"product_cat","embeddable":true,"href":"https:\/\/roveyayinevi.com.tr\/index.php\/wp-json\/wp\/v2\/product_cat?post=705800"},{"taxonomy":"product_tag","embeddable":true,"href":"https:\/\/roveyayinevi.com.tr\/index.php\/wp-json\/wp\/v2\/product_tag?post=705800"}],"curies":[{"name":"wp","href":"https:\/\/api.w.org\/{rel}","templated":true}]}}