{"id":705798,"date":"2025-08-27T15:49:17","date_gmt":"2025-08-27T12:49:17","guid":{"rendered":"https:\/\/roveyayinevi.com.tr\/index.php\/urun\/kara-kuzunun-kulagi\/"},"modified":"2026-04-16T02:14:30","modified_gmt":"2026-04-15T23:14:30","slug":"kara-kuzunun-kulagi","status":"publish","type":"product","link":"https:\/\/roveyayinevi.com.tr\/index.php\/urun\/kara-kuzunun-kulagi\/","title":{"rendered":"Kara Kuzu&#8217;nun Kula\u011f\u0131"},"content":{"rendered":"<p>\u00c7ok g\u00fczel bir \u00e7ay\u0131rda, bir kuzucuk ya\u015farm\u0131\u015f. Bu K\u00fc\u00e7\u00fck Kara Kuzu bir g\u00fcn kendi etraf\u0131nda d\u00f6nmeye ba\u015flam\u0131\u015f. Neden mi? \u00c7\u00fcnk\u00fc kendi kula\u011f\u0131n\u0131 yemeye \u00e7al\u0131\u015f\u0131yormu\u015f! \ufffcTan\u0131t\u0131m Metni<\/p>\n","protected":false},"excerpt":{"rendered":"<p>\u00c7ok g\u00fczel bir \u00e7ay\u0131rda, bir kuzucuk ya\u015farm\u0131\u015f. Bu K\u00fc\u00e7\u00fck Kara Kuzu bir g\u00fcn kendi etraf\u0131nda d\u00f6nmeye ba\u015flam\u0131\u015f. Neden mi? \u00c7\u00fcnk\u00fc kendi kula\u011f\u0131n\u0131 yemeye \u00e7al\u0131\u015f\u0131yormu\u015f! \ufffcTan\u0131t\u0131m Metni<\/p>\n","protected":false},"featured_media":0,"template":"","meta":{"_monsterinsights_skip_tracking":false,"_monsterinsights_sitenote_active":false,"_monsterinsights_sitenote_note":"","_monsterinsights_sitenote_category":0},"product_brand":[],"product_cat":[12274,12518],"product_tag":[],"class_list":{"0":"post-705798","1":"product","2":"type-product","3":"status-publish","5":"product_cat-cocuk-ve-genclik-kitaplari","6":"product_cat-okul-oncesi-kitaplar","7":"pa_cilt-ciltsiz","8":"pa_tur-kitap","9":"pa_yayinevi-kirmizi-kedi-yayinevi","10":"pa_yazar-feyza-hepcilingirler","12":"first","13":"instock","14":"sale","15":"shipping-taxable","16":"purchasable","17":"product-type-simple"},"_links":{"self":[{"href":"https:\/\/roveyayinevi.com.tr\/index.php\/wp-json\/wp\/v2\/product\/705798","targetHints":{"allow":["GET"]}}],"collection":[{"href":"https:\/\/roveyayinevi.com.tr\/index.php\/wp-json\/wp\/v2\/product"}],"about":[{"href":"https:\/\/roveyayinevi.com.tr\/index.php\/wp-json\/wp\/v2\/types\/product"}],"wp:attachment":[{"href":"https:\/\/roveyayinevi.com.tr\/index.php\/wp-json\/wp\/v2\/media?parent=705798"}],"wp:term":[{"taxonomy":"product_brand","embeddable":true,"href":"https:\/\/roveyayinevi.com.tr\/index.php\/wp-json\/wp\/v2\/product_brand?post=705798"},{"taxonomy":"product_cat","embeddable":true,"href":"https:\/\/roveyayinevi.com.tr\/index.php\/wp-json\/wp\/v2\/product_cat?post=705798"},{"taxonomy":"product_tag","embeddable":true,"href":"https:\/\/roveyayinevi.com.tr\/index.php\/wp-json\/wp\/v2\/product_tag?post=705798"}],"curies":[{"name":"wp","href":"https:\/\/api.w.org\/{rel}","templated":true}]}}