{"id":705797,"date":"2025-08-27T15:49:17","date_gmt":"2025-08-27T12:49:17","guid":{"rendered":"https:\/\/roveyayinevi.com.tr\/index.php\/urun\/karanligin-icinden\/"},"modified":"2026-04-16T02:14:30","modified_gmt":"2026-04-15T23:14:30","slug":"karanligin-icinden","status":"publish","type":"product","link":"https:\/\/roveyayinevi.com.tr\/index.php\/urun\/karanligin-icinden\/","title":{"rendered":"Karanl\u0131\u011f\u0131n \u0130\u00e7inden"},"content":{"rendered":"<p>Bazen karanl\u0131k i\u00e7inizde ya\u015far ve \u00e7o\u011fu zaman o kazan\u0131r. Bir yol uzan\u0131yor \u00f6n\u00fcm\u00fczde. Ac\u0131yla ve \u00f6fkeyle sar\u0131p sarmalanm\u0131\u015f, Etraf\u0131 dikenli tellerle \u00f6r\u00fclm\u00fc\u015f bir yol bu. Kay\u0131plarla ve g\u00f6zya\u015flar\u0131yla dolu\u2026 Ama \u00e7ok ileride, yolun sonunda, Belli belirsiz par\u0131ldayan titrek bir \u0131\u015f\u0131k var. S\u00f6nmeye y\u00fcz tutmu\u015f olsa da hayat\u0131n bizim i\u00e7in haz\u0131rlad\u0131\u011f\u0131 sonu Yeniden Yazmam\u0131z i\u00e7in direniyor. Biliyorum, karanl\u0131\u011f\u0131 deliyor bu yol. Biliyorum, karanl\u0131k zihinler ayd\u0131nl\u0131\u011fa kavu\u015fuyor. <\/p>\n","protected":false},"excerpt":{"rendered":"<p>Bazen karanl\u0131k i\u00e7inizde ya\u015far ve \u00e7o\u011fu zaman o kazan\u0131r. Bir yol uzan\u0131yor \u00f6n\u00fcm\u00fczde. Ac\u0131yla ve \u00f6fkeyle sar\u0131p sarmalanm\u0131\u015f, Etraf\u0131 dikenli tellerle \u00f6r\u00fclm\u00fc\u015f bir yol bu. Kay\u0131plarla<span class=\"excerpt-hellip\"> [\u2026]<\/span><\/p>\n","protected":false},"featured_media":0,"template":"","meta":{"_monsterinsights_skip_tracking":false,"_monsterinsights_sitenote_active":false,"_monsterinsights_sitenote_note":"","_monsterinsights_sitenote_category":0},"product_brand":[],"product_cat":[12291,12711],"product_tag":[],"class_list":{"0":"post-705797","1":"product","2":"type-product","3":"status-publish","5":"product_cat-edebiyat","6":"product_cat-roman-oyku","7":"pa_tur-kitap","8":"pa_yayinevi-parodi-yayinlari","9":"pa_yazar-alexandra-bracken","11":"first","12":"instock","13":"sale","14":"shipping-taxable","15":"purchasable","16":"product-type-simple"},"_links":{"self":[{"href":"https:\/\/roveyayinevi.com.tr\/index.php\/wp-json\/wp\/v2\/product\/705797","targetHints":{"allow":["GET"]}}],"collection":[{"href":"https:\/\/roveyayinevi.com.tr\/index.php\/wp-json\/wp\/v2\/product"}],"about":[{"href":"https:\/\/roveyayinevi.com.tr\/index.php\/wp-json\/wp\/v2\/types\/product"}],"wp:attachment":[{"href":"https:\/\/roveyayinevi.com.tr\/index.php\/wp-json\/wp\/v2\/media?parent=705797"}],"wp:term":[{"taxonomy":"product_brand","embeddable":true,"href":"https:\/\/roveyayinevi.com.tr\/index.php\/wp-json\/wp\/v2\/product_brand?post=705797"},{"taxonomy":"product_cat","embeddable":true,"href":"https:\/\/roveyayinevi.com.tr\/index.php\/wp-json\/wp\/v2\/product_cat?post=705797"},{"taxonomy":"product_tag","embeddable":true,"href":"https:\/\/roveyayinevi.com.tr\/index.php\/wp-json\/wp\/v2\/product_tag?post=705797"}],"curies":[{"name":"wp","href":"https:\/\/api.w.org\/{rel}","templated":true}]}}