{"id":705796,"date":"2025-08-27T15:49:16","date_gmt":"2025-08-27T12:49:16","guid":{"rendered":"https:\/\/roveyayinevi.com.tr\/index.php\/urun\/dreyfus-davasi\/"},"modified":"2025-09-30T03:43:53","modified_gmt":"2025-09-30T00:43:53","slug":"dreyfus-davasi","status":"publish","type":"product","link":"https:\/\/roveyayinevi.com.tr\/index.php\/urun\/dreyfus-davasi\/","title":{"rendered":"Dreyfus Davas\u0131"},"content":{"rendered":"<p>Anayasa Mahkemesinin AK Partiyi kapatma davas\u0131, \u201cErgenekon\u201d, \u201cBalyoz\u201d diye adland\u0131r\u0131lan dava ve benzerleri, Dreyfus Davas\u0131&#8217;nda ya\u015fananlar\u0131n bir ba\u015fka toplumda ve k\u00fclt\u00fcr ortam\u0131nda yinelenmesidir asl\u0131nda. Dreyfus Davas\u0131&#8217;nda g\u00f6r\u00fcld\u00fc\u011f\u00fc gibi, T\u00fcrk kamuoyu da bu davalarda ikiye ayr\u0131lm\u0131\u015f; Ergenekon, Balyoz gibi davalar\u0131n yanda\u015flar\u0131 ile kar\u015f\u0131tlar\u0131, do\u011fru hukuktan yana olacak yerde, ne yaz\u0131k ki cemaat\u00e7i bir anlay\u0131\u015fla kar\u015f\u0131 kar\u015f\u0131ya gelmi\u015fler, \u201cben hakl\u0131y\u0131m\u201d derdine d\u00fc\u015fm\u00fc\u015flerdir. Sokaktaki insandan toplumun \u00fcst katman\u0131nda yer alan, yani y\u00f6neten konumunda bulunan insanlara dek herkesin yarg\u0131\u00e7 kesildi\u011fi bir toplumda hukuk bilinci olu\u015fmam\u0131\u015f demektir. Dolay\u0131s\u0131yla b\u00f6yle bir toplum, \u00f6z\u00fcnde hukuk toplumu da de\u011fildir.   Sami Sel\u00e7uk <\/p>\n","protected":false},"excerpt":{"rendered":"<p>Anayasa Mahkemesinin AK Partiyi kapatma davas\u0131, \u201cErgenekon\u201d, \u201cBalyoz\u201d diye adland\u0131r\u0131lan dava ve benzerleri, Dreyfus Davas\u0131&#8217;nda ya\u015fananlar\u0131n bir ba\u015fka toplumda ve k\u00fclt\u00fcr ortam\u0131nda yinelenmesidir asl\u0131nda. Dreyfus Davas\u0131&#8217;nda<span class=\"excerpt-hellip\"> [\u2026]<\/span><\/p>\n","protected":false},"featured_media":0,"template":"","meta":{"_monsterinsights_skip_tracking":false,"_monsterinsights_sitenote_active":false,"_monsterinsights_sitenote_note":"","_monsterinsights_sitenote_category":0},"product_brand":[],"product_cat":[15350,17602],"product_tag":[],"class_list":{"0":"post-705796","1":"product","2":"type-product","3":"status-publish","5":"product_cat-hukuk","6":"product_cat-hukuk-uzerine","7":"pa_cilt-ciltsiz","8":"pa_tur-kitap","9":"pa_yayinevi-imge-kitabevi-yayinlari","10":"pa_yazar-sami-selcuk","12":"first","13":"outofstock","14":"sale","15":"shipping-taxable","16":"purchasable","17":"product-type-simple"},"_links":{"self":[{"href":"https:\/\/roveyayinevi.com.tr\/index.php\/wp-json\/wp\/v2\/product\/705796","targetHints":{"allow":["GET"]}}],"collection":[{"href":"https:\/\/roveyayinevi.com.tr\/index.php\/wp-json\/wp\/v2\/product"}],"about":[{"href":"https:\/\/roveyayinevi.com.tr\/index.php\/wp-json\/wp\/v2\/types\/product"}],"wp:attachment":[{"href":"https:\/\/roveyayinevi.com.tr\/index.php\/wp-json\/wp\/v2\/media?parent=705796"}],"wp:term":[{"taxonomy":"product_brand","embeddable":true,"href":"https:\/\/roveyayinevi.com.tr\/index.php\/wp-json\/wp\/v2\/product_brand?post=705796"},{"taxonomy":"product_cat","embeddable":true,"href":"https:\/\/roveyayinevi.com.tr\/index.php\/wp-json\/wp\/v2\/product_cat?post=705796"},{"taxonomy":"product_tag","embeddable":true,"href":"https:\/\/roveyayinevi.com.tr\/index.php\/wp-json\/wp\/v2\/product_tag?post=705796"}],"curies":[{"name":"wp","href":"https:\/\/api.w.org\/{rel}","templated":true}]}}