{"id":705792,"date":"2025-08-27T15:49:15","date_gmt":"2025-08-27T12:49:15","guid":{"rendered":"https:\/\/roveyayinevi.com.tr\/index.php\/urun\/peynir-ve-kurtlar\/"},"modified":"2026-04-16T02:14:30","modified_gmt":"2026-04-15T23:14:30","slug":"peynir-ve-kurtlar","status":"publish","type":"product","link":"https:\/\/roveyayinevi.com.tr\/index.php\/urun\/peynir-ve-kurtlar\/","title":{"rendered":"Peynir ve Kurtlar"},"content":{"rendered":"<p>On Alt\u0131nc\u0131 Y\u00fczy\u0131l\u0131n Sonlar\u0131.\u0130talya&#8217;n\u0131n bir da\u011f k\u00f6y\u00fcnde herkesin Menocchio dedi\u011fi bir de\u011firmenci ya\u015far. Latincesi k\u0131t olan bu yoksul k\u00f6yl\u00fc koskoca Engizisyon&#8217;a meydan okur. Eline ge\u00e7en, halk diline \u00e7evrilmi\u015f, i\u00e7lerinde Kuran&#8217;\u0131n da bulundu\u011fu b\u00fct\u00fcn kitaplar\u0131 okuyan Menocchio, o karanl\u0131k \u00e7a\u011fda kendi evren kuram\u0131n\u0131 yarat\u0131r. Ona kal\u0131rsa d\u00fcnya, kaostan, bozulan peynirde olu\u015fan kurtlar gibi t\u00fcremi\u015ftir. Tanr\u0131, g\u00fcc\u00fcn\u00fc herkese; Yahudiler&#8217;e, T\u00fcrkler&#8217;e, H\u0131ristiyanlar&#8217;a ve hatta sapk\u0131nlara e\u015fit olarak vermi\u015f, kimseyi kay\u0131rmam\u0131\u015ft\u0131r. \u0130sa&#8217;ya gelince, o da s\u0131radan, yoksul bir k\u00f6yl\u00fcd\u00fcr. Cehennem de araf da papaz ve ke\u015fi\u015flerin halk\u0131 soymak i\u00e7in uydurduklar\u0131 \u015feylerdir. Engizisyon kar\u015f\u0131s\u0131nda bir t\u00fcrl\u00fc geri \u00e7ekilmeyi bilmeyen bu bilgiye susam\u0131\u015f k\u00f6yl\u00fc, b\u00fct\u00fcn din iktidar\u0131n\u0131 kar\u015f\u0131s\u0131na al\u0131r. Yarg\u0131\u00e7lar\u0131na, beni \u00f6l\u00fcme yollarken siz benden \u00e7ok korkuyor olabilirisiniz, diyen ve inan\u00e7lar\u0131n\u0131 ink\u00e2r etmedi\u011fi i\u00e7in diri diri yak\u0131lan metemetik\u00e7i filozof Giordano Bruno ile ayn\u0131 d\u00f6nemde, Engizisyon taraf\u0131ndan \u00f6l\u00fcme mahk\u00fbm edilir.Ginzburg, halk k\u00fclt\u00fcr\u00fcn\u00fcn iktidar kar\u015f\u0131s\u0131ndaki konumunu incelerken, g\u00fcn\u00fcm\u00fcze kalan belgeler ve Engizisyon kay\u0131tlar\u0131ndan yola \u00e7\u0131karak tarihi yeniden yaz\u0131yor. Peynir ve Kurtlar, bir detektif roman\u0131 gibi okunan, k\u0131\u015fk\u0131rt\u0131c\u0131 bir kitap&#8230; \ufffc<\/p>\n","protected":false},"excerpt":{"rendered":"<p>On Alt\u0131nc\u0131 Y\u00fczy\u0131l\u0131n Sonlar\u0131.\u0130talya&#8217;n\u0131n bir da\u011f k\u00f6y\u00fcnde herkesin Menocchio dedi\u011fi bir de\u011firmenci ya\u015far. Latincesi k\u0131t olan bu yoksul k\u00f6yl\u00fc koskoca Engizisyon&#8217;a meydan okur. Eline ge\u00e7en, halk<span class=\"excerpt-hellip\"> [\u2026]<\/span><\/p>\n","protected":false},"featured_media":0,"template":"","meta":{"_monsterinsights_skip_tracking":false,"_monsterinsights_sitenote_active":false,"_monsterinsights_sitenote_note":"","_monsterinsights_sitenote_category":0},"product_brand":[],"product_cat":[12305,12304],"product_tag":[],"class_list":{"0":"post-705792","1":"product","2":"type-product","3":"status-publish","5":"product_cat-dunya-tarihi","6":"product_cat-tarih","7":"pa_cilt-ciltsiz","8":"pa_tur-kitap","9":"pa_yayinevi-metis-yayinlari","10":"pa_yazar-carlo-ginzburg","12":"first","13":"instock","14":"sale","15":"shipping-taxable","16":"purchasable","17":"product-type-simple"},"_links":{"self":[{"href":"https:\/\/roveyayinevi.com.tr\/index.php\/wp-json\/wp\/v2\/product\/705792","targetHints":{"allow":["GET"]}}],"collection":[{"href":"https:\/\/roveyayinevi.com.tr\/index.php\/wp-json\/wp\/v2\/product"}],"about":[{"href":"https:\/\/roveyayinevi.com.tr\/index.php\/wp-json\/wp\/v2\/types\/product"}],"wp:attachment":[{"href":"https:\/\/roveyayinevi.com.tr\/index.php\/wp-json\/wp\/v2\/media?parent=705792"}],"wp:term":[{"taxonomy":"product_brand","embeddable":true,"href":"https:\/\/roveyayinevi.com.tr\/index.php\/wp-json\/wp\/v2\/product_brand?post=705792"},{"taxonomy":"product_cat","embeddable":true,"href":"https:\/\/roveyayinevi.com.tr\/index.php\/wp-json\/wp\/v2\/product_cat?post=705792"},{"taxonomy":"product_tag","embeddable":true,"href":"https:\/\/roveyayinevi.com.tr\/index.php\/wp-json\/wp\/v2\/product_tag?post=705792"}],"curies":[{"name":"wp","href":"https:\/\/api.w.org\/{rel}","templated":true}]}}