{"id":705791,"date":"2025-08-27T15:49:14","date_gmt":"2025-08-27T12:49:14","guid":{"rendered":"https:\/\/roveyayinevi.com.tr\/index.php\/urun\/gorme-bicimleri\/"},"modified":"2026-04-16T02:14:30","modified_gmt":"2026-04-15T23:14:30","slug":"gorme-bicimleri","status":"publish","type":"product","link":"https:\/\/roveyayinevi.com.tr\/index.php\/urun\/gorme-bicimleri\/","title":{"rendered":"G\u00f6rme Bi\u00e7imleri"},"content":{"rendered":"<p>G\u00f6rme konu\u015fmadan \u00f6nce gelmi\u015ftir. \u00c7ocuk konu\u015fmaya ba\u015flamadan \u00f6nce bak\u0131p tan\u0131may\u0131 \u00f6\u011frenir.Ne var ki ba\u015fka bir anlamda da g\u00f6rme, s\u00f6zc\u00fcklerden \u00f6nce gelmi\u015ftir. Bizi \u00e7evreleyen d\u00fcnyada kendi yerimizi g\u00f6rerek buluruz. Bu d\u00fcnyay\u0131 s\u00f6zc\u00fcklerle anlat\u0131r\u0131z ama s\u00f6zc\u00fckler d\u00fcnyayla \u00e7evrelenmi\u015f olmam\u0131z\u0131 hi\u00e7bir zaman de\u011fi\u015ftiremez. Her ak\u015fam g\u00fcne\u015fin bat\u0131\u015f\u0131n\u0131 g\u00f6r\u00fcr\u00fcz.D\u00fcnyan\u0131n g\u00fcne\u015fe arkas\u0131n\u0131 d\u00f6nmekte oldu\u011funu biliriz. Ne var ki bu bilgi, bu a\u00e7\u0131klamama g\u00f6rd\u00fcklerimize uymaz hi\u00e7bir zaman. Ger\u00e7ek\u00fcst\u00fcc\u00fc ressam Magritte D\u00fc\u015flerin Anahtar\u0131 adl\u0131 resminde s\u00f6zc\u00fcklerle g\u00f6r\u00fclen, nesneler aras\u0131nda her zaman var olan bu u\u00e7urumu yorumlam\u0131\u015ft\u0131r.D\u00fc\u015f\u00fcnd\u00fcklerimiz ya da inand\u0131klar\u0131m\u0131z nesneleri g\u00f6r\u00fc\u015f\u00fcm\u00fcz\u00fc etkiler. \u0130nsanlar\u0131 Cehennemin ger\u00e7ekten var oldu\u011funa inand\u0131klar\u0131 Orta\u00e7a\u011fda ate\u015fin bug\u00fcnk\u00fcnden \u00e7ok de\u011fi\u015fik bir anlam\u0131 var<\/p>\n","protected":false},"excerpt":{"rendered":"<p>G\u00f6rme konu\u015fmadan \u00f6nce gelmi\u015ftir. \u00c7ocuk konu\u015fmaya ba\u015flamadan \u00f6nce bak\u0131p tan\u0131may\u0131 \u00f6\u011frenir.Ne var ki ba\u015fka bir anlamda da g\u00f6rme, s\u00f6zc\u00fcklerden \u00f6nce gelmi\u015ftir. Bizi \u00e7evreleyen d\u00fcnyada kendi yerimizi<span class=\"excerpt-hellip\"> [\u2026]<\/span><\/p>\n","protected":false},"featured_media":0,"template":"","meta":{"_monsterinsights_skip_tracking":false,"_monsterinsights_sitenote_active":false,"_monsterinsights_sitenote_note":"","_monsterinsights_sitenote_category":0},"product_brand":[],"product_cat":[15733,12408],"product_tag":[],"class_list":{"0":"post-705791","1":"product","2":"type-product","3":"status-publish","5":"product_cat-resim","6":"product_cat-sanat","7":"pa_cilt-ciltsiz","8":"pa_tur-kitap","9":"pa_yayinevi-metis-yayinlari","10":"pa_yazar-john-berger","12":"first","13":"instock","14":"sale","15":"shipping-taxable","16":"purchasable","17":"product-type-simple"},"_links":{"self":[{"href":"https:\/\/roveyayinevi.com.tr\/index.php\/wp-json\/wp\/v2\/product\/705791","targetHints":{"allow":["GET"]}}],"collection":[{"href":"https:\/\/roveyayinevi.com.tr\/index.php\/wp-json\/wp\/v2\/product"}],"about":[{"href":"https:\/\/roveyayinevi.com.tr\/index.php\/wp-json\/wp\/v2\/types\/product"}],"wp:attachment":[{"href":"https:\/\/roveyayinevi.com.tr\/index.php\/wp-json\/wp\/v2\/media?parent=705791"}],"wp:term":[{"taxonomy":"product_brand","embeddable":true,"href":"https:\/\/roveyayinevi.com.tr\/index.php\/wp-json\/wp\/v2\/product_brand?post=705791"},{"taxonomy":"product_cat","embeddable":true,"href":"https:\/\/roveyayinevi.com.tr\/index.php\/wp-json\/wp\/v2\/product_cat?post=705791"},{"taxonomy":"product_tag","embeddable":true,"href":"https:\/\/roveyayinevi.com.tr\/index.php\/wp-json\/wp\/v2\/product_tag?post=705791"}],"curies":[{"name":"wp","href":"https:\/\/api.w.org\/{rel}","templated":true}]}}