{"id":705785,"date":"2025-08-27T15:49:12","date_gmt":"2025-08-27T12:49:12","guid":{"rendered":"https:\/\/roveyayinevi.com.tr\/index.php\/urun\/musteriniz-ne-ister\/"},"modified":"2026-04-16T02:14:30","modified_gmt":"2026-04-15T23:14:30","slug":"musteriniz-ne-ister","status":"publish","type":"product","link":"https:\/\/roveyayinevi.com.tr\/index.php\/urun\/musteriniz-ne-ister\/","title":{"rendered":"M\u00fc\u015fteriniz Ne \u0130ster?"},"content":{"rendered":"<p>\u0130yi bir firman\u0131z var, nitelikli \u00e7al\u0131\u015fanlara ve i\u015f disiplinine sahipsiniz, gece g\u00fcnd\u00fcz \u00e7al\u0131\u015f\u0131yorsunuz, orijinal fikirleriniz var ve bunlar\u0131 hayata ge\u00e7iriyorsunuz ama bir \u015feyler hep yanl\u0131\u015f gidiyor sanki. Bir yandan aksakl\u0131klar, di\u011fer yandan hesapta olmayan harcamalar i\u015fleri s\u00fcrekli olarak sekteye u\u011frat\u0131yor olabilir. Firman\u0131zda i\u015f y\u00f6netimi ile alakal\u0131 s\u0131k\u0131nt\u0131 ya\u015f\u0131yor veya m\u00fc\u015fterilerinizle istedi\u011finiz diyalo\u011fu bir t\u00fcrl\u00fc sa\u011flayam\u0131yor olabilirsiniz. Ya da \u00fcr\u00fcn ve hizmetlerinizi m\u00fc\u015fterilerinize tam olarak anlatamad\u0131\u011f\u0131n\u0131z\u0131 d\u00fc\u015f\u00fcn\u00fcyorsunuz. \ufffcTan\u0131t\u0131m Metni<\/p>\n","protected":false},"excerpt":{"rendered":"<p>\u0130yi bir firman\u0131z var, nitelikli \u00e7al\u0131\u015fanlara ve i\u015f disiplinine sahipsiniz, gece g\u00fcnd\u00fcz \u00e7al\u0131\u015f\u0131yorsunuz, orijinal fikirleriniz var ve bunlar\u0131 hayata ge\u00e7iriyorsunuz ama bir \u015feyler hep yanl\u0131\u015f gidiyor<span class=\"excerpt-hellip\"> [\u2026]<\/span><\/p>\n","protected":false},"featured_media":0,"template":"","meta":{"_monsterinsights_skip_tracking":false,"_monsterinsights_sitenote_active":false,"_monsterinsights_sitenote_note":"","_monsterinsights_sitenote_category":0},"product_brand":[],"product_cat":[13043,17647],"product_tag":[],"class_list":{"0":"post-705785","1":"product","2":"type-product","3":"status-publish","5":"product_cat-ekonomi","6":"product_cat-is-dunyasi","7":"pa_tur-kitap","8":"pa_yayinevi-timas-yayinlari","9":"pa_yazar-yves-pigneur","11":"first","12":"instock","13":"sale","14":"shipping-taxable","15":"purchasable","16":"product-type-simple"},"_links":{"self":[{"href":"https:\/\/roveyayinevi.com.tr\/index.php\/wp-json\/wp\/v2\/product\/705785","targetHints":{"allow":["GET"]}}],"collection":[{"href":"https:\/\/roveyayinevi.com.tr\/index.php\/wp-json\/wp\/v2\/product"}],"about":[{"href":"https:\/\/roveyayinevi.com.tr\/index.php\/wp-json\/wp\/v2\/types\/product"}],"wp:attachment":[{"href":"https:\/\/roveyayinevi.com.tr\/index.php\/wp-json\/wp\/v2\/media?parent=705785"}],"wp:term":[{"taxonomy":"product_brand","embeddable":true,"href":"https:\/\/roveyayinevi.com.tr\/index.php\/wp-json\/wp\/v2\/product_brand?post=705785"},{"taxonomy":"product_cat","embeddable":true,"href":"https:\/\/roveyayinevi.com.tr\/index.php\/wp-json\/wp\/v2\/product_cat?post=705785"},{"taxonomy":"product_tag","embeddable":true,"href":"https:\/\/roveyayinevi.com.tr\/index.php\/wp-json\/wp\/v2\/product_tag?post=705785"}],"curies":[{"name":"wp","href":"https:\/\/api.w.org\/{rel}","templated":true}]}}