{"id":705783,"date":"2025-08-27T15:49:11","date_gmt":"2025-08-27T12:49:11","guid":{"rendered":"https:\/\/roveyayinevi.com.tr\/index.php\/urun\/galat-i-meshur\/"},"modified":"2026-04-16T02:14:30","modified_gmt":"2026-04-15T23:14:30","slug":"galat-i-meshur","status":"publish","type":"product","link":"https:\/\/roveyayinevi.com.tr\/index.php\/urun\/galat-i-meshur\/","title":{"rendered":"Galat-\u0131 Me\u015fhur"},"content":{"rendered":"<p>&#8211; Cemaat polislerinin haz\u0131rlad\u0131\u011f\u0131 dosyada \u201cErmeni\u201d dedikleri muhalefet lideri kim? &#8211; Lise y\u0131llar\u0131nda dinci kampta e\u011fitim alan Ba\u015fbakan kim? &#8211; \u0130slami Devrim i\u00e7in ABD Konsoloslu\u011fu\u2019nu basan AKP\u2019li Bakan kim? &#8211; Erdo\u011fan\u2019\u0131 s\u00fcrekli kand\u0131ran gazeteci kim? &#8211; K\u0131l\u0131\u00e7daro\u011flu\u2019nun \u201cak\u0131l hocas\u0131\u201d sa\u011fc\u0131 Milli M\u00fccadeleci kim? &#8211; \u00d6 calan\u2019a,\u201dK\u00fcrt\u00e7\u00fcl\u00fc\u011f\u00fc b\u0131rak solculuktan ayr\u0131lma\u201d diyen aile b\u00fcy\u00fc\u011f\u00fc kim? &#8211; P KK\u2019y\u0131 as\u0131l b\u00fcy\u00fcten sa\u011fc\u0131 lider kim?.. &#8211; Sa\u011fc\u0131 bilinen solcular; solcu bilinen sa\u011fc\u0131lar kim? &#8211; Paris g\u00fcnlerinde sosyalist olan Cemaat\u00e7i kad\u0131n kim? &#8211; Alevi Mezarl\u0131\u011f\u0131\u2019na gizlice g\u00f6m\u00fclen Nazi subay\u0131 kim? &#8211; S\u00fcleyman Hilmi Tunahan\u2019\u0131n \u201ctalebesi\u201d CIA g\u00f6revlisi kim? &#8211; Hitler i\u00e7in dua eden Nurcu kim? &#8211; Osmanl\u0131\u2019dan g\u00fcn\u00fcm\u00fcze casus gazeteciler kim? &#8211; Atat\u00fcrk ve arkada\u015flar\u0131n\u0131n ruhunu \u00e7a\u011f\u0131rd\u0131\u011f\u0131 Osmanl\u0131 padi\u015fah\u0131 kim? &#8211; Ve HDP milletvekillerinin sicili; kim asl\u0131nda kimdir? <\/p>\n","protected":false},"excerpt":{"rendered":"<p>&#8211; Cemaat polislerinin haz\u0131rlad\u0131\u011f\u0131 dosyada \u201cErmeni\u201d dedikleri muhalefet lideri kim? &#8211; Lise y\u0131llar\u0131nda dinci kampta e\u011fitim alan Ba\u015fbakan kim? &#8211; \u0130slami Devrim i\u00e7in ABD Konsoloslu\u011fu\u2019nu basan<span class=\"excerpt-hellip\"> [\u2026]<\/span><\/p>\n","protected":false},"featured_media":0,"template":"","meta":{"_monsterinsights_skip_tracking":false,"_monsterinsights_sitenote_active":false,"_monsterinsights_sitenote_note":"","_monsterinsights_sitenote_category":0},"product_brand":[],"product_cat":[12337,14543],"product_tag":[],"class_list":{"0":"post-705783","1":"product","2":"type-product","3":"status-publish","5":"product_cat-politika-siyaset","6":"product_cat-turkiye-siyaseti-ve-politikasi","7":"pa_cilt-ciltsiz","8":"pa_tur-kitap","9":"pa_yayinevi-kirmizi-kedi-yayinevi","10":"pa_yazar-soner-yalcin","12":"first","13":"instock","14":"sale","15":"shipping-taxable","16":"purchasable","17":"product-type-simple"},"_links":{"self":[{"href":"https:\/\/roveyayinevi.com.tr\/index.php\/wp-json\/wp\/v2\/product\/705783","targetHints":{"allow":["GET"]}}],"collection":[{"href":"https:\/\/roveyayinevi.com.tr\/index.php\/wp-json\/wp\/v2\/product"}],"about":[{"href":"https:\/\/roveyayinevi.com.tr\/index.php\/wp-json\/wp\/v2\/types\/product"}],"wp:attachment":[{"href":"https:\/\/roveyayinevi.com.tr\/index.php\/wp-json\/wp\/v2\/media?parent=705783"}],"wp:term":[{"taxonomy":"product_brand","embeddable":true,"href":"https:\/\/roveyayinevi.com.tr\/index.php\/wp-json\/wp\/v2\/product_brand?post=705783"},{"taxonomy":"product_cat","embeddable":true,"href":"https:\/\/roveyayinevi.com.tr\/index.php\/wp-json\/wp\/v2\/product_cat?post=705783"},{"taxonomy":"product_tag","embeddable":true,"href":"https:\/\/roveyayinevi.com.tr\/index.php\/wp-json\/wp\/v2\/product_tag?post=705783"}],"curies":[{"name":"wp","href":"https:\/\/api.w.org\/{rel}","templated":true}]}}