{"id":705781,"date":"2025-08-27T15:49:10","date_gmt":"2025-08-27T12:49:10","guid":{"rendered":"https:\/\/roveyayinevi.com.tr\/index.php\/urun\/marxtan-yeniden-dogmak\/"},"modified":"2026-04-16T02:14:30","modified_gmt":"2026-04-15T23:14:30","slug":"marxtan-yeniden-dogmak","status":"publish","type":"product","link":"https:\/\/roveyayinevi.com.tr\/index.php\/urun\/marxtan-yeniden-dogmak\/","title":{"rendered":"Marx\u2019tan Yeniden Do\u011fmak"},"content":{"rendered":"<p>Himani Bannerji, yetmi\u015f ya\u015flar\u0131nda, Hintli bir kad\u0131n sosyolog. \u00dc\u00e7\u00fcnc\u00fc D\u00fcnyal\u0131 bilge y\u00fcz\u00fc, bizim i\u00e7in \u00e7ok tan\u0131d\u0131k. Hindistan\u2019da, Bengal\u2019de en iyi s\u00f6m\u00fcrge okullar\u0131nda okuduktan sonra Bat\u0131\u2019yla tan\u0131\u015fmaya gidince, kendisine belletilen evrensel e\u015fit insanl\u0131k inan\u0131\u015f\u0131n\u0131n tam bir masal oldu\u011funu, Beyaz ve erkek olmad\u0131k\u00e7a Bat\u0131\u2019da tam insan say\u0131lmad\u0131\u011f\u0131n\u0131 ac\u0131 bir bi\u00e7imde ke\u015ffediyor. B\u00fcy\u00fckl\u00fc\u011f\u00fc de i\u015fte tam o anda ba\u015fl\u0131yor. \u00c7\u00fcnk\u00fc boyun e\u011fece\u011fine, kendisine en uygun yoldan gidip \u2018ac\u0131y\u0131 devrimci kuram eyliyor\u2019. B\u00f6ylece de kar\u015f\u0131m\u0131za, Marksizmle feminizmi, ama Beyaz\/burjuva de\u011fil ezilmi\u015flerin feminizmini kayna\u015ft\u0131ran m\u00fcthi\u015f bir kuramsal bak\u0131\u015fla \u00e7\u0131k\u0131yor. \ufffcTan\u0131t\u0131m Metni<\/p>\n","protected":false},"excerpt":{"rendered":"<p>Himani Bannerji, yetmi\u015f ya\u015flar\u0131nda, Hintli bir kad\u0131n sosyolog. \u00dc\u00e7\u00fcnc\u00fc D\u00fcnyal\u0131 bilge y\u00fcz\u00fc, bizim i\u00e7in \u00e7ok tan\u0131d\u0131k. Hindistan\u2019da, Bengal\u2019de en iyi s\u00f6m\u00fcrge okullar\u0131nda okuduktan sonra Bat\u0131\u2019yla tan\u0131\u015fmaya<span class=\"excerpt-hellip\"> [\u2026]<\/span><\/p>\n","protected":false},"featured_media":0,"template":"","meta":{"_monsterinsights_skip_tracking":false,"_monsterinsights_sitenote_active":false,"_monsterinsights_sitenote_note":"","_monsterinsights_sitenote_category":0},"product_brand":[],"product_cat":[12835,12324],"product_tag":[],"class_list":{"0":"post-705781","1":"product","2":"type-product","3":"status-publish","5":"product_cat-genel-sosyoloji","6":"product_cat-sosyoloji","7":"pa_cilt-ciltsiz","8":"pa_tur-kitap","9":"pa_yayinevi-yordam-kitap","10":"pa_yazar-himani-bannerji","12":"first","13":"instock","14":"sale","15":"shipping-taxable","16":"purchasable","17":"product-type-simple"},"_links":{"self":[{"href":"https:\/\/roveyayinevi.com.tr\/index.php\/wp-json\/wp\/v2\/product\/705781","targetHints":{"allow":["GET"]}}],"collection":[{"href":"https:\/\/roveyayinevi.com.tr\/index.php\/wp-json\/wp\/v2\/product"}],"about":[{"href":"https:\/\/roveyayinevi.com.tr\/index.php\/wp-json\/wp\/v2\/types\/product"}],"wp:attachment":[{"href":"https:\/\/roveyayinevi.com.tr\/index.php\/wp-json\/wp\/v2\/media?parent=705781"}],"wp:term":[{"taxonomy":"product_brand","embeddable":true,"href":"https:\/\/roveyayinevi.com.tr\/index.php\/wp-json\/wp\/v2\/product_brand?post=705781"},{"taxonomy":"product_cat","embeddable":true,"href":"https:\/\/roveyayinevi.com.tr\/index.php\/wp-json\/wp\/v2\/product_cat?post=705781"},{"taxonomy":"product_tag","embeddable":true,"href":"https:\/\/roveyayinevi.com.tr\/index.php\/wp-json\/wp\/v2\/product_tag?post=705781"}],"curies":[{"name":"wp","href":"https:\/\/api.w.org\/{rel}","templated":true}]}}