{"id":705779,"date":"2025-08-27T15:49:10","date_gmt":"2025-08-27T12:49:10","guid":{"rendered":"https:\/\/roveyayinevi.com.tr\/index.php\/urun\/kaynak-tuketim-muhasebe-modeli\/"},"modified":"2026-04-16T02:14:30","modified_gmt":"2026-04-15T23:14:30","slug":"kaynak-tuketim-muhasebe-modeli","status":"publish","type":"product","link":"https:\/\/roveyayinevi.com.tr\/index.php\/urun\/kaynak-tuketim-muhasebe-modeli\/","title":{"rendered":"Kaynak T\u00fcketim Muhasebe Modeli"},"content":{"rendered":"<p>1.B\u00f6l\u00fcm :Rekabet2.B\u00f6l\u00fcm :Kaynak Tabanl\u0131 Yakla\u015f\u0131m3.B\u00f6l\u00fcm: Kaynak T\u00fcketim Muhasebesi Modeli4.B\u00f6l\u00fcm :Kaynak T\u00fcketim Muhasebesi Modellerinin Bir \u00dcretim \u0130\u015fletmesinde Uygulamas\u0131 <\/p>\n","protected":false},"excerpt":{"rendered":"<p>1.B\u00f6l\u00fcm :Rekabet2.B\u00f6l\u00fcm :Kaynak Tabanl\u0131 Yakla\u015f\u0131m3.B\u00f6l\u00fcm: Kaynak T\u00fcketim Muhasebesi Modeli4.B\u00f6l\u00fcm :Kaynak T\u00fcketim Muhasebesi Modellerinin Bir \u00dcretim \u0130\u015fletmesinde Uygulamas\u0131<\/p>\n","protected":false},"featured_media":0,"template":"","meta":{"_monsterinsights_skip_tracking":false,"_monsterinsights_sitenote_active":false,"_monsterinsights_sitenote_note":"","_monsterinsights_sitenote_category":0},"product_brand":[],"product_cat":[12573,12566],"product_tag":[],"class_list":{"0":"post-705779","1":"product","2":"type-product","3":"status-publish","5":"product_cat-akademik-kitaplar","6":"product_cat-egitim","7":"pa_cilt-ciltsiz","8":"pa_tur-kitap","9":"pa_yayinevi-gazi-kitabevi","10":"pa_yazar-kadir-tutkavul","12":"first","13":"instock","14":"sale","15":"shipping-taxable","16":"purchasable","17":"product-type-simple"},"_links":{"self":[{"href":"https:\/\/roveyayinevi.com.tr\/index.php\/wp-json\/wp\/v2\/product\/705779","targetHints":{"allow":["GET"]}}],"collection":[{"href":"https:\/\/roveyayinevi.com.tr\/index.php\/wp-json\/wp\/v2\/product"}],"about":[{"href":"https:\/\/roveyayinevi.com.tr\/index.php\/wp-json\/wp\/v2\/types\/product"}],"wp:attachment":[{"href":"https:\/\/roveyayinevi.com.tr\/index.php\/wp-json\/wp\/v2\/media?parent=705779"}],"wp:term":[{"taxonomy":"product_brand","embeddable":true,"href":"https:\/\/roveyayinevi.com.tr\/index.php\/wp-json\/wp\/v2\/product_brand?post=705779"},{"taxonomy":"product_cat","embeddable":true,"href":"https:\/\/roveyayinevi.com.tr\/index.php\/wp-json\/wp\/v2\/product_cat?post=705779"},{"taxonomy":"product_tag","embeddable":true,"href":"https:\/\/roveyayinevi.com.tr\/index.php\/wp-json\/wp\/v2\/product_tag?post=705779"}],"curies":[{"name":"wp","href":"https:\/\/api.w.org\/{rel}","templated":true}]}}