{"id":705777,"date":"2025-08-27T15:49:09","date_gmt":"2025-08-27T12:49:09","guid":{"rendered":"https:\/\/roveyayinevi.com.tr\/index.php\/urun\/yeni-ozlestirme-kilavuzu\/"},"modified":"2026-04-16T02:14:29","modified_gmt":"2026-04-15T23:14:29","slug":"yeni-ozlestirme-kilavuzu","status":"publish","type":"product","link":"https:\/\/roveyayinevi.com.tr\/index.php\/urun\/yeni-ozlestirme-kilavuzu\/","title":{"rendered":"Yeni \u00d6zle\u015ftirme K\u0131lavuzu"},"content":{"rendered":"<p>Yeni \u00d6zle\u015ftirme K\u0131lavuzu, T\u00fcrk\u00e7enin son otuz y\u0131l\u0131na ayna tutuyor. Yazarak, konu\u015farak toplumun g\u00f6z\u00fc \u00f6n\u00fcnde olanlar\u0131n, bas\u0131n yay\u0131n\u0131n dil kullan\u0131m\u0131ndaki \u00f6zensizli\u011fi, ya\u015fam\u0131n her alan\u0131na yans\u0131yor. Yayg\u0131nla\u015fm\u0131\u015f T\u00fcrk\u00e7e kar\u015f\u0131l\u0131\u011f\u0131 varken s\u00f6zc\u00fcklerin yabanc\u0131 kar\u015f\u0131l\u0131klar\u0131 geli\u015fig\u00fczel kullan\u0131l\u0131yor; bir yandan da kullan\u0131mdan d\u00fc\u015fen Arap\u00e7a-Fars\u00e7a s\u00f6zc\u00fckler yeniden kullan\u0131m alan\u0131na sokuluyor. Dil Derne\u011fi olarak K\u0131rm\u0131z\u0131 Kedi Yay\u0131nevi\u2019nin deste\u011fiyle yazan ve konu\u015fanlara Yeni \u00d6zle\u015ftirme K\u0131lavuzu ile yol g\u00f6stermek, \u00f6neriler sunmak istedik. <\/p>\n","protected":false},"excerpt":{"rendered":"<p>Yeni \u00d6zle\u015ftirme K\u0131lavuzu, T\u00fcrk\u00e7enin son otuz y\u0131l\u0131na ayna tutuyor. Yazarak, konu\u015farak toplumun g\u00f6z\u00fc \u00f6n\u00fcnde olanlar\u0131n, bas\u0131n yay\u0131n\u0131n dil kullan\u0131m\u0131ndaki \u00f6zensizli\u011fi, ya\u015fam\u0131n her alan\u0131na yans\u0131yor. Yayg\u0131nla\u015fm\u0131\u015f T\u00fcrk\u00e7e<span class=\"excerpt-hellip\"> [\u2026]<\/span><\/p>\n","protected":false},"featured_media":0,"template":"","meta":{"_monsterinsights_skip_tracking":false,"_monsterinsights_sitenote_active":false,"_monsterinsights_sitenote_note":"","_monsterinsights_sitenote_category":0},"product_brand":[],"product_cat":[12566,13611],"product_tag":[],"class_list":{"0":"post-705777","1":"product","2":"type-product","3":"status-publish","5":"product_cat-egitim","6":"product_cat-sozlukler-ve-konusma-kilavuzlari","7":"pa_tur-kitap","8":"pa_yayinevi-kirmizi-kedi-yayinevi","9":"pa_yazar-kaya-turkay","11":"first","12":"instock","13":"sale","14":"shipping-taxable","15":"purchasable","16":"product-type-simple"},"_links":{"self":[{"href":"https:\/\/roveyayinevi.com.tr\/index.php\/wp-json\/wp\/v2\/product\/705777","targetHints":{"allow":["GET"]}}],"collection":[{"href":"https:\/\/roveyayinevi.com.tr\/index.php\/wp-json\/wp\/v2\/product"}],"about":[{"href":"https:\/\/roveyayinevi.com.tr\/index.php\/wp-json\/wp\/v2\/types\/product"}],"wp:attachment":[{"href":"https:\/\/roveyayinevi.com.tr\/index.php\/wp-json\/wp\/v2\/media?parent=705777"}],"wp:term":[{"taxonomy":"product_brand","embeddable":true,"href":"https:\/\/roveyayinevi.com.tr\/index.php\/wp-json\/wp\/v2\/product_brand?post=705777"},{"taxonomy":"product_cat","embeddable":true,"href":"https:\/\/roveyayinevi.com.tr\/index.php\/wp-json\/wp\/v2\/product_cat?post=705777"},{"taxonomy":"product_tag","embeddable":true,"href":"https:\/\/roveyayinevi.com.tr\/index.php\/wp-json\/wp\/v2\/product_tag?post=705777"}],"curies":[{"name":"wp","href":"https:\/\/api.w.org\/{rel}","templated":true}]}}