{"id":705775,"date":"2025-08-27T15:49:08","date_gmt":"2025-08-27T12:49:08","guid":{"rendered":"https:\/\/roveyayinevi.com.tr\/index.php\/urun\/televizyon-sosyolojisi\/"},"modified":"2026-04-16T02:14:29","modified_gmt":"2026-04-15T23:14:29","slug":"televizyon-sosyolojisi","status":"publish","type":"product","link":"https:\/\/roveyayinevi.com.tr\/index.php\/urun\/televizyon-sosyolojisi\/","title":{"rendered":"Televizyon Sosyolojisi"},"content":{"rendered":"<p>Frans\u0131z reklamc\u0131 Jacques Seguela\u2019n\u0131n \u201cTelevizyon, insanlar\u0131n g\u00fcnl\u00fck gevezeli\u011fidir.\u201d dedi\u011fi tarihin \u00fczerinden \u00e7eyrek y\u00fczy\u0131ldan fazla zaman ge\u00e7ti. Fakat bu s\u00fcre i\u00e7inde Seguela\u2019n\u0131n s\u00f6z\u00fcn\u00fc etti\u011fi hakikat de\u011fi\u015fmedi\u011fi gibi d\u00f6n\u00fc\u015ferek alan\u0131n\u0131 da geni\u015fletti ve gevezelikten \u00f6te, tortula\u015fm\u0131\u015f bir yakla\u015f\u0131mla, ku\u015fat\u0131c\u0131 bir d\u00fc\u015f\u00fcnsel gelenek halini ald\u0131: K\u0131sa s\u00fcrede modern \u00e7a\u011f\u0131n en yayg\u0131n, en g\u00f6rkemli ve en egemen ileti\u015fim arac\u0131 haline gelen televizyon, toplumlar\u0131n nas\u0131l konu\u015faca\u011f\u0131ndan nas\u0131l y\u00f6netilece\u011fine, kimin hangi rol\u00fc oynayaca\u011f\u0131ndan kimin kahraman, kimin d\u00fc\u015fman haline getirilece\u011fine kadar, toplum ya\u015fam\u0131n\u0131n her alan\u0131na m\u00fcdahale eden, hatta siyasal s\u00fcre\u00e7leri dahi y\u00f6nlendirebilen bir araca d\u00f6n\u00fc\u015ft\u00fc. <\/p>\n","protected":false},"excerpt":{"rendered":"<p>Frans\u0131z reklamc\u0131 Jacques Seguela\u2019n\u0131n \u201cTelevizyon, insanlar\u0131n g\u00fcnl\u00fck gevezeli\u011fidir.\u201d dedi\u011fi tarihin \u00fczerinden \u00e7eyrek y\u00fczy\u0131ldan fazla zaman ge\u00e7ti. Fakat bu s\u00fcre i\u00e7inde Seguela\u2019n\u0131n s\u00f6z\u00fcn\u00fc etti\u011fi hakikat de\u011fi\u015fmedi\u011fi gibi<span class=\"excerpt-hellip\"> [\u2026]<\/span><\/p>\n","protected":false},"featured_media":0,"template":"","meta":{"_monsterinsights_skip_tracking":false,"_monsterinsights_sitenote_active":false,"_monsterinsights_sitenote_note":"","_monsterinsights_sitenote_category":0},"product_brand":[],"product_cat":[12835,12324],"product_tag":[],"class_list":{"0":"post-705775","1":"product","2":"type-product","3":"status-publish","5":"product_cat-genel-sosyoloji","6":"product_cat-sosyoloji","7":"pa_tur-kitap","8":"pa_yayinevi-phoenix-yayinevi","9":"pa_yazar-sedat-cereci","11":"first","12":"instock","13":"sale","14":"shipping-taxable","15":"purchasable","16":"product-type-simple"},"_links":{"self":[{"href":"https:\/\/roveyayinevi.com.tr\/index.php\/wp-json\/wp\/v2\/product\/705775","targetHints":{"allow":["GET"]}}],"collection":[{"href":"https:\/\/roveyayinevi.com.tr\/index.php\/wp-json\/wp\/v2\/product"}],"about":[{"href":"https:\/\/roveyayinevi.com.tr\/index.php\/wp-json\/wp\/v2\/types\/product"}],"wp:attachment":[{"href":"https:\/\/roveyayinevi.com.tr\/index.php\/wp-json\/wp\/v2\/media?parent=705775"}],"wp:term":[{"taxonomy":"product_brand","embeddable":true,"href":"https:\/\/roveyayinevi.com.tr\/index.php\/wp-json\/wp\/v2\/product_brand?post=705775"},{"taxonomy":"product_cat","embeddable":true,"href":"https:\/\/roveyayinevi.com.tr\/index.php\/wp-json\/wp\/v2\/product_cat?post=705775"},{"taxonomy":"product_tag","embeddable":true,"href":"https:\/\/roveyayinevi.com.tr\/index.php\/wp-json\/wp\/v2\/product_tag?post=705775"}],"curies":[{"name":"wp","href":"https:\/\/api.w.org\/{rel}","templated":true}]}}