{"id":705771,"date":"2025-08-27T15:49:07","date_gmt":"2025-08-27T12:49:07","guid":{"rendered":"https:\/\/roveyayinevi.com.tr\/index.php\/urun\/liberal-virus\/"},"modified":"2026-04-16T02:14:29","modified_gmt":"2026-04-15T23:14:29","slug":"liberal-virus","status":"publish","type":"product","link":"https:\/\/roveyayinevi.com.tr\/index.php\/urun\/liberal-virus\/","title":{"rendered":"Liberal Vir\u00fcs"},"content":{"rendered":"<p>T\u00fcm d\u00fcnyada oldu\u011fu gibi \u00fclkemizde de \u00e7ok yayg\u0131n bir vir\u00fcs t\u00fcr\u00fc. Peki ya semptomlar\u0131 neler? Belli bir b\u00fcnyeyi ya da co\u011frafyay\u0131 sar\u0131p, nas\u0131l ilerliyor? \u00c7aresi var m\u0131? Samir Amin\u2019in \u201cS\u00fcrekli Sava\u015f ve D\u00fcnyan\u0131n Amerikanla\u015ft\u0131r\u0131lmas\u0131\u201d altba\u015fl\u0131\u011f\u0131n\u0131 ta\u015f\u0131yan Liberal Vir\u00fcs\u2019\u00fc, bu sorulara yan\u0131t arayan, \u00f6zl\u00fc ve etkili bir kitap. Liberal toplum anlay\u0131\u015f\u0131n\u0131, liberalizmin ideolojik temellerini ve postmodernizmi tart\u0131\u015farak ba\u015flayan kitap, k\u00fcreselle\u015fmi\u015f liberalizmin vaatlerine ve g\u00fcn\u00fcm\u00fcz liberalizminin tehditlerine odaklanarak ilerliyor. Amerikan emperyalizminin d\u00fcnyadaki egemenli\u011fini nas\u0131l kurup peki\u015ftirdi\u011fini de tart\u0131\u015fan Liberal Vir\u00fcs, do\u011fal kaynaklar\u0131 y\u0131k\u0131p ge\u00e7en ve kitleleri giderek daha fazla yoksullu\u011fa iten bu s\u00f6m\u00fcr\u00fc sisteminin, \u00f6nceki d\u00f6nemlerden daha barbarca bir yol takip edebilece\u011fi ihtimali \u00fczerinde duruyor. Kitab\u0131n, \u201cD\u00f6n\u00fc\u015f\u00fcm Halindeki D\u00fcnya Sistemi\u201d ba\u015fl\u0131\u011f\u0131n\u0131 ta\u015f\u0131yan ve sadece T\u00fcrk\u00e7e edisyonunda yer alan ikinci b\u00f6l\u00fcm\u00fc ise, IMF, DT\u00d6, AB gibi kurum ve kurulu\u015flar\u0131n incelenmesiyle ba\u015fl\u0131yor. Ard\u0131ndan, yeni k\u00fcreselle\u015fme dalgas\u0131 kar\u015f\u0131s\u0131nda gelece\u011fe d\u00f6n\u00fck senaryolar tart\u0131\u015f\u0131l\u0131yor, \u00e7at\u0131\u015fma ve sava\u015flar\u0131n ortas\u0131nda ne t\u00fcr alternatif \u00f6neriler getirilebilece\u011fi, \u201c\u00e7ok kutuplu demokratik bir d\u00fcnya kurma\u201dn\u0131n m\u00fcmk\u00fcn olup olmad\u0131\u011f\u0131 de\u011ferlendiriliyor.<\/p>\n","protected":false},"excerpt":{"rendered":"<p>T\u00fcm d\u00fcnyada oldu\u011fu gibi \u00fclkemizde de \u00e7ok yayg\u0131n bir vir\u00fcs t\u00fcr\u00fc. Peki ya semptomlar\u0131 neler? Belli bir b\u00fcnyeyi ya da co\u011frafyay\u0131 sar\u0131p, nas\u0131l ilerliyor? \u00c7aresi var<span class=\"excerpt-hellip\"> [\u2026]<\/span><\/p>\n","protected":false},"featured_media":0,"template":"","meta":{"_monsterinsights_skip_tracking":false,"_monsterinsights_sitenote_active":false,"_monsterinsights_sitenote_note":"","_monsterinsights_sitenote_category":0},"product_brand":[],"product_cat":[12337,17225],"product_tag":[],"class_list":{"0":"post-705771","1":"product","2":"type-product","3":"status-publish","5":"product_cat-politika-siyaset","6":"product_cat-uluslararasi-iliskiler","7":"pa_cilt-ciltsiz","8":"pa_tur-kitap","9":"pa_yayinevi-yordam-kitap","10":"pa_yazar-samir-amin","12":"first","13":"instock","14":"sale","15":"shipping-taxable","16":"purchasable","17":"product-type-simple"},"_links":{"self":[{"href":"https:\/\/roveyayinevi.com.tr\/index.php\/wp-json\/wp\/v2\/product\/705771","targetHints":{"allow":["GET"]}}],"collection":[{"href":"https:\/\/roveyayinevi.com.tr\/index.php\/wp-json\/wp\/v2\/product"}],"about":[{"href":"https:\/\/roveyayinevi.com.tr\/index.php\/wp-json\/wp\/v2\/types\/product"}],"wp:attachment":[{"href":"https:\/\/roveyayinevi.com.tr\/index.php\/wp-json\/wp\/v2\/media?parent=705771"}],"wp:term":[{"taxonomy":"product_brand","embeddable":true,"href":"https:\/\/roveyayinevi.com.tr\/index.php\/wp-json\/wp\/v2\/product_brand?post=705771"},{"taxonomy":"product_cat","embeddable":true,"href":"https:\/\/roveyayinevi.com.tr\/index.php\/wp-json\/wp\/v2\/product_cat?post=705771"},{"taxonomy":"product_tag","embeddable":true,"href":"https:\/\/roveyayinevi.com.tr\/index.php\/wp-json\/wp\/v2\/product_tag?post=705771"}],"curies":[{"name":"wp","href":"https:\/\/api.w.org\/{rel}","templated":true}]}}