{"id":705768,"date":"2025-08-27T15:49:05","date_gmt":"2025-08-27T12:49:05","guid":{"rendered":"https:\/\/roveyayinevi.com.tr\/index.php\/urun\/cunku-bir-anlami-vardir\/"},"modified":"2025-12-30T10:00:05","modified_gmt":"2025-12-30T07:00:05","slug":"cunku-bir-anlami-vardir","status":"publish","type":"product","link":"https:\/\/roveyayinevi.com.tr\/index.php\/urun\/cunku-bir-anlami-vardir\/","title":{"rendered":"\u00c7\u00fcnk\u00fc Bir Anlam\u0131 Vard\u0131r"},"content":{"rendered":"<p>Cem G\u00fcvent\u00fcrk d\u00fcnya \u00e7ap\u0131nda bir \u00e7izerdir. As\u0131l s\u00f6ylemek istedi\u011fimi ba\u015ftan s\u00f6yleyeyim \u00e7\u00fcnk\u00fc gerisi teferruat. Leman, Penguen ve \u015fimdi de KaraKarga Dergi\u2019de birlikte \u00e7al\u0131\u015ft\u0131\u011f\u0131m, hem buldu\u011fu konular, hem tespitleri ama \u00f6zellikle \u00e7izgilerine ve \u00e7izgilerinin evrenselli\u011fine hep hayran oldu\u011fum Cem\u2019in birbirinden e\u011flenceli kareleri bu kitapta topland\u0131. D\u00fcnyadaki t\u00fcm \u2018geek\u2019lerin g\u00fcc\u00fc ad\u0131na, \u00e7ok uzun y\u0131llar bizi besleyecek ve birbiri ard\u0131na yay\u0131mlanarak olu\u015faca\u011f\u0131na inand\u0131\u011f\u0131m bir k\u00fclliyat\u0131n ilk eserine kavu\u015fmu\u015f bulunmaktay\u0131z.\ufffcTan\u0131t\u0131m Metni<\/p>\n","protected":false},"excerpt":{"rendered":"<p>Cem G\u00fcvent\u00fcrk d\u00fcnya \u00e7ap\u0131nda bir \u00e7izerdir. As\u0131l s\u00f6ylemek istedi\u011fimi ba\u015ftan s\u00f6yleyeyim \u00e7\u00fcnk\u00fc gerisi teferruat. Leman, Penguen ve \u015fimdi de KaraKarga Dergi\u2019de birlikte \u00e7al\u0131\u015ft\u0131\u011f\u0131m, hem buldu\u011fu konular,<span class=\"excerpt-hellip\"> [\u2026]<\/span><\/p>\n","protected":false},"featured_media":0,"template":"","meta":{"_monsterinsights_skip_tracking":false,"_monsterinsights_sitenote_active":false,"_monsterinsights_sitenote_note":"","_monsterinsights_sitenote_category":0},"product_brand":[],"product_cat":[12416,12291],"product_tag":[],"class_list":{"0":"post-705768","1":"product","2":"type-product","3":"status-publish","5":"product_cat-cizgi-roman","6":"product_cat-edebiyat","7":"pa_cilt-ciltsiz","8":"pa_tur-kitap","9":"pa_yayinevi-kara-karga-yayinlari","10":"pa_yazar-cem-guventurk","12":"first","13":"instock","14":"sale","15":"shipping-taxable","16":"purchasable","17":"product-type-simple"},"_links":{"self":[{"href":"https:\/\/roveyayinevi.com.tr\/index.php\/wp-json\/wp\/v2\/product\/705768","targetHints":{"allow":["GET"]}}],"collection":[{"href":"https:\/\/roveyayinevi.com.tr\/index.php\/wp-json\/wp\/v2\/product"}],"about":[{"href":"https:\/\/roveyayinevi.com.tr\/index.php\/wp-json\/wp\/v2\/types\/product"}],"wp:attachment":[{"href":"https:\/\/roveyayinevi.com.tr\/index.php\/wp-json\/wp\/v2\/media?parent=705768"}],"wp:term":[{"taxonomy":"product_brand","embeddable":true,"href":"https:\/\/roveyayinevi.com.tr\/index.php\/wp-json\/wp\/v2\/product_brand?post=705768"},{"taxonomy":"product_cat","embeddable":true,"href":"https:\/\/roveyayinevi.com.tr\/index.php\/wp-json\/wp\/v2\/product_cat?post=705768"},{"taxonomy":"product_tag","embeddable":true,"href":"https:\/\/roveyayinevi.com.tr\/index.php\/wp-json\/wp\/v2\/product_tag?post=705768"}],"curies":[{"name":"wp","href":"https:\/\/api.w.org\/{rel}","templated":true}]}}