{"id":705767,"date":"2025-08-27T15:49:05","date_gmt":"2025-08-27T12:49:05","guid":{"rendered":"https:\/\/roveyayinevi.com.tr\/index.php\/urun\/osman-hamdi-bey\/"},"modified":"2026-04-16T02:14:29","modified_gmt":"2026-04-15T23:14:29","slug":"osman-hamdi-bey","status":"publish","type":"product","link":"https:\/\/roveyayinevi.com.tr\/index.php\/urun\/osman-hamdi-bey\/","title":{"rendered":"Osman Hamdi Bey"},"content":{"rendered":"<p>Arda&#8217;n\u0131n okulunun bug\u00fcn &#8216;gezi&#8217; g\u00fcn\u00fc! Gezi g\u00fcnlerinde bazen tiyatroya, bazen sergiye, bazen de m\u00fczeye gidiyorlar. Bug\u00fcnk\u00fc okul gezisinde, Arda ve arkada\u015flar\u0131, \u0130stanbul Arkeoloji M\u00fczesi&#8217;ni ziyaret edecekler. M\u00fcze ziyaretleri s\u0131ras\u0131nda Osman Hamdi Bey&#8217;i tan\u0131yacak, \u00f6zelliklerini \u00f6\u011frenecek ve arkeolog, ressam, m\u00fczeci gibi meslekler ile ilgili bilgi edinecekler. Bu geziye onlarla birlikte \u00e7\u0131kmak ister misiniz? <\/p>\n","protected":false},"excerpt":{"rendered":"<p>Arda&#8217;n\u0131n okulunun bug\u00fcn &#8216;gezi&#8217; g\u00fcn\u00fc! Gezi g\u00fcnlerinde bazen tiyatroya, bazen sergiye, bazen de m\u00fczeye gidiyorlar. Bug\u00fcnk\u00fc okul gezisinde, Arda ve arkada\u015flar\u0131, \u0130stanbul Arkeoloji M\u00fczesi&#8217;ni ziyaret edecekler.<span class=\"excerpt-hellip\"> [\u2026]<\/span><\/p>\n","protected":false},"featured_media":0,"template":"","meta":{"_monsterinsights_skip_tracking":false,"_monsterinsights_sitenote_active":false,"_monsterinsights_sitenote_note":"","_monsterinsights_sitenote_category":0},"product_brand":[],"product_cat":[12275,12274],"product_tag":[],"class_list":{"0":"post-705767","1":"product","2":"type-product","3":"status-publish","5":"product_cat-6-12-yas-kitaplari","6":"product_cat-cocuk-ve-genclik-kitaplari","7":"pa_cilt-ciltsiz","8":"pa_tur-kitap","9":"pa_yayinevi-potikare-yayincilik","10":"pa_yazar-meltem-ulu","12":"first","13":"instock","14":"sale","15":"shipping-taxable","16":"purchasable","17":"product-type-simple"},"_links":{"self":[{"href":"https:\/\/roveyayinevi.com.tr\/index.php\/wp-json\/wp\/v2\/product\/705767","targetHints":{"allow":["GET"]}}],"collection":[{"href":"https:\/\/roveyayinevi.com.tr\/index.php\/wp-json\/wp\/v2\/product"}],"about":[{"href":"https:\/\/roveyayinevi.com.tr\/index.php\/wp-json\/wp\/v2\/types\/product"}],"wp:attachment":[{"href":"https:\/\/roveyayinevi.com.tr\/index.php\/wp-json\/wp\/v2\/media?parent=705767"}],"wp:term":[{"taxonomy":"product_brand","embeddable":true,"href":"https:\/\/roveyayinevi.com.tr\/index.php\/wp-json\/wp\/v2\/product_brand?post=705767"},{"taxonomy":"product_cat","embeddable":true,"href":"https:\/\/roveyayinevi.com.tr\/index.php\/wp-json\/wp\/v2\/product_cat?post=705767"},{"taxonomy":"product_tag","embeddable":true,"href":"https:\/\/roveyayinevi.com.tr\/index.php\/wp-json\/wp\/v2\/product_tag?post=705767"}],"curies":[{"name":"wp","href":"https:\/\/api.w.org\/{rel}","templated":true}]}}