{"id":705766,"date":"2025-08-27T15:49:05","date_gmt":"2025-08-27T12:49:05","guid":{"rendered":"https:\/\/roveyayinevi.com.tr\/index.php\/urun\/kuresel-kukla-akp\/"},"modified":"2025-09-10T05:54:49","modified_gmt":"2025-09-10T02:54:49","slug":"kuresel-kukla-akp","status":"publish","type":"product","link":"https:\/\/roveyayinevi.com.tr\/index.php\/urun\/kuresel-kukla-akp\/","title":{"rendered":"K\u00fcresel Kukla AKP"},"content":{"rendered":"<p>Konumuzla ilgili ilk kitab\u0131 eski Milli G\u00f6r\u00fc\u015f\u00e7\u00fc, yeni AKP&#8217;li Nasuhi G\u00fcng\u00f6r yazm\u0131\u015ft\u0131. Kaderin cilvesine bak\u0131n ki, G\u00fcng\u00f6r&#8217;\u00fcn Siyonizm&#8217;in ve ABD&#8217;nin g\u00fcd\u00fcm\u00fcyle AKP&#8217;yi kurduklar\u0131n\u0131 iddia etti\u011fi kadrolar, kendisini TRT Haber ve Spor Yay\u0131nlar\u0131 Daire Ba\u015fkanl\u0131\u011f\u0131na getiriyor, onun &#8220;Yenilik\u00e7ilerin Siyonizm ve ABD&#8217;nin deste\u011fiyle Refah Partisi&#8217;ni b\u00f6ld\u00fc\u011f\u00fc&#8221; iddialar\u0131n\u0131n yer ald\u0131\u011f\u0131 kitab\u0131ndan 20.000 adete yak\u0131n sat\u0131n al\u0131p da\u011f\u0131tan Numan Kurtulmu\u015f, &#8216;Milli G\u00f6r\u00fc\u015f G\u00f6mle\u011fi&#8217;nden kurtulup, TRT&#8217;den sorumlu Ba\u015fbakan Yard\u0131mc\u0131l\u0131\u011f\u0131 g\u00f6revine gelir gelmez onu daire ba\u015fkanl\u0131\u011f\u0131 g\u00f6revinden al\u0131yordu.  Bu g\u00f6revden al\u0131n\u0131\u015f\u0131n ard\u0131ndan G\u00fcng\u00f6r&#8217;\u00fc yeniden ye\u015fil sahalarda g\u00f6rebilirmiyiz bilmiyorum ama bu i\u015fin kitab\u0131n\u0131 yazan biri olarak kendisinden bir &#8220;Yenilik\u00e7i hareket&#8221; bekliyoruz.  Bu kitapta:  &#8211; AKP&#8217;nin kurulu\u015fundan \u00f6nce ve sonra neler ya\u015fand\u0131\u011f\u0131n\u0131, &#8211; 28 \u015eubat s\u00fcrecinin AKP&#8217;ye destek i\u00e7in y\u00fcr\u00fct\u00fcld\u00fc\u011f\u00fcn\u00fc, &#8211; AKP&#8217;nin Yahudi Lobileri ABD, \u0130ngiltere, \u0130srail deste\u011fiyle kuruldu\u011funu okuyacak, okuduklar\u0131n\u0131z\u0131n \u00e7o\u011funa inanamayacaks\u0131n\u0131z. &#8211; Yahudi lobileriyle i\u00e7i\u00e7e \u00e7al\u0131\u015fan siyasal \u0130slamc\u0131lar, &#8211; Siyasal \u0130slamc\u0131larla kanka olan darbeci pa\u015falar, &#8211; \u00dclkesinin siyaset\u00e7ilerini CIA&#8217;ya pazarlayan cemaat\u00e7iler, &#8211; \u00dclkesinin siyaset\u00e7ilerini Yahudilere pazarlayan K\u00fcrt dan\u0131\u015fmanlar, &#8211; Erkeklere Cuma namaz\u0131 k\u0131ld\u0131ran kad\u0131nlar, &#8211; Kendi ordusunun ba\u015f\u0131na \u00e7uval ge\u00e7irten siyaset\u00e7iler, &#8211; \u0130srail&#8217;in g\u00fcvenli\u011fine, BOP&#8217;un ger\u00e7ekle\u015ftirilmesine, \u0130slam\u0131n Yahudi ve H\u0131ristiyan m\u00fcdahaleleriyle yeniden yorumlanmas\u0131na and i\u00e7en s\u00f6zde M\u00fcsl\u00fcmanlar ve daha neler neler. <\/p>\n","protected":false},"excerpt":{"rendered":"<p>Konumuzla ilgili ilk kitab\u0131 eski Milli G\u00f6r\u00fc\u015f\u00e7\u00fc, yeni AKP&#8217;li Nasuhi G\u00fcng\u00f6r yazm\u0131\u015ft\u0131. Kaderin cilvesine bak\u0131n ki, G\u00fcng\u00f6r&#8217;\u00fcn Siyonizm&#8217;in ve ABD&#8217;nin g\u00fcd\u00fcm\u00fcyle AKP&#8217;yi kurduklar\u0131n\u0131 iddia etti\u011fi kadrolar,<span class=\"excerpt-hellip\"> [\u2026]<\/span><\/p>\n","protected":false},"featured_media":0,"template":"","meta":{"_monsterinsights_skip_tracking":false,"_monsterinsights_sitenote_active":false,"_monsterinsights_sitenote_note":"","_monsterinsights_sitenote_category":0},"product_brand":[],"product_cat":[12337,14543],"product_tag":[],"class_list":{"0":"post-705766","1":"product","2":"type-product","3":"status-publish","5":"product_cat-politika-siyaset","6":"product_cat-turkiye-siyaseti-ve-politikasi","7":"pa_cilt-ciltsiz","8":"pa_tur-kitap","9":"pa_yayinevi-altayli-yayinlari","10":"pa_yazar-bekir-ozturk","12":"first","13":"instock","14":"sale","15":"shipping-taxable","16":"purchasable","17":"product-type-simple"},"_links":{"self":[{"href":"https:\/\/roveyayinevi.com.tr\/index.php\/wp-json\/wp\/v2\/product\/705766","targetHints":{"allow":["GET"]}}],"collection":[{"href":"https:\/\/roveyayinevi.com.tr\/index.php\/wp-json\/wp\/v2\/product"}],"about":[{"href":"https:\/\/roveyayinevi.com.tr\/index.php\/wp-json\/wp\/v2\/types\/product"}],"wp:attachment":[{"href":"https:\/\/roveyayinevi.com.tr\/index.php\/wp-json\/wp\/v2\/media?parent=705766"}],"wp:term":[{"taxonomy":"product_brand","embeddable":true,"href":"https:\/\/roveyayinevi.com.tr\/index.php\/wp-json\/wp\/v2\/product_brand?post=705766"},{"taxonomy":"product_cat","embeddable":true,"href":"https:\/\/roveyayinevi.com.tr\/index.php\/wp-json\/wp\/v2\/product_cat?post=705766"},{"taxonomy":"product_tag","embeddable":true,"href":"https:\/\/roveyayinevi.com.tr\/index.php\/wp-json\/wp\/v2\/product_tag?post=705766"}],"curies":[{"name":"wp","href":"https:\/\/api.w.org\/{rel}","templated":true}]}}