{"id":705765,"date":"2025-08-27T15:49:04","date_gmt":"2025-08-27T12:49:04","guid":{"rendered":"https:\/\/roveyayinevi.com.tr\/index.php\/urun\/amerikadaki-imam\/"},"modified":"2026-04-16T02:14:29","modified_gmt":"2026-04-15T23:14:29","slug":"amerikadaki-imam","status":"publish","type":"product","link":"https:\/\/roveyayinevi.com.tr\/index.php\/urun\/amerikadaki-imam\/","title":{"rendered":"Amerika&#8217;daki \u0130mam"},"content":{"rendered":"<p>7. bask\u0131s\u0131 yap\u0131lan bu kitap da; &#8220;b\u00fcy\u00fck din alimi&#8221; diye yutturulan F etullah G\u00fclen&#8217;in, vaizlik kadrosu almak i\u00e7in Diyanet&#8217;in kendinden istedi\u011fi ve bir ay s\u00fcre verdi\u011fi risalesinde, mezhepleri bilmedi\u011fi, Allah&#8217;\u0131n s\u0131fatlar\u0131ndan habersiz oldu\u011fu, bu nedenle risalesinin kabul edilmedi\u011fini belgeleriyle okuyacaks\u0131n\u0131z&#8230;F etullah&#8217;\u0131n, hocas\u0131n\u0131n o\u011flunu &#8220;Atat\u00fcrk d\u00fc\u015fman\u0131&#8221; diye \u015fikayet etmesine tan\u0131k olacak&#8230;&#8221;Sevgi abidesi&#8221; olarak g\u00f6sterilen, F etullah&#8217;\u0131n kendine destek olanlar dahil, insanlara etti\u011fi beddualar\u0131 \u015fa\u015fk\u0131nl\u0131kla okuyacak&#8230;M\u0130T, CIA ve di\u011fer istihbarat \u00f6rg\u00fctleri ile ba\u011flant\u0131lar\u0131 kar\u015f\u0131s\u0131nda &#8220;bu kadar da olmaz&#8221; diyecek&#8230;F etullah G\u00fclen&#8217;in kerametlerinin \u0130ncil&#8217;den y\u00fcr\u00fct\u00fclme oldu\u011funu g\u00f6r\u00fcnce irkilecek&#8230;G\u00fclen okullar\u0131ndaki tacizleri okuyunca \u015fa\u015f\u0131racaks\u0131n\u0131z&#8230;K\u0131sacas\u0131 elinizdeki kitap da F etullah G\u00fclen&#8217;in d\u00fcn\u00fc, bu g\u00fcn\u00fc ve yar\u0131n\u0131 hakk\u0131nda \u00e7ok ayr\u0131nt\u0131l\u0131 bilgi sahibi olacaks\u0131n\u0131z&#8230; <\/p>\n","protected":false},"excerpt":{"rendered":"<p>7. bask\u0131s\u0131 yap\u0131lan bu kitap da; &#8220;b\u00fcy\u00fck din alimi&#8221; diye yutturulan F etullah G\u00fclen&#8217;in, vaizlik kadrosu almak i\u00e7in Diyanet&#8217;in kendinden istedi\u011fi ve bir ay s\u00fcre verdi\u011fi<span class=\"excerpt-hellip\"> [\u2026]<\/span><\/p>\n","protected":false},"featured_media":0,"template":"","meta":{"_monsterinsights_skip_tracking":false,"_monsterinsights_sitenote_active":false,"_monsterinsights_sitenote_note":"","_monsterinsights_sitenote_category":0},"product_brand":[],"product_cat":[12337,14543],"product_tag":[],"class_list":{"0":"post-705765","1":"product","2":"type-product","3":"status-publish","5":"product_cat-politika-siyaset","6":"product_cat-turkiye-siyaseti-ve-politikasi","7":"pa_cilt-ciltsiz","8":"pa_tur-kitap","9":"pa_yayinevi-altayli-yayinlari","10":"pa_yazar-ergun-poyraz","12":"first","13":"instock","14":"sale","15":"shipping-taxable","16":"purchasable","17":"product-type-simple"},"_links":{"self":[{"href":"https:\/\/roveyayinevi.com.tr\/index.php\/wp-json\/wp\/v2\/product\/705765","targetHints":{"allow":["GET"]}}],"collection":[{"href":"https:\/\/roveyayinevi.com.tr\/index.php\/wp-json\/wp\/v2\/product"}],"about":[{"href":"https:\/\/roveyayinevi.com.tr\/index.php\/wp-json\/wp\/v2\/types\/product"}],"wp:attachment":[{"href":"https:\/\/roveyayinevi.com.tr\/index.php\/wp-json\/wp\/v2\/media?parent=705765"}],"wp:term":[{"taxonomy":"product_brand","embeddable":true,"href":"https:\/\/roveyayinevi.com.tr\/index.php\/wp-json\/wp\/v2\/product_brand?post=705765"},{"taxonomy":"product_cat","embeddable":true,"href":"https:\/\/roveyayinevi.com.tr\/index.php\/wp-json\/wp\/v2\/product_cat?post=705765"},{"taxonomy":"product_tag","embeddable":true,"href":"https:\/\/roveyayinevi.com.tr\/index.php\/wp-json\/wp\/v2\/product_tag?post=705765"}],"curies":[{"name":"wp","href":"https:\/\/api.w.org\/{rel}","templated":true}]}}