{"id":705759,"date":"2025-08-27T15:49:01","date_gmt":"2025-08-27T12:49:01","guid":{"rendered":"https:\/\/roveyayinevi.com.tr\/index.php\/urun\/niteliksiz-adam-2\/"},"modified":"2026-04-16T02:14:29","modified_gmt":"2026-04-15T23:14:29","slug":"niteliksiz-adam-2","status":"publish","type":"product","link":"https:\/\/roveyayinevi.com.tr\/index.php\/urun\/niteliksiz-adam-2\/","title":{"rendered":"Niteliksiz Adam 2"},"content":{"rendered":"<p>Avusturyal\u0131 yazar Robert Musil\u2019in (1880-1942) Niteliksiz Adam ba\u015fl\u0131kl\u0131 dev roman\u0131, g\u00fcn\u00fcm\u00fczde modernizmin roman alan\u0131ndaki birka\u00e7 ba\u015fyap\u0131t\u0131ndan biri say\u0131lmaktad\u0131r. \ufffcTan\u0131t\u0131m Metni<\/p>\n","protected":false},"excerpt":{"rendered":"<p>Avusturyal\u0131 yazar Robert Musil\u2019in (1880-1942) Niteliksiz Adam ba\u015fl\u0131kl\u0131 dev roman\u0131, g\u00fcn\u00fcm\u00fczde modernizmin roman alan\u0131ndaki birka\u00e7 ba\u015fyap\u0131t\u0131ndan biri say\u0131lmaktad\u0131r. \ufffcTan\u0131t\u0131m Metni<\/p>\n","protected":false},"featured_media":0,"template":"","meta":{"_monsterinsights_skip_tracking":false,"_monsterinsights_sitenote_active":false,"_monsterinsights_sitenote_note":"","_monsterinsights_sitenote_category":0},"product_brand":[],"product_cat":[12782,12291],"product_tag":[],"class_list":{"0":"post-705759","1":"product","2":"type-product","3":"status-publish","5":"product_cat-alman-edebiyati","6":"product_cat-edebiyat","7":"pa_cilt-ciltsiz","8":"pa_tur-kitap","9":"pa_yayinevi-yapi-kredi-yayinlari","10":"pa_yazar-robert-musil","12":"first","13":"instock","14":"sale","15":"shipping-taxable","16":"purchasable","17":"product-type-simple"},"_links":{"self":[{"href":"https:\/\/roveyayinevi.com.tr\/index.php\/wp-json\/wp\/v2\/product\/705759","targetHints":{"allow":["GET"]}}],"collection":[{"href":"https:\/\/roveyayinevi.com.tr\/index.php\/wp-json\/wp\/v2\/product"}],"about":[{"href":"https:\/\/roveyayinevi.com.tr\/index.php\/wp-json\/wp\/v2\/types\/product"}],"wp:attachment":[{"href":"https:\/\/roveyayinevi.com.tr\/index.php\/wp-json\/wp\/v2\/media?parent=705759"}],"wp:term":[{"taxonomy":"product_brand","embeddable":true,"href":"https:\/\/roveyayinevi.com.tr\/index.php\/wp-json\/wp\/v2\/product_brand?post=705759"},{"taxonomy":"product_cat","embeddable":true,"href":"https:\/\/roveyayinevi.com.tr\/index.php\/wp-json\/wp\/v2\/product_cat?post=705759"},{"taxonomy":"product_tag","embeddable":true,"href":"https:\/\/roveyayinevi.com.tr\/index.php\/wp-json\/wp\/v2\/product_tag?post=705759"}],"curies":[{"name":"wp","href":"https:\/\/api.w.org\/{rel}","templated":true}]}}