{"id":705758,"date":"2025-08-27T15:49:01","date_gmt":"2025-08-27T12:49:01","guid":{"rendered":"https:\/\/roveyayinevi.com.tr\/index.php\/urun\/dervisin-akli\/"},"modified":"2026-04-16T02:14:29","modified_gmt":"2026-04-15T23:14:29","slug":"dervisin-akli","status":"publish","type":"product","link":"https:\/\/roveyayinevi.com.tr\/index.php\/urun\/dervisin-akli\/","title":{"rendered":"Dervi\u015f&#8217;in Akl\u0131"},"content":{"rendered":"<p>Prof. Ahmet Dervi\u015fo\u011flu ile Sohbetler Bu kitapta, okulu olmayan Ak\u00e7ap\u0131nar k\u00f6y\u00fcnden bilge bir baban\u0131n inanc\u0131yla yola \u00e7\u0131karak okumaya ba\u015flam\u0131\u015f, \u00f6\u011frenci olarak girdi\u011fi \u0130stanbul Teknik \u00dcniversitesi Elektrik Fak\u00fcltesi\u2019nde profes\u00f6r olmu\u015f, Berkeley\u2019deki Kaliforniya \u00dcniversitesi\u2019nde \u00fc\u00e7 y\u0131l ara\u015ft\u0131rmalar yapm\u0131\u015f ve dersler vermi\u015f, sonras\u0131nda T\u00fcrkiye\u2019ye d\u00f6n\u00fcp mezun oldu\u011fu fak\u00fcltede dokuz y\u0131l dekanl\u0131k yapm\u0131\u015f dostum Ahmet Dervi\u015fo\u011flu\u2019yla sohbet ettim. Ama bu sohbetlerin amac\u0131, Ahmet Dervi\u015fo\u011flu\u2019nun akademik ba\u015far\u0131lar\u0131ndan \u00e7ok, de\u011ferlerini, ya\u015fama bak\u0131\u015f tarz\u0131n\u0131, insan sevgisini sizlere aktarmakt\u0131. Bug\u00fcn seksen ya\u015f\u0131nda olsa da, i\u00e7indeki \u00e7ocu\u011fu dipdiri korumay\u0131 ba\u015farm\u0131\u015f, g\u00f6zleri \u0131\u015f\u0131l \u0131\u015f\u0131l bakan bir insandan \u00f6\u011frenilecek bir \u015feyler olmal\u0131, diye d\u00fc\u015f\u00fcnd\u00fcm. Sohbetimizde \ufffcTan\u0131t\u0131m Metni<\/p>\n","protected":false},"excerpt":{"rendered":"<p>Prof. Ahmet Dervi\u015fo\u011flu ile Sohbetler Bu kitapta, okulu olmayan Ak\u00e7ap\u0131nar k\u00f6y\u00fcnden bilge bir baban\u0131n inanc\u0131yla yola \u00e7\u0131karak okumaya ba\u015flam\u0131\u015f, \u00f6\u011frenci olarak girdi\u011fi \u0130stanbul Teknik \u00dcniversitesi Elektrik<span class=\"excerpt-hellip\"> [\u2026]<\/span><\/p>\n","protected":false},"featured_media":0,"template":"","meta":{"_monsterinsights_skip_tracking":false,"_monsterinsights_sitenote_active":false,"_monsterinsights_sitenote_note":"","_monsterinsights_sitenote_category":0},"product_brand":[],"product_cat":[13701,12291],"product_tag":[],"class_list":{"0":"post-705758","1":"product","2":"type-product","3":"status-publish","5":"product_cat-ani-mektup-gunluk","6":"product_cat-edebiyat","7":"pa_cilt-ciltsiz","8":"pa_tur-kitap","9":"pa_yayinevi-remzi-kitabevi","10":"pa_yazar-dogan-cuceloglu","12":"first","13":"instock","14":"sale","15":"shipping-taxable","16":"purchasable","17":"product-type-simple"},"_links":{"self":[{"href":"https:\/\/roveyayinevi.com.tr\/index.php\/wp-json\/wp\/v2\/product\/705758","targetHints":{"allow":["GET"]}}],"collection":[{"href":"https:\/\/roveyayinevi.com.tr\/index.php\/wp-json\/wp\/v2\/product"}],"about":[{"href":"https:\/\/roveyayinevi.com.tr\/index.php\/wp-json\/wp\/v2\/types\/product"}],"wp:attachment":[{"href":"https:\/\/roveyayinevi.com.tr\/index.php\/wp-json\/wp\/v2\/media?parent=705758"}],"wp:term":[{"taxonomy":"product_brand","embeddable":true,"href":"https:\/\/roveyayinevi.com.tr\/index.php\/wp-json\/wp\/v2\/product_brand?post=705758"},{"taxonomy":"product_cat","embeddable":true,"href":"https:\/\/roveyayinevi.com.tr\/index.php\/wp-json\/wp\/v2\/product_cat?post=705758"},{"taxonomy":"product_tag","embeddable":true,"href":"https:\/\/roveyayinevi.com.tr\/index.php\/wp-json\/wp\/v2\/product_tag?post=705758"}],"curies":[{"name":"wp","href":"https:\/\/api.w.org\/{rel}","templated":true}]}}