{"id":705753,"date":"2025-08-27T15:48:59","date_gmt":"2025-08-27T12:48:59","guid":{"rendered":"https:\/\/roveyayinevi.com.tr\/index.php\/urun\/cagdas-sanat-muzeleri\/"},"modified":"2026-04-16T02:14:29","modified_gmt":"2026-04-15T23:14:29","slug":"cagdas-sanat-muzeleri","status":"publish","type":"product","link":"https:\/\/roveyayinevi.com.tr\/index.php\/urun\/cagdas-sanat-muzeleri\/","title":{"rendered":"\u00c7a\u011fda\u015f Sanat M\u00fczeleri"},"content":{"rendered":"<p>Turizmi canland\u0131rma, hizmet sekt\u00f6r\u00fcn\u00fc hareketlendirme, kentlerin kenar mahallelerini \u0131slah etme ve d\u00fc\u015f\u00fc\u015fe ge\u00e7mi\u015f kentleri aya\u011fa kald\u0131rma gibi etkileri olan \u00e7a\u011fda\u015f sanat m\u00fczeleri pek \u00e7ok \u00fclkede desteklenen kurumlar. <\/p>\n","protected":false},"excerpt":{"rendered":"<p>Turizmi canland\u0131rma, hizmet sekt\u00f6r\u00fcn\u00fc hareketlendirme, kentlerin kenar mahallelerini \u0131slah etme ve d\u00fc\u015f\u00fc\u015fe ge\u00e7mi\u015f kentleri aya\u011fa kald\u0131rma gibi etkileri olan \u00e7a\u011fda\u015f sanat m\u00fczeleri pek \u00e7ok \u00fclkede desteklenen<span class=\"excerpt-hellip\"> [\u2026]<\/span><\/p>\n","protected":false},"featured_media":0,"template":"","meta":{"_monsterinsights_skip_tracking":false,"_monsterinsights_sitenote_active":false,"_monsterinsights_sitenote_note":"","_monsterinsights_sitenote_category":0},"product_brand":[],"product_cat":[12408],"product_tag":[],"class_list":{"0":"post-705753","1":"product","2":"type-product","3":"status-publish","5":"product_cat-sanat","6":"pa_tur-kitap","7":"pa_yayinevi-koc-universitesi-yayinlari","8":"pa_yazar-j-pedro-lorente","10":"first","11":"instock","12":"sale","13":"shipping-taxable","14":"purchasable","15":"product-type-simple"},"_links":{"self":[{"href":"https:\/\/roveyayinevi.com.tr\/index.php\/wp-json\/wp\/v2\/product\/705753","targetHints":{"allow":["GET"]}}],"collection":[{"href":"https:\/\/roveyayinevi.com.tr\/index.php\/wp-json\/wp\/v2\/product"}],"about":[{"href":"https:\/\/roveyayinevi.com.tr\/index.php\/wp-json\/wp\/v2\/types\/product"}],"wp:attachment":[{"href":"https:\/\/roveyayinevi.com.tr\/index.php\/wp-json\/wp\/v2\/media?parent=705753"}],"wp:term":[{"taxonomy":"product_brand","embeddable":true,"href":"https:\/\/roveyayinevi.com.tr\/index.php\/wp-json\/wp\/v2\/product_brand?post=705753"},{"taxonomy":"product_cat","embeddable":true,"href":"https:\/\/roveyayinevi.com.tr\/index.php\/wp-json\/wp\/v2\/product_cat?post=705753"},{"taxonomy":"product_tag","embeddable":true,"href":"https:\/\/roveyayinevi.com.tr\/index.php\/wp-json\/wp\/v2\/product_tag?post=705753"}],"curies":[{"name":"wp","href":"https:\/\/api.w.org\/{rel}","templated":true}]}}