{"id":705752,"date":"2025-08-27T15:48:58","date_gmt":"2025-08-27T12:48:58","guid":{"rendered":"https:\/\/roveyayinevi.com.tr\/index.php\/urun\/imparatorluk-simsarlari\/"},"modified":"2026-04-16T02:14:29","modified_gmt":"2026-04-15T23:14:29","slug":"imparatorluk-simsarlari","status":"publish","type":"product","link":"https:\/\/roveyayinevi.com.tr\/index.php\/urun\/imparatorluk-simsarlari\/","title":{"rendered":"\u0130mparatorluk Simsarlar\u0131"},"content":{"rendered":"<p>\u0130mparatorluk Simsarlar\u0131\u2019nda E. Natalie Rothman, s\u00f6m\u00fcrge g\u00f6\u00e7menleri, azad edilmi\u015f k\u00f6leler, t\u00fcccarlar, simsarlar, m\u00fchtediler ve siyasi terc\u00fcmanlar gibi, erken modern Venedik-Osmanl\u0131 s\u0131n\u0131r\u0131n\u0131 d\u00fczenli olarak ge\u00e7enlerin kesi\u015fen d\u00fcnyalar\u0131n\u0131 inceliyor. Dil, din ve siyaset \u00e7izgilerini s\u00fcrekli a\u015fan etkile\u015fimlerinde bu imparatorluk a\u015f\u0131r\u0131 tebaa, Avrupa\u2019yla Levant aras\u0131nda yeni ortaya \u00e7\u0131kan ayr\u0131m da dahil olmak \u00fczere, emperyal ve k\u00fclt\u00fcrel s\u0131n\u0131rlar\u0131n \u015fekil de\u011fi\u015ftirmesine yard\u0131mc\u0131 olmu\u015ftur. <\/p>\n","protected":false},"excerpt":{"rendered":"<p>\u0130mparatorluk Simsarlar\u0131\u2019nda E. Natalie Rothman, s\u00f6m\u00fcrge g\u00f6\u00e7menleri, azad edilmi\u015f k\u00f6leler, t\u00fcccarlar, simsarlar, m\u00fchtediler ve siyasi terc\u00fcmanlar gibi, erken modern Venedik-Osmanl\u0131 s\u0131n\u0131r\u0131n\u0131 d\u00fczenli olarak ge\u00e7enlerin kesi\u015fen d\u00fcnyalar\u0131n\u0131<span class=\"excerpt-hellip\"> [\u2026]<\/span><\/p>\n","protected":false},"featured_media":0,"template":"","meta":{"_monsterinsights_skip_tracking":false,"_monsterinsights_sitenote_active":false,"_monsterinsights_sitenote_note":"","_monsterinsights_sitenote_category":0},"product_brand":[],"product_cat":[12370,12304],"product_tag":[],"class_list":{"0":"post-705752","1":"product","2":"type-product","3":"status-publish","5":"product_cat-arastirma-inceleme","6":"product_cat-tarih","7":"pa_tur-kitap","8":"pa_yayinevi-koc-universitesi-yayinlari","9":"pa_yazar-e-natalie-rothman","11":"first","12":"instock","13":"sale","14":"shipping-taxable","15":"purchasable","16":"product-type-simple"},"_links":{"self":[{"href":"https:\/\/roveyayinevi.com.tr\/index.php\/wp-json\/wp\/v2\/product\/705752","targetHints":{"allow":["GET"]}}],"collection":[{"href":"https:\/\/roveyayinevi.com.tr\/index.php\/wp-json\/wp\/v2\/product"}],"about":[{"href":"https:\/\/roveyayinevi.com.tr\/index.php\/wp-json\/wp\/v2\/types\/product"}],"wp:attachment":[{"href":"https:\/\/roveyayinevi.com.tr\/index.php\/wp-json\/wp\/v2\/media?parent=705752"}],"wp:term":[{"taxonomy":"product_brand","embeddable":true,"href":"https:\/\/roveyayinevi.com.tr\/index.php\/wp-json\/wp\/v2\/product_brand?post=705752"},{"taxonomy":"product_cat","embeddable":true,"href":"https:\/\/roveyayinevi.com.tr\/index.php\/wp-json\/wp\/v2\/product_cat?post=705752"},{"taxonomy":"product_tag","embeddable":true,"href":"https:\/\/roveyayinevi.com.tr\/index.php\/wp-json\/wp\/v2\/product_tag?post=705752"}],"curies":[{"name":"wp","href":"https:\/\/api.w.org\/{rel}","templated":true}]}}