{"id":705751,"date":"2025-08-27T15:48:58","date_gmt":"2025-08-27T12:48:58","guid":{"rendered":"https:\/\/roveyayinevi.com.tr\/index.php\/urun\/bulutlar-prensi-1-blueberry\/"},"modified":"2025-11-06T03:50:56","modified_gmt":"2025-11-06T00:50:56","slug":"bulutlar-prensi-1-blueberry","status":"publish","type":"product","link":"https:\/\/roveyayinevi.com.tr\/index.php\/urun\/bulutlar-prensi-1-blueberry\/","title":{"rendered":"Bulutlar Prensi 1 &#8211; Blueberry"},"content":{"rendered":"<p>Tristam Drake okyanusun 2000 metre \u00fcst\u00fcnde bulunan Blueberry ad\u0131ndaki bir bulutta ya\u015famaktad\u0131r. Ac\u0131mas\u0131z Tiran\u2019\u0131n i\u015fgal etti\u011fi Kuzey Bulutlar\u0131 Krall\u0131\u011f\u0131\u2019n\u0131n m\u00fcstakbel prensesi Myrtille de bu bulutta olacaklardan habersiz hayat\u0131n\u0131 s\u00fcrd\u00fcrmektedir. \ufffcTan\u0131t\u0131m Metni<\/p>\n","protected":false},"excerpt":{"rendered":"<p>Tristam Drake okyanusun 2000 metre \u00fcst\u00fcnde bulunan Blueberry ad\u0131ndaki bir bulutta ya\u015famaktad\u0131r. Ac\u0131mas\u0131z Tiran\u2019\u0131n i\u015fgal etti\u011fi Kuzey Bulutlar\u0131 Krall\u0131\u011f\u0131\u2019n\u0131n m\u00fcstakbel prensesi Myrtille de bu bulutta olacaklardan<span class=\"excerpt-hellip\"> [\u2026]<\/span><\/p>\n","protected":false},"featured_media":0,"template":"","meta":{"_monsterinsights_skip_tracking":false,"_monsterinsights_sitenote_active":false,"_monsterinsights_sitenote_note":"","_monsterinsights_sitenote_category":0},"product_brand":[],"product_cat":[12274,12284],"product_tag":[],"class_list":{"0":"post-705751","1":"product","2":"type-product","3":"status-publish","5":"product_cat-cocuk-ve-genclik-kitaplari","6":"product_cat-hikayeler","7":"pa_cilt-ciltsiz","8":"pa_tur-kitap","9":"pa_yayinevi-yapi-kredi-yayinlari","10":"pa_yazar-christophe-galfard","12":"first","13":"instock","14":"sale","15":"shipping-taxable","16":"purchasable","17":"product-type-simple"},"_links":{"self":[{"href":"https:\/\/roveyayinevi.com.tr\/index.php\/wp-json\/wp\/v2\/product\/705751","targetHints":{"allow":["GET"]}}],"collection":[{"href":"https:\/\/roveyayinevi.com.tr\/index.php\/wp-json\/wp\/v2\/product"}],"about":[{"href":"https:\/\/roveyayinevi.com.tr\/index.php\/wp-json\/wp\/v2\/types\/product"}],"wp:attachment":[{"href":"https:\/\/roveyayinevi.com.tr\/index.php\/wp-json\/wp\/v2\/media?parent=705751"}],"wp:term":[{"taxonomy":"product_brand","embeddable":true,"href":"https:\/\/roveyayinevi.com.tr\/index.php\/wp-json\/wp\/v2\/product_brand?post=705751"},{"taxonomy":"product_cat","embeddable":true,"href":"https:\/\/roveyayinevi.com.tr\/index.php\/wp-json\/wp\/v2\/product_cat?post=705751"},{"taxonomy":"product_tag","embeddable":true,"href":"https:\/\/roveyayinevi.com.tr\/index.php\/wp-json\/wp\/v2\/product_tag?post=705751"}],"curies":[{"name":"wp","href":"https:\/\/api.w.org\/{rel}","templated":true}]}}