{"id":705750,"date":"2025-08-27T15:48:57","date_gmt":"2025-08-27T12:48:57","guid":{"rendered":"https:\/\/roveyayinevi.com.tr\/index.php\/urun\/beni-en-cok-kim-seviyor\/"},"modified":"2026-04-16T02:14:29","modified_gmt":"2026-04-15T23:14:29","slug":"beni-en-cok-kim-seviyor","status":"publish","type":"product","link":"https:\/\/roveyayinevi.com.tr\/index.php\/urun\/beni-en-cok-kim-seviyor\/","title":{"rendered":"Beni En \u00c7ok Kim Seviyor?"},"content":{"rendered":"<p>Ufakl\u0131k, do\u011fdu\u011fu g\u00fcnden itibaren ba\u015f\u0131ndan ge\u00e7en \u00f6nemli olaylar\u0131 yazmaya devam ediyor. \u015eimdiden iki defter bitirdi bile! Yeni deftere ge\u00e7ti\u011finde ailesi, arkada\u015flar\u0131 ve \u00f6\u011fretmenleri de ona yard\u0131mc\u0131 oluyor, yine ilgin\u00e7 an\u0131lar sayfalar\u0131 dolduruyor. Bu kez e\u011flenceli anlat\u0131m\u0131yla Ufakl\u0131k sizleri yanl\u0131\u015fl\u0131kla kat\u0131ld\u0131\u011f\u0131 ilk \u00e7evreci eylemden en yak\u0131n arkada\u015f\u0131n\u0131n kaza ge\u00e7irmesine, televizyona ba\u011f\u0131ml\u0131 oldu\u011fu g\u00fcnlerden Sezen Aksu\u2019yla birlikte yapt\u0131\u011f\u0131 bir gemi yolcu\u011funa g\u00f6t\u00fcr\u00fcyor. Tabii ki bir yandan da g\u00fcnl\u00fc\u011f\u00fcn\u00fc okumaya \u00e7al\u0131\u015fanlarla u\u011fra\u015fmas\u0131 gerekiyor! <\/p>\n","protected":false},"excerpt":{"rendered":"<p>Ufakl\u0131k, do\u011fdu\u011fu g\u00fcnden itibaren ba\u015f\u0131ndan ge\u00e7en \u00f6nemli olaylar\u0131 yazmaya devam ediyor. \u015eimdiden iki defter bitirdi bile! Yeni deftere ge\u00e7ti\u011finde ailesi, arkada\u015flar\u0131 ve \u00f6\u011fretmenleri de ona yard\u0131mc\u0131<span class=\"excerpt-hellip\"> [\u2026]<\/span><\/p>\n","protected":false},"featured_media":0,"template":"","meta":{"_monsterinsights_skip_tracking":false,"_monsterinsights_sitenote_active":false,"_monsterinsights_sitenote_note":"","_monsterinsights_sitenote_category":0},"product_brand":[],"product_cat":[12274,12284],"product_tag":[],"class_list":{"0":"post-705750","1":"product","2":"type-product","3":"status-publish","5":"product_cat-cocuk-ve-genclik-kitaplari","6":"product_cat-hikayeler","7":"pa_tur-kitap","8":"pa_yayinevi-kirmizi-kedi-yayinevi","9":"pa_yazar-arslan-sayman","11":"first","12":"instock","13":"sale","14":"shipping-taxable","15":"purchasable","16":"product-type-simple"},"_links":{"self":[{"href":"https:\/\/roveyayinevi.com.tr\/index.php\/wp-json\/wp\/v2\/product\/705750","targetHints":{"allow":["GET"]}}],"collection":[{"href":"https:\/\/roveyayinevi.com.tr\/index.php\/wp-json\/wp\/v2\/product"}],"about":[{"href":"https:\/\/roveyayinevi.com.tr\/index.php\/wp-json\/wp\/v2\/types\/product"}],"wp:attachment":[{"href":"https:\/\/roveyayinevi.com.tr\/index.php\/wp-json\/wp\/v2\/media?parent=705750"}],"wp:term":[{"taxonomy":"product_brand","embeddable":true,"href":"https:\/\/roveyayinevi.com.tr\/index.php\/wp-json\/wp\/v2\/product_brand?post=705750"},{"taxonomy":"product_cat","embeddable":true,"href":"https:\/\/roveyayinevi.com.tr\/index.php\/wp-json\/wp\/v2\/product_cat?post=705750"},{"taxonomy":"product_tag","embeddable":true,"href":"https:\/\/roveyayinevi.com.tr\/index.php\/wp-json\/wp\/v2\/product_tag?post=705750"}],"curies":[{"name":"wp","href":"https:\/\/api.w.org\/{rel}","templated":true}]}}