{"id":705747,"date":"2025-08-27T15:48:56","date_gmt":"2025-08-27T12:48:56","guid":{"rendered":"https:\/\/roveyayinevi.com.tr\/index.php\/urun\/kanunilik-ve-mesruiyet\/"},"modified":"2026-04-16T02:14:29","modified_gmt":"2026-04-15T23:14:29","slug":"kanunilik-ve-mesruiyet","status":"publish","type":"product","link":"https:\/\/roveyayinevi.com.tr\/index.php\/urun\/kanunilik-ve-mesruiyet\/","title":{"rendered":"Kanunilik ve Me\u015fruiyet"},"content":{"rendered":"<p>Hukuk ve siyaset kuram\u0131 alanlar\u0131nda 20. y\u00fczy\u0131l\u0131n en \u00f6nde gelen isimlerinden biri olan Carl Schmitt\u2019in elinizdeki kitab\u0131 1932 tarihli olmakla birlikte, \u201cba\u015fkanl\u0131k sistemi\u201d tart\u0131\u015fmalar\u0131n\u0131n g\u00fcndemden d\u00fc\u015fmedi\u011fi g\u00fcn\u00fcm\u00fczde de ola\u011fan\u00fcst\u00fc \u00f6nemini koruyor. \u201cSonras\u0131nda hakikat intikam\u0131n\u0131 alacakt\u0131r\u201d c\u00fcmlesiyle biten Kanunilik ve Me\u015fruiyet\u2019i dilimize Mehmet Cemil Ozans\u00fc \u00e7evirdi. Ozans\u00fc\u2019n\u00fcn, metni hem tarihsel ba\u011flam\u0131 hem de i\u00e7eri\u011fiyle de\u011ferlendiren doyurucu sunu\u015f yaz\u0131s\u0131n\u0131n da okurlar\u0131n ilgisini \u00e7ekece\u011fini d\u00fc\u015f\u00fcn\u00fcyoruz. \ufffcTan\u0131t\u0131m Metni<\/p>\n","protected":false},"excerpt":{"rendered":"<p>Hukuk ve siyaset kuram\u0131 alanlar\u0131nda 20. y\u00fczy\u0131l\u0131n en \u00f6nde gelen isimlerinden biri olan Carl Schmitt\u2019in elinizdeki kitab\u0131 1932 tarihli olmakla birlikte, \u201cba\u015fkanl\u0131k sistemi\u201d tart\u0131\u015fmalar\u0131n\u0131n g\u00fcndemden d\u00fc\u015fmedi\u011fi<span class=\"excerpt-hellip\"> [\u2026]<\/span><\/p>\n","protected":false},"featured_media":0,"template":"","meta":{"_monsterinsights_skip_tracking":false,"_monsterinsights_sitenote_active":false,"_monsterinsights_sitenote_note":"","_monsterinsights_sitenote_category":0},"product_brand":[],"product_cat":[13590,12337],"product_tag":[],"class_list":{"0":"post-705747","1":"product","2":"type-product","3":"status-publish","5":"product_cat-arastirma-inceleme-politika-siyaset","6":"product_cat-politika-siyaset","7":"pa_cilt-ciltsiz","8":"pa_tur-kitap","9":"pa_yayinevi-ithaki-yayinlari","10":"pa_yazar-carl-schmitt","12":"first","13":"instock","14":"sale","15":"shipping-taxable","16":"purchasable","17":"product-type-simple"},"_links":{"self":[{"href":"https:\/\/roveyayinevi.com.tr\/index.php\/wp-json\/wp\/v2\/product\/705747","targetHints":{"allow":["GET"]}}],"collection":[{"href":"https:\/\/roveyayinevi.com.tr\/index.php\/wp-json\/wp\/v2\/product"}],"about":[{"href":"https:\/\/roveyayinevi.com.tr\/index.php\/wp-json\/wp\/v2\/types\/product"}],"wp:attachment":[{"href":"https:\/\/roveyayinevi.com.tr\/index.php\/wp-json\/wp\/v2\/media?parent=705747"}],"wp:term":[{"taxonomy":"product_brand","embeddable":true,"href":"https:\/\/roveyayinevi.com.tr\/index.php\/wp-json\/wp\/v2\/product_brand?post=705747"},{"taxonomy":"product_cat","embeddable":true,"href":"https:\/\/roveyayinevi.com.tr\/index.php\/wp-json\/wp\/v2\/product_cat?post=705747"},{"taxonomy":"product_tag","embeddable":true,"href":"https:\/\/roveyayinevi.com.tr\/index.php\/wp-json\/wp\/v2\/product_tag?post=705747"}],"curies":[{"name":"wp","href":"https:\/\/api.w.org\/{rel}","templated":true}]}}